{"id":4148,"date":"2026-03-04T07:54:48","date_gmt":"2026-03-04T07:54:48","guid":{"rendered":"https:\/\/www.ytrollformingmachine.com\/?page_id=4148"},"modified":"2026-03-10T14:56:17","modified_gmt":"2026-03-10T14:56:17","slug":"customized-service","status":"publish","type":"page","link":"https:\/\/www.ytrollformingmachine.com\/vi\/customized-service\/","title":{"rendered":"D\u1ecbch v\u1ee5 theo y\u00eau c\u1ea7u"},"content":{"rendered":"<div data-elementor-type=\"wp-page\" data-elementor-id=\"4148\" class=\"elementor elementor-4148\" data-elementor-post-type=\"page\">\n\t\t\t\t<div class=\"elementor-element elementor-element-5ea0b3a e-flex e-con-boxed e-con e-parent\" data-id=\"5ea0b3a\" data-element_type=\"container\" data-e-type=\"container\">\n\t\t\t\t\t<div class=\"e-con-inner\">\n\t\t\t\t<div class=\"elementor-element elementor-element-6e4b52d elementor-widget elementor-widget-heading\" data-id=\"6e4b52d\" data-element_type=\"widget\" data-e-type=\"widget\" data-widget_type=\"heading.default\">\n\t\t\t\t\t<h2 class=\"elementor-heading-title elementor-size-default\">D\u1ecbch v\u1ee5 theo y\u00eau c\u1ea7u\n<\/h2>\t\t\t\t<\/div>\n\t\t\t\t<div class=\"elementor-element elementor-element-81013de elementor-widget elementor-widget-text-editor\" data-id=\"81013de\" data-element_type=\"widget\" data-e-type=\"widget\" data-widget_type=\"text-editor.default\">\n\t\t\t\t\t\t\t\t\t<p>Ch\u00fang t\u00f4i chuy\u00ean cung c\u1ea5p c\u00e1c gi\u1ea3i ph\u00e1p to\u00e0n di\u1ec7n v\u00e0 \u0111\u01b0\u1ee3c thi\u1ebft k\u1ebf ri\u00eang cho c\u00e1c lo\u1ea1i thanh kim lo\u1ea1i \u0111\u1ecbnh h\u00ecnh ngu\u1ed9i.<\/p><p><strong>Nh\u1eefng l\u1ee3i \u00edch ch\u00ednh c\u1ee7a vi\u1ec7c t\u00f9y ch\u1ec9nh<\/strong>:<\/p><p>1. Ph\u1ea3n h\u1ed3i linh ho\u1ea1t: Ph\u00e1t tri\u1ec3n khu\u00f4n m\u1eabu nhanh ch\u00f3ng d\u1ef1a tr\u00ean b\u1ea3n v\u1ebd ho\u1eb7c m\u1eabu c\u1ee7a qu\u00fd kh\u00e1ch \u0111\u1ec3 s\u1ea3n xu\u1ea5t c\u00e1c chi ti\u1ebft kh\u00f4ng theo ti\u00eau chu\u1ea9n c\u00f3 h\u00ecnh d\u1ea1ng ph\u1ee9c t\u1ea1p.<br \/>2. H\u1ee3p t\u00e1c hi\u1ec7u qu\u1ea3: \u0110\u1ed9i ng\u0169 c\u1ee7a ch\u00fang t\u00f4i cung c\u1ea5p d\u1ecbch v\u1ee5 h\u1ed7 tr\u1ee3 k\u1ef9 thu\u1eadt to\u00e0n di\u1ec7n \u2014 t\u1eeb vi\u1ec7c l\u1ef1a ch\u1ecdn v\u1eadt li\u1ec7u v\u00e0 t\u1ed1i \u01b0u h\u00f3a c\u1ea5u tr\u00fac \u0111\u1ebfn quy tr\u00ecnh s\u1ea3n xu\u1ea5t \u2014 nh\u1eb1m \u0111\u1ea3m b\u1ea3o ch\u1ea5t l\u01b0\u1ee3ng s\u1ea3n ph\u1ea9m t\u1ed1i \u01b0u.<br \/>3. Chi ph\u00ed v\u00e0 hi\u1ec7u qu\u1ea3: Quy tr\u00ecnh t\u1ea1o h\u00ecnh cu\u1ed9n li\u00ean t\u1ee5c gi\u00fap gi\u1ea3m \u0111\u00e1ng k\u1ec3 chi ph\u00ed \u0111\u01a1n v\u1ecb v\u00e0 l\u01b0\u1ee3ng ph\u1ebf li\u1ec7u, \u0111\u1eb7c bi\u1ec7t ph\u00f9 h\u1ee3p v\u1edbi s\u1ea3n xu\u1ea5t theo \u0111\u01a1n \u0111\u1eb7t h\u00e0ng quy m\u00f4 v\u1eeba v\u00e0 l\u1edbn.<\/p><p><strong>\u1ee8ng d\u1ee5ng \u0111a d\u1ea1ng:<\/strong><br \/>D\u00f9 b\u1ea1n ho\u1ea1t \u0111\u1ed9ng trong l\u0129nh v\u1ef1c n\u00e0o, ch\u00fang t\u00f4i c\u0169ng h\u1ed7 tr\u1ee3 m\u1ecdi \u1ee9ng d\u1ee5ng li\u00ean quan \u0111\u1ebfn c\u00e1c b\u1ed9 ph\u1eadn k\u1ebft c\u1ea5u kim lo\u1ea1i. C\u00e1c \u1ee9ng d\u1ee5ng \u0111i\u1ec3n h\u00ecnh bao g\u1ed3m:<\/p><p>\u00b7 N\u0103ng l\u01b0\u1ee3ng xanh: H\u1ec7 th\u1ed1ng gi\u00e1 \u0111\u1ee1 pin m\u1eb7t tr\u1eddi thi\u1ebft k\u1ebf theo y\u00eau c\u1ea7u v\u00e0 c\u00e1c b\u1ed9 ph\u1eadn theo d\u00f5i m\u1eb7t tr\u1eddi.<br \/>\u00b7 Ho\u00e0n thi\u1ec7n ki\u1ebfn tr\u00fac: Khung t\u01b0\u1eddng r\u00e8m, c\u00e1c lo\u1ea1i t\u1ea5m \u1ed1p m\u00e1i\/t\u01b0\u1eddng thi\u1ebft k\u1ebf ri\u00eang, k\u1ebft c\u1ea5u th\u00e9p nh\u1eb9.<br \/>\u00b7 \u00d4 t\u00f4 &amp; Logistics: Khung g\u1ea7m xe, k\u1ec7 kho, thanh d\u1eabn h\u01b0\u1edbng h\u1ec7 th\u1ed1ng b\u0103ng t\u1ea3i.<br \/>\u00b7 H\u1ea1 t\u1ea7ng: Lan can, tr\u1ee5 c\u1ea7u, \u1ed1ng th\u00f4ng gi\u00f3, v.v.<\/p><p>H\u00e3y g\u1eedi c\u00e1c \u00fd t\u01b0\u1edfng thi\u1ebft k\u1ebf ho\u1eb7c m\u1eabu s\u1ea3n ph\u1ea9m c\u1ee7a qu\u00fd kh\u00e1ch cho ch\u00fang t\u00f4i, v\u00e0 ch\u00fang t\u00f4i s\u1ebd bi\u1ebfn t\u1ea7m nh\u00ecn c\u1ee7a qu\u00fd kh\u00e1ch th\u00e0nh nh\u1eefng s\u1ea3n ph\u1ea9m \u0111\u00e1ng tin c\u1eady v\u1edbi \u0111\u1ed9 ch\u00ednh x\u00e1c cao.<\/p>\t\t\t\t\t\t\t\t<\/div>\n\t\t\t\t\t<\/div>\n\t\t\t\t<\/div>\n\t\t\t\t<\/div>","protected":false},"excerpt":{"rendered":"<p>Customized Service We specialise in providing comprehensive, bespoke solutions for cold-formed metal profiles. Core Customisation Advantages: 1. Flexible Response: Rapid tooling development based on your drawings or samples to produce non-standard sections with complex geometries.2. Efficient Collaboration: Our team provides end-to-end technical support\u2014from material selection and section optimisation to production processes\u2014ensuring optimal product outcomes.3. Cost [&hellip;]<\/p>\n","protected":false},"author":1,"featured_media":4136,"parent":0,"menu_order":0,"comment_status":"closed","ping_status":"closed","template":"","meta":{"footnotes":""},"class_list":["post-4148","page","type-page","status-publish","has-post-thumbnail","hentry"],"yoast_head":"<!-- This site is optimized with the Yoast SEO plugin v27.1.1 - https:\/\/yoast.com\/product\/yoast-seo-wordpress\/ -->\n<title>Customized service - YiTuo<\/title>\n<meta name=\"robots\" content=\"index, follow, max-snippet:-1, max-image-preview:large, max-video-preview:-1\" \/>\n<link rel=\"canonical\" href=\"https:\/\/www.ytrollformingmachine.com\/vi\/customized-service\/\" \/>\n<meta property=\"og:locale\" content=\"vi_VN\" \/>\n<meta property=\"og:type\" content=\"article\" \/>\n<meta property=\"og:title\" content=\"Customized service - YiTuo\" \/>\n<meta property=\"og:description\" content=\"Customized Service We specialise in providing comprehensive, bespoke solutions for cold-formed metal profiles. Core Customisation Advantages: 1. Flexible Response: Rapid tooling development based on your drawings or samples to produce non-standard sections with complex geometries.2. Efficient Collaboration: Our team provides end-to-end technical support\u2014from material selection and section optimisation to production processes\u2014ensuring optimal product outcomes.3. Cost [&hellip;]\" \/>\n<meta property=\"og:url\" content=\"https:\/\/www.ytrollformingmachine.com\/vi\/customized-service\/\" \/>\n<meta property=\"og:site_name\" content=\"YiTuo\" \/>\n<meta property=\"article:modified_time\" content=\"2026-03-10T14:56:17+00:00\" \/>\n<meta property=\"og:image\" content=\"https:\/\/www.ytrollformingmachine.com\/wp-content\/uploads\/2026\/03\/\u89e3\u51b3\u65b9\u6848-scaled.webp\" \/>\n\t<meta property=\"og:image:width\" content=\"2560\" \/>\n\t<meta property=\"og:image:height\" content=\"1707\" \/>\n\t<meta property=\"og:image:type\" content=\"image\/webp\" \/>\n<meta name=\"twitter:card\" content=\"summary_large_image\" \/>\n<meta name=\"twitter:label1\" content=\"\u01af\u1edbc t\u00ednh th\u1eddi gian \u0111\u1ecdc\" \/>\n\t<meta name=\"twitter:data1\" content=\"1 ph\u00fat\" \/>\n<script type=\"application\/ld+json\" class=\"yoast-schema-graph\">{\"@context\":\"https:\/\/schema.org\",\"@graph\":[{\"@type\":\"WebPage\",\"@id\":\"https:\/\/www.ytrollformingmachine.com\/customized-service\/\",\"url\":\"https:\/\/www.ytrollformingmachine.com\/customized-service\/\",\"name\":\"Customized service - YiTuo\",\"isPartOf\":{\"@id\":\"https:\/\/www.ytrollformingmachine.com\/#website\"},\"primaryImageOfPage\":{\"@id\":\"https:\/\/www.ytrollformingmachine.com\/customized-service\/#primaryimage\"},\"image\":{\"@id\":\"https:\/\/www.ytrollformingmachine.com\/customized-service\/#primaryimage\"},\"thumbnailUrl\":\"https:\/\/www.ytrollformingmachine.com\/wp-content\/uploads\/2026\/03\/\u89e3\u51b3\u65b9\u6848-scaled.webp\",\"datePublished\":\"2026-03-04T07:54:48+00:00\",\"dateModified\":\"2026-03-10T14:56:17+00:00\",\"breadcrumb\":{\"@id\":\"https:\/\/www.ytrollformingmachine.com\/customized-service\/#breadcrumb\"},\"inLanguage\":\"vi\",\"potentialAction\":[{\"@type\":\"ReadAction\",\"target\":[\"https:\/\/www.ytrollformingmachine.com\/customized-service\/\"]}]},{\"@type\":\"ImageObject\",\"inLanguage\":\"vi\",\"@id\":\"https:\/\/www.ytrollformingmachine.com\/customized-service\/#primaryimage\",\"url\":\"https:\/\/www.ytrollformingmachine.com\/wp-content\/uploads\/2026\/03\/\u89e3\u51b3\u65b9\u6848-scaled.webp\",\"contentUrl\":\"https:\/\/www.ytrollformingmachine.com\/wp-content\/uploads\/2026\/03\/\u89e3\u51b3\u65b9\u6848-scaled.webp\",\"width\":2560,\"height\":1707},{\"@type\":\"BreadcrumbList\",\"@id\":\"https:\/\/www.ytrollformingmachine.com\/customized-service\/#breadcrumb\",\"itemListElement\":[{\"@type\":\"ListItem\",\"position\":1,\"name\":\"Home\",\"item\":\"https:\/\/www.ytrollformingmachine.com\/\"},{\"@type\":\"ListItem\",\"position\":2,\"name\":\"Customized service\"}]},{\"@type\":\"WebSite\",\"@id\":\"https:\/\/www.ytrollformingmachine.com\/#website\",\"url\":\"https:\/\/www.ytrollformingmachine.com\/\",\"name\":\"YiTuo\",\"description\":\"Cold Bending\",\"potentialAction\":[{\"@type\":\"SearchAction\",\"target\":{\"@type\":\"EntryPoint\",\"urlTemplate\":\"https:\/\/www.ytrollformingmachine.com\/?s={search_term_string}\"},\"query-input\":{\"@type\":\"PropertyValueSpecification\",\"valueRequired\":true,\"valueName\":\"search_term_string\"}}],\"inLanguage\":\"vi\"}]}<\/script>\n<!-- \/ Yoast SEO plugin. -->","yoast_head_json":{"title":"D\u1ecbch v\u1ee5 theo y\u00eau c\u1ea7u - YiTuo","robots":{"index":"index","follow":"follow","max-snippet":"max-snippet:-1","max-image-preview":"max-image-preview:large","max-video-preview":"max-video-preview:-1"},"canonical":"https:\/\/www.ytrollformingmachine.com\/vi\/customized-service\/","og_locale":"vi_VN","og_type":"article","og_title":"Customized service - YiTuo","og_description":"Customized Service We specialise in providing comprehensive, bespoke solutions for cold-formed metal profiles. Core Customisation Advantages: 1. Flexible Response: Rapid tooling development based on your drawings or samples to produce non-standard sections with complex geometries.2. Efficient Collaboration: Our team provides end-to-end technical support\u2014from material selection and section optimisation to production processes\u2014ensuring optimal product outcomes.3. Cost [&hellip;]","og_url":"https:\/\/www.ytrollformingmachine.com\/vi\/customized-service\/","og_site_name":"YiTuo","article_modified_time":"2026-03-10T14:56:17+00:00","og_image":[{"width":2560,"height":1707,"url":"https:\/\/www.ytrollformingmachine.com\/wp-content\/uploads\/2026\/03\/\u89e3\u51b3\u65b9\u6848-scaled.webp","type":"image\/webp"}],"twitter_card":"summary_large_image","twitter_misc":{"\u01af\u1edbc t\u00ednh th\u1eddi gian \u0111\u1ecdc":"1 ph\u00fat"},"schema":{"@context":"https:\/\/schema.org","@graph":[{"@type":"WebPage","@id":"https:\/\/www.ytrollformingmachine.com\/customized-service\/","url":"https:\/\/www.ytrollformingmachine.com\/customized-service\/","name":"D\u1ecbch v\u1ee5 theo y\u00eau c\u1ea7u - YiTuo","isPartOf":{"@id":"https:\/\/www.ytrollformingmachine.com\/#website"},"primaryImageOfPage":{"@id":"https:\/\/www.ytrollformingmachine.com\/customized-service\/#primaryimage"},"image":{"@id":"https:\/\/www.ytrollformingmachine.com\/customized-service\/#primaryimage"},"thumbnailUrl":"https:\/\/www.ytrollformingmachine.com\/wp-content\/uploads\/2026\/03\/\u89e3\u51b3\u65b9\u6848-scaled.webp","datePublished":"2026-03-04T07:54:48+00:00","dateModified":"2026-03-10T14:56:17+00:00","breadcrumb":{"@id":"https:\/\/www.ytrollformingmachine.com\/customized-service\/#breadcrumb"},"inLanguage":"vi","potentialAction":[{"@type":"ReadAction","target":["https:\/\/www.ytrollformingmachine.com\/customized-service\/"]}]},{"@type":"ImageObject","inLanguage":"vi","@id":"https:\/\/www.ytrollformingmachine.com\/customized-service\/#primaryimage","url":"https:\/\/www.ytrollformingmachine.com\/wp-content\/uploads\/2026\/03\/\u89e3\u51b3\u65b9\u6848-scaled.webp","contentUrl":"https:\/\/www.ytrollformingmachine.com\/wp-content\/uploads\/2026\/03\/\u89e3\u51b3\u65b9\u6848-scaled.webp","width":2560,"height":1707},{"@type":"BreadcrumbList","@id":"https:\/\/www.ytrollformingmachine.com\/customized-service\/#breadcrumb","itemListElement":[{"@type":"ListItem","position":1,"name":"Home","item":"https:\/\/www.ytrollformingmachine.com\/"},{"@type":"ListItem","position":2,"name":"Customized service"}]},{"@type":"WebSite","@id":"https:\/\/www.ytrollformingmachine.com\/#website","url":"https:\/\/www.ytrollformingmachine.com\/","name":"YiTuo","description":"U\u1ed1n ngu\u1ed9i","potentialAction":[{"@type":"SearchAction","target":{"@type":"EntryPoint","urlTemplate":"https:\/\/www.ytrollformingmachine.com\/?s={search_term_string}"},"query-input":{"@type":"PropertyValueSpecification","valueRequired":true,"valueName":"search_term_string"}}],"inLanguage":"vi"}]}},"_hostinger_reach_plugin_has_subscription_block":false,"_hostinger_reach_plugin_is_elementor":false,"_links":{"self":[{"href":"https:\/\/www.ytrollformingmachine.com\/vi\/wp-json\/wp\/v2\/pages\/4148","targetHints":{"allow":["GET"]}}],"collection":[{"href":"https:\/\/www.ytrollformingmachine.com\/vi\/wp-json\/wp\/v2\/pages"}],"about":[{"href":"https:\/\/www.ytrollformingmachine.com\/vi\/wp-json\/wp\/v2\/types\/page"}],"author":[{"embeddable":true,"href":"https:\/\/www.ytrollformingmachine.com\/vi\/wp-json\/wp\/v2\/users\/1"}],"replies":[{"embeddable":true,"href":"https:\/\/www.ytrollformingmachine.com\/vi\/wp-json\/wp\/v2\/comments?post=4148"}],"version-history":[{"count":7,"href":"https:\/\/www.ytrollformingmachine.com\/vi\/wp-json\/wp\/v2\/pages\/4148\/revisions"}],"predecessor-version":[{"id":4539,"href":"https:\/\/www.ytrollformingmachine.com\/vi\/wp-json\/wp\/v2\/pages\/4148\/revisions\/4539"}],"wp:featuredmedia":[{"embeddable":true,"href":"https:\/\/www.ytrollformingmachine.com\/vi\/wp-json\/wp\/v2\/media\/4136"}],"wp:attachment":[{"href":"https:\/\/www.ytrollformingmachine.com\/vi\/wp-json\/wp\/v2\/media?parent=4148"}],"curies":[{"name":"wp","href":"https:\/\/api.w.org\/{rel}","templated":true}]}}