{"id":4116,"date":"2026-03-04T07:19:17","date_gmt":"2026-03-04T07:19:17","guid":{"rendered":"https:\/\/www.ytrollformingmachine.com\/?page_id=4116"},"modified":"2026-03-10T14:32:58","modified_gmt":"2026-03-10T14:32:58","slug":"client-visit","status":"publish","type":"page","link":"https:\/\/www.ytrollformingmachine.com\/vi\/client-visit\/","title":{"rendered":"Chuy\u1ebfn th\u0103m c\u1ee7a kh\u00e1ch h\u00e0ng"},"content":{"rendered":"<div data-elementor-type=\"wp-page\" data-elementor-id=\"4116\" class=\"elementor elementor-4116\" data-elementor-post-type=\"page\">\n\t\t\t\t<div class=\"elementor-element elementor-element-7421c50 e-flex e-con-boxed e-con e-parent\" data-id=\"7421c50\" data-element_type=\"container\" data-e-type=\"container\">\n\t\t\t\t\t<div class=\"e-con-inner\">\n\t\t\t\t<div class=\"elementor-element elementor-element-d8d93a7 elementor-widget elementor-widget-heading\" data-id=\"d8d93a7\" data-element_type=\"widget\" data-e-type=\"widget\" data-widget_type=\"heading.default\">\n\t\t\t\t\t<h2 class=\"elementor-heading-title elementor-size-default\">Chuy\u1ebfn th\u0103m c\u1ee7a kh\u00e1ch h\u00e0ng<\/h2>\t\t\t\t<\/div>\n\t\t\t\t<div class=\"elementor-element elementor-element-a9663c3 elementor-widget elementor-widget-text-editor\" data-id=\"a9663c3\" data-element_type=\"widget\" data-e-type=\"widget\" data-widget_type=\"text-editor.default\">\n\t\t\t\t\t\t\t\t\t<p>Ch\u00e0o m\u1eebng qu\u00fd kh\u00e1ch \u0111\u1ebfn v\u1edbi C\u00f4ng ty TNHH C\u00f4ng ngh\u1ec7 u\u1ed1n l\u1ea1nh Cangzhou Yituo.<\/p><p>M\u1ed7i chuy\u1ebfn th\u0103m l\u00e0 m\u1ed9t minh ch\u1ee9ng cho s\u1ef1 tin t\u01b0\u1edfng; m\u1ed7i cu\u1ed9c trao \u0111\u1ed5i \u0111\u1ec1u m\u1edf ra c\u01a1 h\u1ed9i mang l\u1ea1i l\u1ee3i \u00edch chung. G\u1ea7n \u0111\u00e2y, c\u00e1c kh\u00e1ch h\u00e0ng t\u1eeb kh\u1eafp n\u01a1i tr\u00ean th\u1ebf gi\u1edbi \u0111\u00e3 v\u01b0\u1ee3t qua n\u00fai non v\u00e0 bi\u1ec3n c\u1ea3 \u0111\u1ec3 \u0111\u1ebfn C\u00f4ng ty C\u00f4ng ngh\u1ec7 U\u1ed1n L\u1ea1nh Cangzhou Yituo, nh\u1eb1m ti\u1ebfn h\u00e0nh ki\u1ec3m tra th\u1ef1c t\u1ebf to\u00e0n b\u1ed9 quy tr\u00ecnh nghi\u00ean c\u1ee9u, ph\u00e1t tri\u1ec3n v\u00e0 s\u1ea3n xu\u1ea5t thi\u1ebft b\u1ecb u\u1ed1n l\u1ea1nh cao c\u1ea5p, th\u1ea3o lu\u1eadn v\u1ec1 c\u00e1c c\u01a1 h\u1ed9i h\u1ee3p t\u00e1c, \u0111\u1ed3ng th\u1eddi kh\u00e1m ph\u00e1 nh\u1eefng tri\u1ec3n v\u1ecdng m\u1edbi cho ng\u00e0nh c\u00f4ng nghi\u1ec7p n\u00e0y.<\/p><p>V\u1edbi t\u01b0 c\u00e1ch l\u00e0 nh\u00e0 s\u1ea3n xu\u1ea5t chuy\u00ean nghi\u1ec7p v\u1ec1 thi\u1ebft b\u1ecb u\u1ed1n l\u1ea1nh cao c\u1ea5p, t\u00edch h\u1ee3p c\u00e1c ho\u1ea1t \u0111\u1ed9ng nghi\u00ean c\u1ee9u v\u00e0 ph\u00e1t tri\u1ec3n (R&amp;D), s\u1ea3n xu\u1ea5t, kinh doanh, xu\u1ea5t kh\u1ea9u v\u00e0 d\u1ecbch v\u1ee5, Yituo lu\u00f4n s\u1eb5n l\u00f2ng \u0111\u00f3n ti\u1ebfp c\u00e1c \u0111o\u00e0n kh\u00e1ch h\u00e0ng \u0111\u1ebfn tham quan th\u1ef1c t\u1ebf v\u1edbi tinh th\u1ea7n c\u1edfi m\u1edf. Trong chuy\u1ebfn th\u0103m, \u0111o\u00e0n kh\u00e1ch h\u00e0ng, d\u01b0\u1edbi s\u1ef1 h\u01b0\u1edbng d\u1eabn c\u1ee7a ban l\u00e3nh \u0111\u1ea1o c\u00f4ng ty, \u0111\u00e3 tham quan trung t\u00e2m R&amp;D, x\u01b0\u1edfng s\u1ea3n xu\u1ea5t v\u00e0 ph\u00f2ng tr\u01b0ng b\u00e0y s\u1ea3n ph\u1ea9m ho\u00e0n thi\u1ec7n, qua \u0111\u00f3 tr\u1ef1c ti\u1ebfp tr\u1ea3i nghi\u1ec7m n\u0103ng l\u1ef1c v\u00e0 tay ngh\u1ec1 c\u1ee7a Yituo.<\/p><p>T\u1ea1i x\u01b0\u1edfng s\u1ea3n xu\u1ea5t, m\u00f4i tr\u01b0\u1eddng s\u1ea3n xu\u1ea5t s\u1ea1ch s\u1ebd v\u00e0 \u0111\u1ea1t ti\u00eau chu\u1ea9n, c\u00e1c d\u00e2y chuy\u1ec1n s\u1ea3n xu\u1ea5t v\u1eadn h\u00e0nh tr\u1eadt t\u1ef1 c\u00f9ng quy tr\u00ecnh ki\u1ec3m so\u00e1t ch\u1ea5t l\u01b0\u1ee3ng nghi\u00eam ng\u1eb7t \u0111\u00e3 gi\u00fap kh\u00e1ch h\u00e0ng tr\u1ef1c ti\u1ebfp ch\u1ee9ng ki\u1ebfn quy tr\u00ecnh s\u1ea3n xu\u1ea5t t\u1ec9 m\u1ec9 c\u1ee7a t\u1eebng thi\u1ebft b\u1ecb, t\u1eeb kh\u00e2u gia c\u00f4ng linh ki\u1ec7n \u0111\u1ebfn l\u1eafp r\u00e1p th\u00e0nh ph\u1ea9m. T\u1eeb m\u00e1y c\u00e1n t\u1ea5m container nh\u1eb9 b\u1eb1ng th\u00e9p c\u01b0\u1eddng \u0111\u1ed9 cao v\u00e0 m\u00e1y t\u00edch h\u1ee3p CZ, \u0111\u1ebfn d\u00e2y chuy\u1ec1n s\u1ea3n xu\u1ea5t g\u1ea1ch \u0111\u00e1 m\u00e0u v\u00e0 thi\u1ebft b\u1ecb h\u1ed7 tr\u1ee3 quang \u0111i\u1ec7n, v\u00e0 xa h\u01a1n n\u1eefa l\u00e0 thi\u1ebft b\u1ecb \u0111\u00f3ng g\u00f3i g\u1ea5p v\u00e0 l\u1eafp r\u00e1p nhanh, m\u1ed9t lo\u1ea1t c\u00e1c s\u1ea3n ph\u1ea9m \u0111\u01b0\u1ee3c tr\u01b0ng b\u00e0y g\u1ecdn g\u00e0ng, bao qu\u00e1t to\u00e0n di\u1ec7n nhu c\u1ea7u \u1ee9ng d\u1ee5ng trong nhi\u1ec1u l\u0129nh v\u1ef1c nh\u01b0 nh\u00e0 \u1edf, \u0111\u01b0\u1eddng x\u00e1 v\u00e0 c\u1ea7u c\u1ed1ng, \u00f4 t\u00f4 v\u00e0 th\u00e9p, th\u1ec3 hi\u1ec7n \u0111\u1ea7y \u0111\u1ee7 n\u0103ng l\u1ef1c s\u1ea3n xu\u1ea5t m\u1ea1nh m\u1ebd c\u1ee7a Yituo \u0111\u1ec3 \u0111\u00e1p \u1ee9ng nhu c\u1ea7u s\u1ed1 l\u01b0\u1ee3ng l\u1edbn c\u1ee7a kh\u00e1ch h\u00e0ng.<\/p><p>\u0110\u1ed9i ng\u0169 k\u1ef9 thu\u1eadt \u0111\u00e3 cung c\u1ea5p nh\u1eefng gi\u1ea3i th\u00edch chi ti\u1ebft v\u00e0 to\u00e0n di\u1ec7n, gi\u1ea3i \u0111\u00e1p c\u00e1c m\u1ed1i quan t\u00e2m ch\u00ednh c\u1ee7a kh\u00e1ch h\u00e0ng nh\u01b0 \u0111\u1ed9 ch\u00ednh x\u00e1c c\u1ee7a s\u1ea3n ph\u1ea9m, c\u00e1c gi\u1ea3i ph\u00e1p t\u00f9y ch\u1ec9nh v\u00e0 hi\u1ec7u qu\u1ea3 s\u1ea3n xu\u1ea5t; tr\u1ea3 l\u1eddi t\u1eebng c\u00e2u h\u1ecfi m\u1ed9t k\u00e8m theo c\u00e1c v\u00ed d\u1ee5 \u1ee9ng d\u1ee5ng th\u1ef1c t\u1ebf; \u0111\u1ed3ng th\u1eddi tr\u00ecnh di\u1ec5n quy tr\u00ecnh v\u1eadn h\u00e0nh thi\u1ebft b\u1ecb ngay t\u1ea1i ch\u1ed7, gi\u00fap kh\u00e1ch h\u00e0ng tr\u1ef1c ti\u1ebfp tr\u1ea3i nghi\u1ec7m s\u1ef1 \u1ed5n \u0111\u1ecbnh v\u00e0 t\u00ednh th\u1ef1c ti\u1ec5n c\u1ee7a c\u00e1c s\u1ea3n ph\u1ea9m Yituo. Sau khi hi\u1ec3u r\u00f5, kh\u00e1ch h\u00e0ng \u0111\u00e3 \u0111\u00e1nh gi\u00e1 cao n\u0103ng l\u1ef1c k\u1ef9 thu\u1eadt v\u00e0 ti\u00eau chu\u1ea9n s\u1ea3n xu\u1ea5t c\u1ee7a Yituo, \u0111\u1ed3ng th\u1eddi \u0111\u1eb7c bi\u1ec7t quan t\u00e2m \u0111\u1ebfn b\u1ed9 ch\u1ee9ng ch\u1ec9 \u0111\u1ee7 \u0111i\u1ec1u ki\u1ec7n \u0111\u1ea7y \u0111\u1ee7 v\u00e0 c\u00f3 uy t\u00edn c\u1ee7a c\u00f4ng ty.<\/p>\t\t\t\t\t\t\t\t<\/div>\n\t\t\t\t<div class=\"elementor-element elementor-element-f9d1cd6 elementor-widget elementor-widget-gallery\" data-id=\"f9d1cd6\" data-element_type=\"widget\" data-e-type=\"widget\" data-settings=\"{&quot;columns_tablet&quot;:3,&quot;columns_mobile&quot;:2,&quot;gap_tablet&quot;:{&quot;unit&quot;:&quot;px&quot;,&quot;size&quot;:5,&quot;sizes&quot;:[]},&quot;lazyload&quot;:&quot;yes&quot;,&quot;gallery_layout&quot;:&quot;grid&quot;,&quot;columns&quot;:4,&quot;gap&quot;:{&quot;unit&quot;:&quot;px&quot;,&quot;size&quot;:10,&quot;sizes&quot;:[]},&quot;gap_mobile&quot;:{&quot;unit&quot;:&quot;px&quot;,&quot;size&quot;:10,&quot;sizes&quot;:[]},&quot;link_to&quot;:&quot;file&quot;,&quot;aspect_ratio&quot;:&quot;3:2&quot;,&quot;overlay_background&quot;:&quot;yes&quot;,&quot;content_hover_animation&quot;:&quot;fade-in&quot;}\" data-widget_type=\"gallery.default\">\n\t\t\t\t\t\t\t<div class=\"elementor-gallery__container\">\n\t\t\t\t\t\t\t<a class=\"e-gallery-item elementor-gallery-item elementor-animated-content\" href=\"https:\/\/www.ytrollformingmachine.com\/wp-content\/uploads\/2026\/03\/e79c96a17ab8bc9d705fd22c595a9ef.webp\" data-elementor-open-lightbox=\"yes\" data-elementor-lightbox-slideshow=\"f9d1cd6\" data-elementor-lightbox-title=\"e79c96a17ab8bc9d705fd22c595a9ef\" data-e-action-hash=\"#elementor-action%3Aaction%3Dlightbox%26settings%3DeyJpZCI6NDExOCwidXJsIjoiaHR0cHM6XC9cL3d3dy55dHJvbGxmb3JtaW5nbWFjaGluZS5jb21cL3dwLWNvbnRlbnRcL3VwbG9hZHNcLzIwMjZcLzAzXC9lNzljOTZhMTdhYjhiYzlkNzA1ZmQyMmM1OTVhOWVmLndlYnAiLCJzbGlkZXNob3ciOiJmOWQxY2Q2In0%3D\">\n\t\t\t\t\t<div class=\"e-gallery-image elementor-gallery-item__image\" data-thumbnail=\"https:\/\/www.ytrollformingmachine.com\/wp-content\/uploads\/2026\/03\/e79c96a17ab8bc9d705fd22c595a9ef.webp\" data-width=\"2276\" data-height=\"1280\" aria-label=\"\" role=\"img\" ><\/div>\n\t\t\t\t\t\t\t\t\t\t\t<div class=\"elementor-gallery-item__overlay\"><\/div>\n\t\t\t\t\t\t\t\t\t\t\t\t\t\t<\/a>\n\t\t\t\t\t\t\t<a class=\"e-gallery-item elementor-gallery-item elementor-animated-content\" href=\"https:\/\/www.ytrollformingmachine.com\/wp-content\/uploads\/2026\/03\/\u5fae\u4fe1\u56fe\u7247_20250530135504.webp\" data-elementor-open-lightbox=\"yes\" data-elementor-lightbox-slideshow=\"f9d1cd6\" data-elementor-lightbox-title=\"\u5fae\u4fe1\u56fe\u7247_20250530135504\" data-e-action-hash=\"#elementor-action%3Aaction%3Dlightbox%26settings%3DeyJpZCI6NDExOSwidXJsIjoiaHR0cHM6XC9cL3d3dy55dHJvbGxmb3JtaW5nbWFjaGluZS5jb21cL3dwLWNvbnRlbnRcL3VwbG9hZHNcLzIwMjZcLzAzXC9cdTVmYWVcdTRmZTFcdTU2ZmVcdTcyNDdfMjAyNTA1MzAxMzU1MDQud2VicCIsInNsaWRlc2hvdyI6ImY5ZDFjZDYifQ%3D%3D\">\n\t\t\t\t\t<div class=\"e-gallery-image elementor-gallery-item__image\" data-thumbnail=\"https:\/\/www.ytrollformingmachine.com\/wp-content\/uploads\/2026\/03\/\u5fae\u4fe1\u56fe\u7247_20250530135504.webp\" data-width=\"1238\" data-height=\"864\" aria-label=\"\" role=\"img\" ><\/div>\n\t\t\t\t\t\t\t\t\t\t\t<div class=\"elementor-gallery-item__overlay\"><\/div>\n\t\t\t\t\t\t\t\t\t\t\t\t\t\t<\/a>\n\t\t\t\t\t\t\t<a class=\"e-gallery-item elementor-gallery-item elementor-animated-content\" href=\"https:\/\/www.ytrollformingmachine.com\/wp-content\/uploads\/2026\/03\/\u5fae\u4fe1\u56fe\u7247_20250530135514.webp\" data-elementor-open-lightbox=\"yes\" data-elementor-lightbox-slideshow=\"f9d1cd6\" data-elementor-lightbox-title=\"\u5fae\u4fe1\u56fe\u7247_20250530135514\" data-e-action-hash=\"#elementor-action%3Aaction%3Dlightbox%26settings%3DeyJpZCI6NDEyMCwidXJsIjoiaHR0cHM6XC9cL3d3dy55dHJvbGxmb3JtaW5nbWFjaGluZS5jb21cL3dwLWNvbnRlbnRcL3VwbG9hZHNcLzIwMjZcLzAzXC9cdTVmYWVcdTRmZTFcdTU2ZmVcdTcyNDdfMjAyNTA1MzAxMzU1MTQud2VicCIsInNsaWRlc2hvdyI6ImY5ZDFjZDYifQ%3D%3D\">\n\t\t\t\t\t<div class=\"e-gallery-image elementor-gallery-item__image\" data-thumbnail=\"https:\/\/www.ytrollformingmachine.com\/wp-content\/uploads\/2026\/03\/\u5fae\u4fe1\u56fe\u7247_20250530135514.webp\" data-width=\"1416\" data-height=\"1030\" aria-label=\"\" role=\"img\" ><\/div>\n\t\t\t\t\t\t\t\t\t\t\t<div class=\"elementor-gallery-item__overlay\"><\/div>\n\t\t\t\t\t\t\t\t\t\t\t\t\t\t<\/a>\n\t\t\t\t\t\t\t<a class=\"e-gallery-item elementor-gallery-item elementor-animated-content\" href=\"https:\/\/www.ytrollformingmachine.com\/wp-content\/uploads\/2026\/03\/\u5fae\u4fe1\u56fe\u7247_20250530135525-scaled.webp\" data-elementor-open-lightbox=\"yes\" data-elementor-lightbox-slideshow=\"f9d1cd6\" data-elementor-lightbox-title=\"\u5fae\u4fe1\u56fe\u7247_20250530135525\" data-e-action-hash=\"#elementor-action%3Aaction%3Dlightbox%26settings%3DeyJpZCI6NDEyMSwidXJsIjoiaHR0cHM6XC9cL3d3dy55dHJvbGxmb3JtaW5nbWFjaGluZS5jb21cL3dwLWNvbnRlbnRcL3VwbG9hZHNcLzIwMjZcLzAzXC9cdTVmYWVcdTRmZTFcdTU2ZmVcdTcyNDdfMjAyNTA1MzAxMzU1MjUtc2NhbGVkLndlYnAiLCJzbGlkZXNob3ciOiJmOWQxY2Q2In0%3D\">\n\t\t\t\t\t<div class=\"e-gallery-image elementor-gallery-item__image\" data-thumbnail=\"https:\/\/www.ytrollformingmachine.com\/wp-content\/uploads\/2026\/03\/\u5fae\u4fe1\u56fe\u7247_20250530135525-scaled.webp\" data-width=\"2560\" data-height=\"1920\" aria-label=\"\" role=\"img\" ><\/div>\n\t\t\t\t\t\t\t\t\t\t\t<div class=\"elementor-gallery-item__overlay\"><\/div>\n\t\t\t\t\t\t\t\t\t\t\t\t\t\t<\/a>\n\t\t\t\t\t\t\t<a class=\"e-gallery-item elementor-gallery-item elementor-animated-content\" href=\"https:\/\/www.ytrollformingmachine.com\/wp-content\/uploads\/2026\/03\/\u5fae\u4fe1\u56fe\u7247_20250530135528.webp\" data-elementor-open-lightbox=\"yes\" data-elementor-lightbox-slideshow=\"f9d1cd6\" data-elementor-lightbox-title=\"\u5fae\u4fe1\u56fe\u7247_20250530135528\" data-e-action-hash=\"#elementor-action%3Aaction%3Dlightbox%26settings%3DeyJpZCI6NDEyMiwidXJsIjoiaHR0cHM6XC9cL3d3dy55dHJvbGxmb3JtaW5nbWFjaGluZS5jb21cL3dwLWNvbnRlbnRcL3VwbG9hZHNcLzIwMjZcLzAzXC9cdTVmYWVcdTRmZTFcdTU2ZmVcdTcyNDdfMjAyNTA1MzAxMzU1Mjgud2VicCIsInNsaWRlc2hvdyI6ImY5ZDFjZDYifQ%3D%3D\">\n\t\t\t\t\t<div class=\"e-gallery-image elementor-gallery-item__image\" data-thumbnail=\"https:\/\/www.ytrollformingmachine.com\/wp-content\/uploads\/2026\/03\/\u5fae\u4fe1\u56fe\u7247_20250530135528.webp\" data-width=\"1706\" data-height=\"1280\" aria-label=\"\" role=\"img\" ><\/div>\n\t\t\t\t\t\t\t\t\t\t\t<div class=\"elementor-gallery-item__overlay\"><\/div>\n\t\t\t\t\t\t\t\t\t\t\t\t\t\t<\/a>\n\t\t\t\t\t\t\t<a class=\"e-gallery-item elementor-gallery-item elementor-animated-content\" href=\"https:\/\/www.ytrollformingmachine.com\/wp-content\/uploads\/2026\/03\/\u5fae\u4fe1\u56fe\u7247_20250530135532-scaled.webp\" data-elementor-open-lightbox=\"yes\" data-elementor-lightbox-slideshow=\"f9d1cd6\" data-elementor-lightbox-title=\"\u5fae\u4fe1\u56fe\u7247_20250530135532\" data-e-action-hash=\"#elementor-action%3Aaction%3Dlightbox%26settings%3DeyJpZCI6NDEyMywidXJsIjoiaHR0cHM6XC9cL3d3dy55dHJvbGxmb3JtaW5nbWFjaGluZS5jb21cL3dwLWNvbnRlbnRcL3VwbG9hZHNcLzIwMjZcLzAzXC9cdTVmYWVcdTRmZTFcdTU2ZmVcdTcyNDdfMjAyNTA1MzAxMzU1MzItc2NhbGVkLndlYnAiLCJzbGlkZXNob3ciOiJmOWQxY2Q2In0%3D\">\n\t\t\t\t\t<div class=\"e-gallery-image elementor-gallery-item__image\" data-thumbnail=\"https:\/\/www.ytrollformingmachine.com\/wp-content\/uploads\/2026\/03\/\u5fae\u4fe1\u56fe\u7247_20250530135532-scaled.webp\" data-width=\"2560\" data-height=\"1920\" aria-label=\"\" role=\"img\" ><\/div>\n\t\t\t\t\t\t\t\t\t\t\t<div class=\"elementor-gallery-item__overlay\"><\/div>\n\t\t\t\t\t\t\t\t\t\t\t\t\t\t<\/a>\n\t\t\t\t\t\t\t<a class=\"e-gallery-item elementor-gallery-item elementor-animated-content\" href=\"https:\/\/www.ytrollformingmachine.com\/wp-content\/uploads\/2026\/03\/\u5fae\u4fe1\u56fe\u7247_20250530135849-scaled.webp\" data-elementor-open-lightbox=\"yes\" data-elementor-lightbox-slideshow=\"f9d1cd6\" data-elementor-lightbox-title=\"\u5fae\u4fe1\u56fe\u7247_20250530135849\" data-e-action-hash=\"#elementor-action%3Aaction%3Dlightbox%26settings%3DeyJpZCI6NDEyNCwidXJsIjoiaHR0cHM6XC9cL3d3dy55dHJvbGxmb3JtaW5nbWFjaGluZS5jb21cL3dwLWNvbnRlbnRcL3VwbG9hZHNcLzIwMjZcLzAzXC9cdTVmYWVcdTRmZTFcdTU2ZmVcdTcyNDdfMjAyNTA1MzAxMzU4NDktc2NhbGVkLndlYnAiLCJzbGlkZXNob3ciOiJmOWQxY2Q2In0%3D\">\n\t\t\t\t\t<div class=\"e-gallery-image elementor-gallery-item__image\" data-thumbnail=\"https:\/\/www.ytrollformingmachine.com\/wp-content\/uploads\/2026\/03\/\u5fae\u4fe1\u56fe\u7247_20250530135849-scaled.webp\" data-width=\"2560\" data-height=\"1920\" aria-label=\"\" role=\"img\" ><\/div>\n\t\t\t\t\t\t\t\t\t\t\t<div class=\"elementor-gallery-item__overlay\"><\/div>\n\t\t\t\t\t\t\t\t\t\t\t\t\t\t<\/a>\n\t\t\t\t\t\t\t<a class=\"e-gallery-item elementor-gallery-item elementor-animated-content\" href=\"https:\/\/www.ytrollformingmachine.com\/wp-content\/uploads\/2026\/03\/\u5fae\u4fe1\u56fe\u7247_20250530140142.webp\" data-elementor-open-lightbox=\"yes\" data-elementor-lightbox-slideshow=\"f9d1cd6\" data-elementor-lightbox-title=\"\u5fae\u4fe1\u56fe\u7247_20250530140142\" data-e-action-hash=\"#elementor-action%3Aaction%3Dlightbox%26settings%3DeyJpZCI6NDEyNSwidXJsIjoiaHR0cHM6XC9cL3d3dy55dHJvbGxmb3JtaW5nbWFjaGluZS5jb21cL3dwLWNvbnRlbnRcL3VwbG9hZHNcLzIwMjZcLzAzXC9cdTVmYWVcdTRmZTFcdTU2ZmVcdTcyNDdfMjAyNTA1MzAxNDAxNDIud2VicCIsInNsaWRlc2hvdyI6ImY5ZDFjZDYifQ%3D%3D\">\n\t\t\t\t\t<div class=\"e-gallery-image elementor-gallery-item__image\" data-thumbnail=\"https:\/\/www.ytrollformingmachine.com\/wp-content\/uploads\/2026\/03\/\u5fae\u4fe1\u56fe\u7247_20250530140142.webp\" data-width=\"2394\" data-height=\"2350\" aria-label=\"\" role=\"img\" ><\/div>\n\t\t\t\t\t\t\t\t\t\t\t<div class=\"elementor-gallery-item__overlay\"><\/div>\n\t\t\t\t\t\t\t\t\t\t\t\t\t\t<\/a>\n\t\t\t\t\t\t\t<a class=\"e-gallery-item elementor-gallery-item elementor-animated-content\" href=\"https:\/\/www.ytrollformingmachine.com\/wp-content\/uploads\/2026\/03\/\u5fae\u4fe1\u56fe\u7247_20250530140317.webp\" data-elementor-open-lightbox=\"yes\" data-elementor-lightbox-slideshow=\"f9d1cd6\" data-elementor-lightbox-title=\"\u5fae\u4fe1\u56fe\u7247_20250530140317\" data-e-action-hash=\"#elementor-action%3Aaction%3Dlightbox%26settings%3DeyJpZCI6NDEyNiwidXJsIjoiaHR0cHM6XC9cL3d3dy55dHJvbGxmb3JtaW5nbWFjaGluZS5jb21cL3dwLWNvbnRlbnRcL3VwbG9hZHNcLzIwMjZcLzAzXC9cdTVmYWVcdTRmZTFcdTU2ZmVcdTcyNDdfMjAyNTA1MzAxNDAzMTcud2VicCIsInNsaWRlc2hvdyI6ImY5ZDFjZDYifQ%3D%3D\">\n\t\t\t\t\t<div class=\"e-gallery-image elementor-gallery-item__image\" data-thumbnail=\"https:\/\/www.ytrollformingmachine.com\/wp-content\/uploads\/2026\/03\/\u5fae\u4fe1\u56fe\u7247_20250530140317.webp\" data-width=\"1332\" data-height=\"890\" aria-label=\"\" role=\"img\" ><\/div>\n\t\t\t\t\t\t\t\t\t\t\t<div class=\"elementor-gallery-item__overlay\"><\/div>\n\t\t\t\t\t\t\t\t\t\t\t\t\t\t<\/a>\n\t\t\t\t\t\t\t<a class=\"e-gallery-item elementor-gallery-item elementor-animated-content\" href=\"https:\/\/www.ytrollformingmachine.com\/wp-content\/uploads\/2026\/03\/\u5fae\u4fe1\u56fe\u7247_20250530140648.webp\" data-elementor-open-lightbox=\"yes\" data-elementor-lightbox-slideshow=\"f9d1cd6\" data-elementor-lightbox-title=\"\u5fae\u4fe1\u56fe\u7247_20250530140648\" data-e-action-hash=\"#elementor-action%3Aaction%3Dlightbox%26settings%3DeyJpZCI6NDEyNywidXJsIjoiaHR0cHM6XC9cL3d3dy55dHJvbGxmb3JtaW5nbWFjaGluZS5jb21cL3dwLWNvbnRlbnRcL3VwbG9hZHNcLzIwMjZcLzAzXC9cdTVmYWVcdTRmZTFcdTU2ZmVcdTcyNDdfMjAyNTA1MzAxNDA2NDgud2VicCIsInNsaWRlc2hvdyI6ImY5ZDFjZDYifQ%3D%3D\">\n\t\t\t\t\t<div class=\"e-gallery-image elementor-gallery-item__image\" data-thumbnail=\"https:\/\/www.ytrollformingmachine.com\/wp-content\/uploads\/2026\/03\/\u5fae\u4fe1\u56fe\u7247_20250530140648.webp\" data-width=\"1706\" data-height=\"1279\" aria-label=\"\" role=\"img\" ><\/div>\n\t\t\t\t\t\t\t\t\t\t\t<div class=\"elementor-gallery-item__overlay\"><\/div>\n\t\t\t\t\t\t\t\t\t\t\t\t\t\t<\/a>\n\t\t\t\t\t\t\t<a class=\"e-gallery-item elementor-gallery-item elementor-animated-content\" href=\"https:\/\/www.ytrollformingmachine.com\/wp-content\/uploads\/2026\/03\/\u5fae\u4fe1\u56fe\u7247_20250530140652.webp\" data-elementor-open-lightbox=\"yes\" data-elementor-lightbox-slideshow=\"f9d1cd6\" data-elementor-lightbox-title=\"\u5fae\u4fe1\u56fe\u7247_20250530140652\" data-e-action-hash=\"#elementor-action%3Aaction%3Dlightbox%26settings%3DeyJpZCI6NDEyOCwidXJsIjoiaHR0cHM6XC9cL3d3dy55dHJvbGxmb3JtaW5nbWFjaGluZS5jb21cL3dwLWNvbnRlbnRcL3VwbG9hZHNcLzIwMjZcLzAzXC9cdTVmYWVcdTRmZTFcdTU2ZmVcdTcyNDdfMjAyNTA1MzAxNDA2NTIud2VicCIsInNsaWRlc2hvdyI6ImY5ZDFjZDYifQ%3D%3D\">\n\t\t\t\t\t<div class=\"e-gallery-image elementor-gallery-item__image\" data-thumbnail=\"https:\/\/www.ytrollformingmachine.com\/wp-content\/uploads\/2026\/03\/\u5fae\u4fe1\u56fe\u7247_20250530140652.webp\" data-width=\"1706\" data-height=\"1279\" aria-label=\"\" role=\"img\" ><\/div>\n\t\t\t\t\t\t\t\t\t\t\t<div class=\"elementor-gallery-item__overlay\"><\/div>\n\t\t\t\t\t\t\t\t\t\t\t\t\t\t<\/a>\n\t\t\t\t\t\t\t<a class=\"e-gallery-item elementor-gallery-item elementor-animated-content\" href=\"https:\/\/www.ytrollformingmachine.com\/wp-content\/uploads\/2026\/03\/\u5fae\u4fe1\u56fe\u7247_20260113154304_67_1393.webp\" data-elementor-open-lightbox=\"yes\" data-elementor-lightbox-slideshow=\"f9d1cd6\" data-elementor-lightbox-title=\"\u5fae\u4fe1\u56fe\u7247_20260113154304_67_1393\" data-e-action-hash=\"#elementor-action%3Aaction%3Dlightbox%26settings%3DeyJpZCI6NDEyOSwidXJsIjoiaHR0cHM6XC9cL3d3dy55dHJvbGxmb3JtaW5nbWFjaGluZS5jb21cL3dwLWNvbnRlbnRcL3VwbG9hZHNcLzIwMjZcLzAzXC9cdTVmYWVcdTRmZTFcdTU2ZmVcdTcyNDdfMjAyNjAxMTMxNTQzMDRfNjdfMTM5My53ZWJwIiwic2xpZGVzaG93IjoiZjlkMWNkNiJ9\">\n\t\t\t\t\t<div class=\"e-gallery-image elementor-gallery-item__image\" data-thumbnail=\"https:\/\/www.ytrollformingmachine.com\/wp-content\/uploads\/2026\/03\/\u5fae\u4fe1\u56fe\u7247_20260113154304_67_1393.webp\" data-width=\"1671\" data-height=\"1279\" aria-label=\"\" role=\"img\" ><\/div>\n\t\t\t\t\t\t\t\t\t\t\t<div class=\"elementor-gallery-item__overlay\"><\/div>\n\t\t\t\t\t\t\t\t\t\t\t\t\t\t<\/a>\n\t\t\t\t\t<\/div>\n\t\t\t\t\t<\/div>\n\t\t\t\t\t<\/div>\n\t\t\t\t<\/div>\n\t\t\t\t<\/div>","protected":false},"excerpt":{"rendered":"<p>Client Visit Welcome to Cangzhou Yituo Cold Bending Technology Co., Ltd. Every visit is a gesture of trust; every exchange paves the way for mutual benefit. Recently, clients from all over the world traveled across mountains and seas to Cangzhou Yituo Cold Bending Technology Co., Ltd. to conduct on-site inspections of the entire R&amp;D and [&hellip;]<\/p>\n","protected":false},"author":1,"featured_media":0,"parent":0,"menu_order":0,"comment_status":"closed","ping_status":"closed","template":"","meta":{"footnotes":""},"class_list":["post-4116","page","type-page","status-publish","hentry"],"yoast_head":"<!-- This site is optimized with the Yoast SEO plugin v27.1.1 - https:\/\/yoast.com\/product\/yoast-seo-wordpress\/ -->\n<title>Client visit - YiTuo<\/title>\n<meta name=\"robots\" content=\"index, follow, max-snippet:-1, max-image-preview:large, max-video-preview:-1\" \/>\n<link rel=\"canonical\" href=\"https:\/\/www.ytrollformingmachine.com\/vi\/client-visit\/\" \/>\n<meta property=\"og:locale\" content=\"vi_VN\" \/>\n<meta property=\"og:type\" content=\"article\" \/>\n<meta property=\"og:title\" content=\"Client visit - YiTuo\" \/>\n<meta property=\"og:description\" content=\"Client Visit Welcome to Cangzhou Yituo Cold Bending Technology Co., Ltd. Every visit is a gesture of trust; every exchange paves the way for mutual benefit. Recently, clients from all over the world traveled across mountains and seas to Cangzhou Yituo Cold Bending Technology Co., Ltd. to conduct on-site inspections of the entire R&amp;D and [&hellip;]\" \/>\n<meta property=\"og:url\" content=\"https:\/\/www.ytrollformingmachine.com\/vi\/client-visit\/\" \/>\n<meta property=\"og:site_name\" content=\"YiTuo\" \/>\n<meta property=\"article:modified_time\" content=\"2026-03-10T14:32:58+00:00\" \/>\n<meta name=\"twitter:card\" content=\"summary_large_image\" \/>\n<meta name=\"twitter:label1\" content=\"\u01af\u1edbc t\u00ednh th\u1eddi gian \u0111\u1ecdc\" \/>\n\t<meta name=\"twitter:data1\" content=\"2 ph\u00fat\" \/>\n<script type=\"application\/ld+json\" class=\"yoast-schema-graph\">{\"@context\":\"https:\/\/schema.org\",\"@graph\":[{\"@type\":\"WebPage\",\"@id\":\"https:\/\/www.ytrollformingmachine.com\/client-visit\/\",\"url\":\"https:\/\/www.ytrollformingmachine.com\/client-visit\/\",\"name\":\"Client visit - YiTuo\",\"isPartOf\":{\"@id\":\"https:\/\/www.ytrollformingmachine.com\/#website\"},\"datePublished\":\"2026-03-04T07:19:17+00:00\",\"dateModified\":\"2026-03-10T14:32:58+00:00\",\"breadcrumb\":{\"@id\":\"https:\/\/www.ytrollformingmachine.com\/client-visit\/#breadcrumb\"},\"inLanguage\":\"vi\",\"potentialAction\":[{\"@type\":\"ReadAction\",\"target\":[\"https:\/\/www.ytrollformingmachine.com\/client-visit\/\"]}]},{\"@type\":\"BreadcrumbList\",\"@id\":\"https:\/\/www.ytrollformingmachine.com\/client-visit\/#breadcrumb\",\"itemListElement\":[{\"@type\":\"ListItem\",\"position\":1,\"name\":\"Home\",\"item\":\"https:\/\/www.ytrollformingmachine.com\/\"},{\"@type\":\"ListItem\",\"position\":2,\"name\":\"Client visit\"}]},{\"@type\":\"WebSite\",\"@id\":\"https:\/\/www.ytrollformingmachine.com\/#website\",\"url\":\"https:\/\/www.ytrollformingmachine.com\/\",\"name\":\"YiTuo\",\"description\":\"Cold Bending\",\"potentialAction\":[{\"@type\":\"SearchAction\",\"target\":{\"@type\":\"EntryPoint\",\"urlTemplate\":\"https:\/\/www.ytrollformingmachine.com\/?s={search_term_string}\"},\"query-input\":{\"@type\":\"PropertyValueSpecification\",\"valueRequired\":true,\"valueName\":\"search_term_string\"}}],\"inLanguage\":\"vi\"}]}<\/script>\n<!-- \/ Yoast SEO plugin. -->","yoast_head_json":{"title":"Chuy\u1ebfn th\u0103m c\u1ee7a kh\u00e1ch h\u00e0ng - YiTuo","robots":{"index":"index","follow":"follow","max-snippet":"max-snippet:-1","max-image-preview":"max-image-preview:large","max-video-preview":"max-video-preview:-1"},"canonical":"https:\/\/www.ytrollformingmachine.com\/vi\/client-visit\/","og_locale":"vi_VN","og_type":"article","og_title":"Client visit - YiTuo","og_description":"Client Visit Welcome to Cangzhou Yituo Cold Bending Technology Co., Ltd. Every visit is a gesture of trust; every exchange paves the way for mutual benefit. Recently, clients from all over the world traveled across mountains and seas to Cangzhou Yituo Cold Bending Technology Co., Ltd. to conduct on-site inspections of the entire R&amp;D and [&hellip;]","og_url":"https:\/\/www.ytrollformingmachine.com\/vi\/client-visit\/","og_site_name":"YiTuo","article_modified_time":"2026-03-10T14:32:58+00:00","twitter_card":"summary_large_image","twitter_misc":{"\u01af\u1edbc t\u00ednh th\u1eddi gian \u0111\u1ecdc":"2 ph\u00fat"},"schema":{"@context":"https:\/\/schema.org","@graph":[{"@type":"WebPage","@id":"https:\/\/www.ytrollformingmachine.com\/client-visit\/","url":"https:\/\/www.ytrollformingmachine.com\/client-visit\/","name":"Chuy\u1ebfn th\u0103m c\u1ee7a kh\u00e1ch h\u00e0ng - YiTuo","isPartOf":{"@id":"https:\/\/www.ytrollformingmachine.com\/#website"},"datePublished":"2026-03-04T07:19:17+00:00","dateModified":"2026-03-10T14:32:58+00:00","breadcrumb":{"@id":"https:\/\/www.ytrollformingmachine.com\/client-visit\/#breadcrumb"},"inLanguage":"vi","potentialAction":[{"@type":"ReadAction","target":["https:\/\/www.ytrollformingmachine.com\/client-visit\/"]}]},{"@type":"BreadcrumbList","@id":"https:\/\/www.ytrollformingmachine.com\/client-visit\/#breadcrumb","itemListElement":[{"@type":"ListItem","position":1,"name":"Home","item":"https:\/\/www.ytrollformingmachine.com\/"},{"@type":"ListItem","position":2,"name":"Client visit"}]},{"@type":"WebSite","@id":"https:\/\/www.ytrollformingmachine.com\/#website","url":"https:\/\/www.ytrollformingmachine.com\/","name":"YiTuo","description":"U\u1ed1n ngu\u1ed9i","potentialAction":[{"@type":"SearchAction","target":{"@type":"EntryPoint","urlTemplate":"https:\/\/www.ytrollformingmachine.com\/?s={search_term_string}"},"query-input":{"@type":"PropertyValueSpecification","valueRequired":true,"valueName":"search_term_string"}}],"inLanguage":"vi"}]}},"_hostinger_reach_plugin_has_subscription_block":false,"_hostinger_reach_plugin_is_elementor":false,"_links":{"self":[{"href":"https:\/\/www.ytrollformingmachine.com\/vi\/wp-json\/wp\/v2\/pages\/4116","targetHints":{"allow":["GET"]}}],"collection":[{"href":"https:\/\/www.ytrollformingmachine.com\/vi\/wp-json\/wp\/v2\/pages"}],"about":[{"href":"https:\/\/www.ytrollformingmachine.com\/vi\/wp-json\/wp\/v2\/types\/page"}],"author":[{"embeddable":true,"href":"https:\/\/www.ytrollformingmachine.com\/vi\/wp-json\/wp\/v2\/users\/1"}],"replies":[{"embeddable":true,"href":"https:\/\/www.ytrollformingmachine.com\/vi\/wp-json\/wp\/v2\/comments?post=4116"}],"version-history":[{"count":7,"href":"https:\/\/www.ytrollformingmachine.com\/vi\/wp-json\/wp\/v2\/pages\/4116\/revisions"}],"predecessor-version":[{"id":4523,"href":"https:\/\/www.ytrollformingmachine.com\/vi\/wp-json\/wp\/v2\/pages\/4116\/revisions\/4523"}],"wp:attachment":[{"href":"https:\/\/www.ytrollformingmachine.com\/vi\/wp-json\/wp\/v2\/media?parent=4116"}],"curies":[{"name":"wp","href":"https:\/\/api.w.org\/{rel}","templated":true}]}}