{"id":4101,"date":"2026-03-04T07:12:30","date_gmt":"2026-03-04T07:12:30","guid":{"rendered":"https:\/\/www.ytrollformingmachine.com\/?page_id=4101"},"modified":"2026-03-10T14:33:46","modified_gmt":"2026-03-10T14:33:46","slug":"certificates","status":"publish","type":"page","link":"https:\/\/www.ytrollformingmachine.com\/vi\/certificates\/","title":{"rendered":"Ch\u1ee9ng ch\u1ec9"},"content":{"rendered":"<div data-elementor-type=\"wp-page\" data-elementor-id=\"4101\" class=\"elementor elementor-4101\" data-elementor-post-type=\"page\">\n\t\t\t\t<div class=\"elementor-element elementor-element-6139aa3 e-flex e-con-boxed e-con e-parent\" data-id=\"6139aa3\" data-element_type=\"container\" data-e-type=\"container\">\n\t\t\t\t\t<div class=\"e-con-inner\">\n\t\t\t\t<div class=\"elementor-element elementor-element-25eb0f6 elementor-widget elementor-widget-heading\" data-id=\"25eb0f6\" data-element_type=\"widget\" data-e-type=\"widget\" data-widget_type=\"heading.default\">\n\t\t\t\t\t<h2 class=\"elementor-heading-title elementor-size-default\">Ch\u1ee9ng ch\u1ec9<\/h2>\t\t\t\t<\/div>\n\t\t\t\t<div class=\"elementor-element elementor-element-a3610b9 elementor-widget elementor-widget-text-editor\" data-id=\"a3610b9\" data-element_type=\"widget\" data-e-type=\"widget\" data-widget_type=\"text-editor.default\">\n\t\t\t\t\t\t\t\t\t<p>V\u1edbi nhi\u1ec1u n\u0103m kinh nghi\u1ec7m ph\u00e1t tri\u1ec3n ng\u00e0nh th\u00e9p \u0111\u1ecbnh h\u00ecnh l\u1ea1nh, Yituo lu\u00f4n \u0111\u1eb7t ti\u00eau chu\u1ea9n tu\u00e2n th\u1ee7 v\u00e0 ch\u1ea5t l\u01b0\u1ee3ng l\u00ean h\u00e0ng \u0111\u1ea7u. Nh\u1edd v\u00e0o n\u0103ng l\u1ef1c k\u1ef9 thu\u1eadt v\u1eefng m\u1ea1nh v\u00e0 h\u1ec7 th\u1ed1ng qu\u1ea3n l\u00fd ti\u00eau chu\u1ea9n h\u00f3a, c\u00f4ng ty \u0111\u00e3 \u0111\u1ea1t \u0111\u01b0\u1ee3c nhi\u1ec1u ch\u1ee9ng nh\u1eadn v\u00e0 gi\u1ea3i th\u01b0\u1edfng uy t\u00edn, bao g\u1ed3m c\u00e1c ch\u1ee9ng ch\u1ec9 ch\u1ea5t l\u01b0\u1ee3ng c\u1ed1t l\u00f5i, ch\u1ee9ng ch\u1ec9 h\u00e0i l\u00f2ng c\u1ee7a ng\u01b0\u1eddi ti\u00eau d\u00f9ng, ch\u1ee9ng nh\u1eadn doanh nghi\u1ec7p c\u00f3 \u0111\u1ea1o \u0111\u1ee9c d\u1ecbch v\u1ee5 ch\u1ea5t l\u01b0\u1ee3ng, v\u00e0 ch\u1ee9ng nh\u1eadn BAC. M\u1ed7i ch\u1ee9ng nh\u1eadn l\u00e0 s\u1ef1 c\u00f4ng nh\u1eadn uy t\u00edn t\u1eeb b\u00ean th\u1ee9 ba v\u1ec1 n\u0103ng l\u1ef1c nghi\u00ean c\u1ee9u v\u00e0 ph\u00e1t tri\u1ec3n, ti\u00eau chu\u1ea9n s\u1ea3n xu\u1ea5t, ch\u1ea5t l\u01b0\u1ee3ng s\u1ea3n ph\u1ea9m v\u00e0 m\u1ee9c \u0111\u1ed9 d\u1ecbch v\u1ee5 c\u1ee7a ch\u00fang t\u00f4i, \u0111\u1ed3ng th\u1eddi l\u00e0 \u201ch\u1ed9 chi\u1ebfu ch\u1ea5t l\u01b0\u1ee3ng\u201d gi\u00fap ch\u00fang t\u00f4i m\u1edf r\u1ed9ng th\u1ecb tr\u01b0\u1eddng to\u00e0n c\u1ea7u v\u00e0 gi\u00e0nh \u0111\u01b0\u1ee3c s\u1ef1 tin t\u01b0\u1edfng c\u1ee7a kh\u00e1ch h\u00e0ng qu\u1ed1c t\u1ebf.<\/p><p>C\u00e1c ch\u1ee9ng nh\u1eadn n\u00e0y kh\u00f4ng ch\u1ec9 minh ch\u1ee9ng r\u00f5 n\u00e9t tri\u1ebft l\u00fd c\u1ee7a Yituo r\u1eb1ng \u201cch\u1ea5t l\u01b0\u1ee3ng l\u00e0 m\u1ea1ch m\u00e1u c\u1ee7a c\u00f4ng ty\u201d, m\u00e0 c\u00f2n c\u1ee7ng c\u1ed1 ni\u1ec1m tin c\u1ee7a ch\u00fang t\u00f4i trong vi\u1ec7c th\u1ef1c hi\u1ec7n ph\u01b0\u01a1ng ch\u00e2m d\u1ecbch v\u1ee5 \u201cch\u1ea5t l\u01b0\u1ee3ng l\u00e0 tr\u00ean h\u1ebft, uy t\u00edn l\u00e0 tr\u00ean h\u1ebft\u201d. C\u00e1c ch\u1ee9ng ch\u1ec9 ch\u1ea5t l\u01b0\u1ee3ng th\u1ec3 hi\u1ec7n s\u1ef1 theo \u0111u\u1ed5i kh\u00f4ng ng\u1eebng ngh\u1ec9 c\u1ee7a ch\u00fang t\u00f4i \u0111\u1ed1i v\u1edbi ch\u1ea5t l\u01b0\u1ee3ng s\u1ea3n ph\u1ea9m; c\u00e1c ch\u1ee9ng ch\u1ec9 v\u1ec1 s\u1ef1 h\u00e0i l\u00f2ng c\u1ee7a ng\u01b0\u1eddi ti\u00eau d\u00f9ng v\u00e0 ch\u1ee9ng nh\u1eadn doanh nghi\u1ec7p v\u1ec1 t\u00ednh to\u00e0n v\u1eb9n trong d\u1ecbch v\u1ee5 ch\u1ea5t l\u01b0\u1ee3ng l\u00e0 minh ch\u1ee9ng cho cam k\u1ebft d\u1ecbch v\u1ee5 c\u1ee7a ch\u00fang t\u00f4i; c\u00f2n ch\u1ee9ng nh\u1eadn BAC b\u1ea3o \u0111\u1ea3m cho s\u1ef1 m\u1edf r\u1ed9ng th\u1ecb tr\u01b0\u1eddng to\u00e0n c\u1ea7u c\u1ee7a c\u00e1c s\u1ea3n ph\u1ea9m. T\u1eeb kh\u00e2u l\u1ef1a ch\u1ecdn nguy\u00ean li\u1ec7u th\u00f4, s\u1ea3n xu\u1ea5t cho \u0111\u1ebfn giao h\u00e0ng s\u1ea3n ph\u1ea9m ho\u00e0n thi\u1ec7n, m\u1ed7i b\u01b0\u1edbc \u0111\u1ec1u tu\u00e2n th\u1ee7 nghi\u00eam ng\u1eb7t c\u00e1c ti\u00eau chu\u1ea9n ch\u1ee9ng nh\u1eadn \u0111\u1ec3 \u0111\u1ea3m b\u1ea3o r\u1eb1ng m\u1ecdi thi\u1ebft b\u1ecb \u0111\u1ec1u \u0111\u00e1p \u1ee9ng c\u00e1c ti\u00eau chu\u1ea9n ng\u00e0nh v\u00e0 y\u00eau c\u1ea7u \u1ee9ng d\u1ee5ng tr\u00ean to\u00e0n th\u1ebf gi\u1edbi. \u0110i\u1ec1u n\u00e0y gi\u00fap c\u00e1c s\u1ea3n ph\u1ea9m xu\u1ea5t kh\u1ea9u sang \u0110\u00f4ng Nam \u00c1, Trung \u0110\u00f4ng, Nam M\u1ef9, B\u1eafc M\u1ef9 v\u00e0 c\u00e1c khu v\u1ef1c kh\u00e1c \u0111\u01b0\u1ee3c kh\u00e1ch h\u00e0ng c\u00f4ng nh\u1eadn v\u1ec1 ch\u1ea5t l\u01b0\u1ee3ng \u0111\u00e1ng tin c\u1eady. \u0110\u1ed3ng th\u1eddi, \u0111i\u1ec1u n\u00e0y c\u0169ng cho ph\u00e9p m\u1ed7i kh\u00e1ch h\u00e0ng \u0111\u1ebfn th\u0103m tr\u1ef1c ti\u1ebfp tr\u1ea3i nghi\u1ec7m s\u1ef1 chuy\u00ean nghi\u1ec7p v\u00e0 \u0111\u00e1ng tin c\u1eady c\u1ee7a Yituo, t\u1ea1o n\u1ec1n t\u1ea3ng v\u1eefng ch\u1eafc cho s\u1ef1 tin t\u01b0\u1edfng nh\u1eb1m th\u00fac \u0111\u1ea9y h\u1ee3p t\u00e1c s\u00e2u r\u1ed9ng gi\u1eefa hai b\u00ean trong t\u01b0\u01a1ng lai.<\/p>\t\t\t\t\t\t\t\t<\/div>\n\t\t\t\t<div class=\"elementor-element elementor-element-258a422 elementor-widget elementor-widget-gallery\" data-id=\"258a422\" data-element_type=\"widget\" data-e-type=\"widget\" data-settings=\"{&quot;gallery_layout&quot;:&quot;masonry&quot;,&quot;columns_tablet&quot;:3,&quot;columns_mobile&quot;:2,&quot;lazyload&quot;:&quot;yes&quot;,&quot;columns&quot;:4,&quot;gap&quot;:{&quot;unit&quot;:&quot;px&quot;,&quot;size&quot;:10,&quot;sizes&quot;:[]},&quot;gap_tablet&quot;:{&quot;unit&quot;:&quot;px&quot;,&quot;size&quot;:10,&quot;sizes&quot;:[]},&quot;gap_mobile&quot;:{&quot;unit&quot;:&quot;px&quot;,&quot;size&quot;:10,&quot;sizes&quot;:[]},&quot;link_to&quot;:&quot;file&quot;,&quot;overlay_background&quot;:&quot;yes&quot;,&quot;content_hover_animation&quot;:&quot;fade-in&quot;}\" data-widget_type=\"gallery.default\">\n\t\t\t\t\t\t\t<div class=\"elementor-gallery__container\">\n\t\t\t\t\t\t\t<a class=\"e-gallery-item elementor-gallery-item elementor-animated-content\" href=\"https:\/\/www.ytrollformingmachine.com\/wp-content\/uploads\/2026\/03\/\u5fae\u4fe1\u56fe\u7247_20260113154306_69_1393.webp\" data-elementor-open-lightbox=\"yes\" data-elementor-lightbox-slideshow=\"258a422\" data-elementor-lightbox-title=\"\u5fae\u4fe1\u56fe\u7247_20260113154306_69_1393\" data-e-action-hash=\"#elementor-action%3Aaction%3Dlightbox%26settings%3DeyJpZCI6NDEwMywidXJsIjoiaHR0cHM6XC9cL3d3dy55dHJvbGxmb3JtaW5nbWFjaGluZS5jb21cL3dwLWNvbnRlbnRcL3VwbG9hZHNcLzIwMjZcLzAzXC9cdTVmYWVcdTRmZTFcdTU2ZmVcdTcyNDdfMjAyNjAxMTMxNTQzMDZfNjlfMTM5My53ZWJwIiwic2xpZGVzaG93IjoiMjU4YTQyMiJ9\">\n\t\t\t\t\t<div class=\"e-gallery-image elementor-gallery-item__image\" data-thumbnail=\"https:\/\/www.ytrollformingmachine.com\/wp-content\/uploads\/2026\/03\/\u5fae\u4fe1\u56fe\u7247_20260113154306_69_1393.webp\" data-width=\"768\" data-height=\"1061\" aria-label=\"\" role=\"img\" ><\/div>\n\t\t\t\t\t\t\t\t\t\t\t<div class=\"elementor-gallery-item__overlay\"><\/div>\n\t\t\t\t\t\t\t\t\t\t\t\t\t\t<\/a>\n\t\t\t\t\t\t\t<a class=\"e-gallery-item elementor-gallery-item elementor-animated-content\" href=\"https:\/\/www.ytrollformingmachine.com\/wp-content\/uploads\/2026\/03\/\u5fae\u4fe1\u56fe\u7247_20260113154309_71_1393.webp\" data-elementor-open-lightbox=\"yes\" data-elementor-lightbox-slideshow=\"258a422\" data-elementor-lightbox-title=\"\u5fae\u4fe1\u56fe\u7247_20260113154309_71_1393\" data-e-action-hash=\"#elementor-action%3Aaction%3Dlightbox%26settings%3DeyJpZCI6NDEwNCwidXJsIjoiaHR0cHM6XC9cL3d3dy55dHJvbGxmb3JtaW5nbWFjaGluZS5jb21cL3dwLWNvbnRlbnRcL3VwbG9hZHNcLzIwMjZcLzAzXC9cdTVmYWVcdTRmZTFcdTU2ZmVcdTcyNDdfMjAyNjAxMTMxNTQzMDlfNzFfMTM5My53ZWJwIiwic2xpZGVzaG93IjoiMjU4YTQyMiJ9\">\n\t\t\t\t\t<div class=\"e-gallery-image elementor-gallery-item__image\" data-thumbnail=\"https:\/\/www.ytrollformingmachine.com\/wp-content\/uploads\/2026\/03\/\u5fae\u4fe1\u56fe\u7247_20260113154309_71_1393.webp\" data-width=\"768\" data-height=\"1056\" aria-label=\"\" role=\"img\" ><\/div>\n\t\t\t\t\t\t\t\t\t\t\t<div class=\"elementor-gallery-item__overlay\"><\/div>\n\t\t\t\t\t\t\t\t\t\t\t\t\t\t<\/a>\n\t\t\t\t\t\t\t<a class=\"e-gallery-item elementor-gallery-item elementor-animated-content\" href=\"https:\/\/www.ytrollformingmachine.com\/wp-content\/uploads\/2026\/03\/\u5fae\u4fe1\u56fe\u7247_20260113154310_72_1393.webp\" data-elementor-open-lightbox=\"yes\" data-elementor-lightbox-slideshow=\"258a422\" data-elementor-lightbox-title=\"\u5fae\u4fe1\u56fe\u7247_20260113154310_72_1393\" data-e-action-hash=\"#elementor-action%3Aaction%3Dlightbox%26settings%3DeyJpZCI6NDEwNSwidXJsIjoiaHR0cHM6XC9cL3d3dy55dHJvbGxmb3JtaW5nbWFjaGluZS5jb21cL3dwLWNvbnRlbnRcL3VwbG9hZHNcLzIwMjZcLzAzXC9cdTVmYWVcdTRmZTFcdTU2ZmVcdTcyNDdfMjAyNjAxMTMxNTQzMTBfNzJfMTM5My53ZWJwIiwic2xpZGVzaG93IjoiMjU4YTQyMiJ9\">\n\t\t\t\t\t<div class=\"e-gallery-image elementor-gallery-item__image\" data-thumbnail=\"https:\/\/www.ytrollformingmachine.com\/wp-content\/uploads\/2026\/03\/\u5fae\u4fe1\u56fe\u7247_20260113154310_72_1393.webp\" data-width=\"2508\" data-height=\"1672\" aria-label=\"\" role=\"img\" ><\/div>\n\t\t\t\t\t\t\t\t\t\t\t<div class=\"elementor-gallery-item__overlay\"><\/div>\n\t\t\t\t\t\t\t\t\t\t\t\t\t\t<\/a>\n\t\t\t\t\t\t\t<a class=\"e-gallery-item elementor-gallery-item elementor-animated-content\" href=\"https:\/\/www.ytrollformingmachine.com\/wp-content\/uploads\/2026\/03\/\u5fae\u4fe1\u56fe\u7247_20260113155432_125_97.webp\" data-elementor-open-lightbox=\"yes\" data-elementor-lightbox-slideshow=\"258a422\" data-elementor-lightbox-title=\"\u5fae\u4fe1\u56fe\u7247_20260113155432_125_97\" data-e-action-hash=\"#elementor-action%3Aaction%3Dlightbox%26settings%3DeyJpZCI6NDEwNiwidXJsIjoiaHR0cHM6XC9cL3d3dy55dHJvbGxmb3JtaW5nbWFjaGluZS5jb21cL3dwLWNvbnRlbnRcL3VwbG9hZHNcLzIwMjZcLzAzXC9cdTVmYWVcdTRmZTFcdTU2ZmVcdTcyNDdfMjAyNjAxMTMxNTU0MzJfMTI1Xzk3LndlYnAiLCJzbGlkZXNob3ciOiIyNThhNDIyIn0%3D\">\n\t\t\t\t\t<div class=\"e-gallery-image elementor-gallery-item__image\" data-thumbnail=\"https:\/\/www.ytrollformingmachine.com\/wp-content\/uploads\/2026\/03\/\u5fae\u4fe1\u56fe\u7247_20260113155432_125_97.webp\" data-width=\"1280\" data-height=\"1810\" aria-label=\"\" role=\"img\" ><\/div>\n\t\t\t\t\t\t\t\t\t\t\t<div class=\"elementor-gallery-item__overlay\"><\/div>\n\t\t\t\t\t\t\t\t\t\t\t\t\t\t<\/a>\n\t\t\t\t\t\t\t<a class=\"e-gallery-item elementor-gallery-item elementor-animated-content\" href=\"https:\/\/www.ytrollformingmachine.com\/wp-content\/uploads\/2026\/03\/\u5fae\u4fe1\u56fe\u7247_20260113155852_126_97.webp\" data-elementor-open-lightbox=\"yes\" data-elementor-lightbox-slideshow=\"258a422\" data-elementor-lightbox-title=\"\u5fae\u4fe1\u56fe\u7247_20260113155852_126_97\" data-e-action-hash=\"#elementor-action%3Aaction%3Dlightbox%26settings%3DeyJpZCI6NDEwNywidXJsIjoiaHR0cHM6XC9cL3d3dy55dHJvbGxmb3JtaW5nbWFjaGluZS5jb21cL3dwLWNvbnRlbnRcL3VwbG9hZHNcLzIwMjZcLzAzXC9cdTVmYWVcdTRmZTFcdTU2ZmVcdTcyNDdfMjAyNjAxMTMxNTU4NTJfMTI2Xzk3LndlYnAiLCJzbGlkZXNob3ciOiIyNThhNDIyIn0%3D\">\n\t\t\t\t\t<div class=\"e-gallery-image elementor-gallery-item__image\" data-thumbnail=\"https:\/\/www.ytrollformingmachine.com\/wp-content\/uploads\/2026\/03\/\u5fae\u4fe1\u56fe\u7247_20260113155852_126_97.webp\" data-width=\"1280\" data-height=\"1810\" aria-label=\"\" role=\"img\" ><\/div>\n\t\t\t\t\t\t\t\t\t\t\t<div class=\"elementor-gallery-item__overlay\"><\/div>\n\t\t\t\t\t\t\t\t\t\t\t\t\t\t<\/a>\n\t\t\t\t\t\t\t<a class=\"e-gallery-item elementor-gallery-item elementor-animated-content\" href=\"https:\/\/www.ytrollformingmachine.com\/wp-content\/uploads\/2026\/03\/\u5fae\u4fe1\u56fe\u7247_20260113155912_127_97.webp\" data-elementor-open-lightbox=\"yes\" data-elementor-lightbox-slideshow=\"258a422\" data-elementor-lightbox-title=\"\u5fae\u4fe1\u56fe\u7247_20260113155912_127_97\" data-e-action-hash=\"#elementor-action%3Aaction%3Dlightbox%26settings%3DeyJpZCI6NDEwOCwidXJsIjoiaHR0cHM6XC9cL3d3dy55dHJvbGxmb3JtaW5nbWFjaGluZS5jb21cL3dwLWNvbnRlbnRcL3VwbG9hZHNcLzIwMjZcLzAzXC9cdTVmYWVcdTRmZTFcdTU2ZmVcdTcyNDdfMjAyNjAxMTMxNTU5MTJfMTI3Xzk3LndlYnAiLCJzbGlkZXNob3ciOiIyNThhNDIyIn0%3D\">\n\t\t\t\t\t<div class=\"e-gallery-image elementor-gallery-item__image\" data-thumbnail=\"https:\/\/www.ytrollformingmachine.com\/wp-content\/uploads\/2026\/03\/\u5fae\u4fe1\u56fe\u7247_20260113155912_127_97.webp\" data-width=\"1280\" data-height=\"1810\" aria-label=\"\" role=\"img\" ><\/div>\n\t\t\t\t\t\t\t\t\t\t\t<div class=\"elementor-gallery-item__overlay\"><\/div>\n\t\t\t\t\t\t\t\t\t\t\t\t\t\t<\/a>\n\t\t\t\t\t\t\t<a class=\"e-gallery-item elementor-gallery-item elementor-animated-content\" href=\"https:\/\/www.ytrollformingmachine.com\/wp-content\/uploads\/2026\/03\/\u5fae\u4fe1\u56fe\u7247_20260113160543_128_97.webp\" data-elementor-open-lightbox=\"yes\" data-elementor-lightbox-slideshow=\"258a422\" data-elementor-lightbox-title=\"\u5fae\u4fe1\u56fe\u7247_20260113160543_128_97\" data-e-action-hash=\"#elementor-action%3Aaction%3Dlightbox%26settings%3DeyJpZCI6NDEwOSwidXJsIjoiaHR0cHM6XC9cL3d3dy55dHJvbGxmb3JtaW5nbWFjaGluZS5jb21cL3dwLWNvbnRlbnRcL3VwbG9hZHNcLzIwMjZcLzAzXC9cdTVmYWVcdTRmZTFcdTU2ZmVcdTcyNDdfMjAyNjAxMTMxNjA1NDNfMTI4Xzk3LndlYnAiLCJzbGlkZXNob3ciOiIyNThhNDIyIn0%3D\">\n\t\t\t\t\t<div class=\"e-gallery-image elementor-gallery-item__image\" data-thumbnail=\"https:\/\/www.ytrollformingmachine.com\/wp-content\/uploads\/2026\/03\/\u5fae\u4fe1\u56fe\u7247_20260113160543_128_97.webp\" data-width=\"1672\" data-height=\"2508\" aria-label=\"\" role=\"img\" ><\/div>\n\t\t\t\t\t\t\t\t\t\t\t<div class=\"elementor-gallery-item__overlay\"><\/div>\n\t\t\t\t\t\t\t\t\t\t\t\t\t\t<\/a>\n\t\t\t\t\t\t\t<a class=\"e-gallery-item elementor-gallery-item elementor-animated-content\" href=\"https:\/\/www.ytrollformingmachine.com\/wp-content\/uploads\/2026\/03\/\u5fae\u4fe1\u56fe\u7247_20260113160550_129_97.webp\" data-elementor-open-lightbox=\"yes\" data-elementor-lightbox-slideshow=\"258a422\" data-elementor-lightbox-title=\"\u5fae\u4fe1\u56fe\u7247_20260113160550_129_97\" data-e-action-hash=\"#elementor-action%3Aaction%3Dlightbox%26settings%3DeyJpZCI6NDExMCwidXJsIjoiaHR0cHM6XC9cL3d3dy55dHJvbGxmb3JtaW5nbWFjaGluZS5jb21cL3dwLWNvbnRlbnRcL3VwbG9hZHNcLzIwMjZcLzAzXC9cdTVmYWVcdTRmZTFcdTU2ZmVcdTcyNDdfMjAyNjAxMTMxNjA1NTBfMTI5Xzk3LndlYnAiLCJzbGlkZXNob3ciOiIyNThhNDIyIn0%3D\">\n\t\t\t\t\t<div class=\"e-gallery-image elementor-gallery-item__image\" data-thumbnail=\"https:\/\/www.ytrollformingmachine.com\/wp-content\/uploads\/2026\/03\/\u5fae\u4fe1\u56fe\u7247_20260113160550_129_97.webp\" data-width=\"1672\" data-height=\"2508\" aria-label=\"\" role=\"img\" ><\/div>\n\t\t\t\t\t\t\t\t\t\t\t<div class=\"elementor-gallery-item__overlay\"><\/div>\n\t\t\t\t\t\t\t\t\t\t\t\t\t\t<\/a>\n\t\t\t\t\t\t\t<a class=\"e-gallery-item elementor-gallery-item elementor-animated-content\" href=\"https:\/\/www.ytrollformingmachine.com\/wp-content\/uploads\/2026\/03\/\u5fae\u4fe1\u56fe\u7247_20260113160553_130_97.webp\" data-elementor-open-lightbox=\"yes\" data-elementor-lightbox-slideshow=\"258a422\" data-elementor-lightbox-title=\"\u5fae\u4fe1\u56fe\u7247_20260113160553_130_97\" data-e-action-hash=\"#elementor-action%3Aaction%3Dlightbox%26settings%3DeyJpZCI6NDExMSwidXJsIjoiaHR0cHM6XC9cL3d3dy55dHJvbGxmb3JtaW5nbWFjaGluZS5jb21cL3dwLWNvbnRlbnRcL3VwbG9hZHNcLzIwMjZcLzAzXC9cdTVmYWVcdTRmZTFcdTU2ZmVcdTcyNDdfMjAyNjAxMTMxNjA1NTNfMTMwXzk3LndlYnAiLCJzbGlkZXNob3ciOiIyNThhNDIyIn0%3D\">\n\t\t\t\t\t<div class=\"e-gallery-image elementor-gallery-item__image\" data-thumbnail=\"https:\/\/www.ytrollformingmachine.com\/wp-content\/uploads\/2026\/03\/\u5fae\u4fe1\u56fe\u7247_20260113160553_130_97.webp\" data-width=\"1672\" data-height=\"2508\" aria-label=\"\" role=\"img\" ><\/div>\n\t\t\t\t\t\t\t\t\t\t\t<div class=\"elementor-gallery-item__overlay\"><\/div>\n\t\t\t\t\t\t\t\t\t\t\t\t\t\t<\/a>\n\t\t\t\t\t<\/div>\n\t\t\t\t\t<\/div>\n\t\t\t\t\t<\/div>\n\t\t\t\t<\/div>\n\t\t\t\t<\/div>","protected":false},"excerpt":{"rendered":"<p>Certificates Having cultivated the cold-formed steel industry for many years, Yituo has always prioritized compliance and quality. Leveraging its strong technical capabilities and standardized management system, it has earned numerous authoritative certifications and honors, including core quality certificates, consumer satisfaction certificates, quality service integrity enterprise certification, and BAC certification. Each certificate serves as a third-party [&hellip;]<\/p>\n","protected":false},"author":1,"featured_media":0,"parent":0,"menu_order":0,"comment_status":"closed","ping_status":"closed","template":"","meta":{"footnotes":""},"class_list":["post-4101","page","type-page","status-publish","hentry"],"yoast_head":"<!-- This site is optimized with the Yoast SEO plugin v27.1.1 - https:\/\/yoast.com\/product\/yoast-seo-wordpress\/ -->\n<title>Certificates - YiTuo<\/title>\n<meta name=\"robots\" content=\"index, follow, max-snippet:-1, max-image-preview:large, max-video-preview:-1\" \/>\n<link rel=\"canonical\" href=\"https:\/\/www.ytrollformingmachine.com\/vi\/certificates\/\" \/>\n<meta property=\"og:locale\" content=\"vi_VN\" \/>\n<meta property=\"og:type\" content=\"article\" \/>\n<meta property=\"og:title\" content=\"Certificates - YiTuo\" \/>\n<meta property=\"og:description\" content=\"Certificates Having cultivated the cold-formed steel industry for many years, Yituo has always prioritized compliance and quality. Leveraging its strong technical capabilities and standardized management system, it has earned numerous authoritative certifications and honors, including core quality certificates, consumer satisfaction certificates, quality service integrity enterprise certification, and BAC certification. Each certificate serves as a third-party [&hellip;]\" \/>\n<meta property=\"og:url\" content=\"https:\/\/www.ytrollformingmachine.com\/vi\/certificates\/\" \/>\n<meta property=\"og:site_name\" content=\"YiTuo\" \/>\n<meta property=\"article:modified_time\" content=\"2026-03-10T14:33:46+00:00\" \/>\n<meta name=\"twitter:card\" content=\"summary_large_image\" \/>\n<meta name=\"twitter:label1\" content=\"\u01af\u1edbc t\u00ednh th\u1eddi gian \u0111\u1ecdc\" \/>\n\t<meta name=\"twitter:data1\" content=\"1 ph\u00fat\" \/>\n<script type=\"application\/ld+json\" class=\"yoast-schema-graph\">{\"@context\":\"https:\/\/schema.org\",\"@graph\":[{\"@type\":\"WebPage\",\"@id\":\"https:\/\/www.ytrollformingmachine.com\/certificates\/\",\"url\":\"https:\/\/www.ytrollformingmachine.com\/certificates\/\",\"name\":\"Certificates - YiTuo\",\"isPartOf\":{\"@id\":\"https:\/\/www.ytrollformingmachine.com\/#website\"},\"datePublished\":\"2026-03-04T07:12:30+00:00\",\"dateModified\":\"2026-03-10T14:33:46+00:00\",\"breadcrumb\":{\"@id\":\"https:\/\/www.ytrollformingmachine.com\/certificates\/#breadcrumb\"},\"inLanguage\":\"vi\",\"potentialAction\":[{\"@type\":\"ReadAction\",\"target\":[\"https:\/\/www.ytrollformingmachine.com\/certificates\/\"]}]},{\"@type\":\"BreadcrumbList\",\"@id\":\"https:\/\/www.ytrollformingmachine.com\/certificates\/#breadcrumb\",\"itemListElement\":[{\"@type\":\"ListItem\",\"position\":1,\"name\":\"Home\",\"item\":\"https:\/\/www.ytrollformingmachine.com\/\"},{\"@type\":\"ListItem\",\"position\":2,\"name\":\"Certificates\"}]},{\"@type\":\"WebSite\",\"@id\":\"https:\/\/www.ytrollformingmachine.com\/#website\",\"url\":\"https:\/\/www.ytrollformingmachine.com\/\",\"name\":\"YiTuo\",\"description\":\"Cold Bending\",\"potentialAction\":[{\"@type\":\"SearchAction\",\"target\":{\"@type\":\"EntryPoint\",\"urlTemplate\":\"https:\/\/www.ytrollformingmachine.com\/?s={search_term_string}\"},\"query-input\":{\"@type\":\"PropertyValueSpecification\",\"valueRequired\":true,\"valueName\":\"search_term_string\"}}],\"inLanguage\":\"vi\"}]}<\/script>\n<!-- \/ Yoast SEO plugin. -->","yoast_head_json":{"title":"Ch\u1ee9ng ch\u1ec9 - YiTuo","robots":{"index":"index","follow":"follow","max-snippet":"max-snippet:-1","max-image-preview":"max-image-preview:large","max-video-preview":"max-video-preview:-1"},"canonical":"https:\/\/www.ytrollformingmachine.com\/vi\/certificates\/","og_locale":"vi_VN","og_type":"article","og_title":"Certificates - YiTuo","og_description":"Certificates Having cultivated the cold-formed steel industry for many years, Yituo has always prioritized compliance and quality. Leveraging its strong technical capabilities and standardized management system, it has earned numerous authoritative certifications and honors, including core quality certificates, consumer satisfaction certificates, quality service integrity enterprise certification, and BAC certification. Each certificate serves as a third-party [&hellip;]","og_url":"https:\/\/www.ytrollformingmachine.com\/vi\/certificates\/","og_site_name":"YiTuo","article_modified_time":"2026-03-10T14:33:46+00:00","twitter_card":"summary_large_image","twitter_misc":{"\u01af\u1edbc t\u00ednh th\u1eddi gian \u0111\u1ecdc":"1 ph\u00fat"},"schema":{"@context":"https:\/\/schema.org","@graph":[{"@type":"WebPage","@id":"https:\/\/www.ytrollformingmachine.com\/certificates\/","url":"https:\/\/www.ytrollformingmachine.com\/certificates\/","name":"Ch\u1ee9ng ch\u1ec9 - YiTuo","isPartOf":{"@id":"https:\/\/www.ytrollformingmachine.com\/#website"},"datePublished":"2026-03-04T07:12:30+00:00","dateModified":"2026-03-10T14:33:46+00:00","breadcrumb":{"@id":"https:\/\/www.ytrollformingmachine.com\/certificates\/#breadcrumb"},"inLanguage":"vi","potentialAction":[{"@type":"ReadAction","target":["https:\/\/www.ytrollformingmachine.com\/certificates\/"]}]},{"@type":"BreadcrumbList","@id":"https:\/\/www.ytrollformingmachine.com\/certificates\/#breadcrumb","itemListElement":[{"@type":"ListItem","position":1,"name":"Home","item":"https:\/\/www.ytrollformingmachine.com\/"},{"@type":"ListItem","position":2,"name":"Certificates"}]},{"@type":"WebSite","@id":"https:\/\/www.ytrollformingmachine.com\/#website","url":"https:\/\/www.ytrollformingmachine.com\/","name":"YiTuo","description":"U\u1ed1n ngu\u1ed9i","potentialAction":[{"@type":"SearchAction","target":{"@type":"EntryPoint","urlTemplate":"https:\/\/www.ytrollformingmachine.com\/?s={search_term_string}"},"query-input":{"@type":"PropertyValueSpecification","valueRequired":true,"valueName":"search_term_string"}}],"inLanguage":"vi"}]}},"_hostinger_reach_plugin_has_subscription_block":false,"_hostinger_reach_plugin_is_elementor":false,"_links":{"self":[{"href":"https:\/\/www.ytrollformingmachine.com\/vi\/wp-json\/wp\/v2\/pages\/4101","targetHints":{"allow":["GET"]}}],"collection":[{"href":"https:\/\/www.ytrollformingmachine.com\/vi\/wp-json\/wp\/v2\/pages"}],"about":[{"href":"https:\/\/www.ytrollformingmachine.com\/vi\/wp-json\/wp\/v2\/types\/page"}],"author":[{"embeddable":true,"href":"https:\/\/www.ytrollformingmachine.com\/vi\/wp-json\/wp\/v2\/users\/1"}],"replies":[{"embeddable":true,"href":"https:\/\/www.ytrollformingmachine.com\/vi\/wp-json\/wp\/v2\/comments?post=4101"}],"version-history":[{"count":7,"href":"https:\/\/www.ytrollformingmachine.com\/vi\/wp-json\/wp\/v2\/pages\/4101\/revisions"}],"predecessor-version":[{"id":4526,"href":"https:\/\/www.ytrollformingmachine.com\/vi\/wp-json\/wp\/v2\/pages\/4101\/revisions\/4526"}],"wp:attachment":[{"href":"https:\/\/www.ytrollformingmachine.com\/vi\/wp-json\/wp\/v2\/media?parent=4101"}],"curies":[{"name":"wp","href":"https:\/\/api.w.org\/{rel}","templated":true}]}}