{"id":2190,"date":"2025-04-25T16:55:59","date_gmt":"2025-04-25T16:55:59","guid":{"rendered":"https:\/\/factgo.nextwpcook.com\/?page_id=2190"},"modified":"2026-03-13T02:47:30","modified_gmt":"2026-03-13T02:47:30","slug":"solutions","status":"publish","type":"page","link":"https:\/\/www.ytrollformingmachine.com\/vi\/solutions\/","title":{"rendered":"Ch\u01b0\u01a1ng tr\u00ecnh gi\u1edbi thi\u1ec7u s\u1ea3n ph\u1ea9m"},"content":{"rendered":"<div data-elementor-type=\"wp-page\" data-elementor-id=\"2190\" class=\"elementor elementor-2190\" data-elementor-post-type=\"page\">\n\t\t\t\t<div class=\"elementor-element elementor-element-1890f4c e-grid e-con-boxed e-con e-parent\" data-id=\"1890f4c\" data-element_type=\"container\" data-e-type=\"container\">\n\t\t\t\t\t<div class=\"e-con-inner\">\n\t\t\t\t<div class=\"elementor-element elementor-element-24be83c elementor-widget elementor-widget-txwpc-icon-box\" data-id=\"24be83c\" data-element_type=\"widget\" data-e-type=\"widget\" data-widget_type=\"txwpc-icon-box.default\">\n\t\t\t\t<div class=\"elementor-widget-container\">\n\t\t\t\t\t\r\n        <div class=\"icon__box-item\">\r\n                                                                        <div class=\"icon__box-item-icon\">\r\n                        <i aria-hidden=\"true\" class=\"flaticon flaticon-repairing\"><\/i>                                            <\/div>\r\n                                        <div class=\"icon__box-item-content\">\r\n                <div class=\"title\">\r\n                                            <h5 class=\"box-title\">\r\n                                                            <a href=\"\/vi\/service\/equipment-repair\/\">\r\n                                    S\u1eeda ch\u1eefa thi\u1ebft b\u1ecb                                <\/a>\r\n                                                    <\/h5>\r\n                                                        <\/div>\r\n                                <div>\r\n                    <a class=\"flexitype-button right\" href=\"\/vi\/service\/equipment-repair\/\">\r\n                        \u0110\u1ecdc th\u00eam                        <i class=\"flaticon flaticon-right-up\"><\/i>                    <\/a>\r\n                <\/div>\r\n                            <\/div>\r\n        <\/div>\r\n\r\n        \t\t\t\t<\/div>\n\t\t\t\t<\/div>\n\t\t\t\t<div class=\"elementor-element elementor-element-96151f5 elementor-widget elementor-widget-txwpc-icon-box\" data-id=\"96151f5\" data-element_type=\"widget\" data-e-type=\"widget\" data-widget_type=\"txwpc-icon-box.default\">\n\t\t\t\t<div class=\"elementor-widget-container\">\n\t\t\t\t\t\r\n        <div class=\"icon__box-item\">\r\n                                                                        <div class=\"icon__box-item-icon\">\r\n                        <i aria-hidden=\"true\" class=\"flaticon flaticon-developing\"><\/i>                                            <\/div>\r\n                                        <div class=\"icon__box-item-content\">\r\n                <div class=\"title\">\r\n                                            <h5 class=\"box-title\">\r\n                                                            <a href=\"\/vi\/service\/power-engineering\/\">\r\n                                    K\u1ef9 thu\u1eadt \u0111i\u1ec7n                                <\/a>\r\n                                                    <\/h5>\r\n                                                        <\/div>\r\n                                <div>\r\n                    <a class=\"flexitype-button right\" href=\"\/vi\/service\/power-engineering\/\">\r\n                        \u0110\u1ecdc th\u00eam                        <i class=\"flaticon flaticon-right-up\"><\/i>                    <\/a>\r\n                <\/div>\r\n                            <\/div>\r\n        <\/div>\r\n\r\n        \t\t\t\t<\/div>\n\t\t\t\t<\/div>\n\t\t\t\t<div class=\"elementor-element elementor-element-7d8cd79 elementor-widget elementor-widget-txwpc-icon-box\" data-id=\"7d8cd79\" data-element_type=\"widget\" data-e-type=\"widget\" data-widget_type=\"txwpc-icon-box.default\">\n\t\t\t\t<div class=\"elementor-widget-container\">\n\t\t\t\t\t\r\n        <div class=\"icon__box-item\">\r\n                                                                        <div class=\"icon__box-item-icon\">\r\n                        <i aria-hidden=\"true\" class=\"flaticon flaticon-dashboard-1\"><\/i>                                            <\/div>\r\n                                        <div class=\"icon__box-item-content\">\r\n                <div class=\"title\">\r\n                                            <h5 class=\"box-title\">\r\n                                                            <a href=\"\/vi\/service\/equipment-rentals\/\">\r\n                                    Cho thu\u00ea thi\u1ebft b\u1ecb                                <\/a>\r\n                                                    <\/h5>\r\n                                                        <\/div>\r\n                                <div>\r\n                    <a class=\"flexitype-button right\" href=\"\/vi\/service\/equipment-rentals\/\">\r\n                        \u0110\u1ecdc th\u00eam                        <i class=\"flaticon flaticon-right-up\"><\/i>                    <\/a>\r\n                <\/div>\r\n                            <\/div>\r\n        <\/div>\r\n\r\n        \t\t\t\t<\/div>\n\t\t\t\t<\/div>\n\t\t\t\t<div class=\"elementor-element elementor-element-34b6c5b elementor-widget elementor-widget-txwpc-icon-box\" data-id=\"34b6c5b\" data-element_type=\"widget\" data-e-type=\"widget\" data-widget_type=\"txwpc-icon-box.default\">\n\t\t\t\t<div class=\"elementor-widget-container\">\n\t\t\t\t\t\r\n        <div class=\"icon__box-item\">\r\n                                                                        <div class=\"icon__box-item-icon\">\r\n                        <i aria-hidden=\"true\" class=\"flaticon flaticon-ai\"><\/i>                                            <\/div>\r\n                                        <div class=\"icon__box-item-content\">\r\n                <div class=\"title\">\r\n                                            <h5 class=\"box-title\">\r\n                                                            <a href=\"\/vi\/service\/robotic-integration\/\">\r\n                                    T\u00edch h\u1ee3p robot                                <\/a>\r\n                                                    <\/h5>\r\n                                                        <\/div>\r\n                                <div>\r\n                    <a class=\"flexitype-button right\" href=\"\/vi\/service\/robotic-integration\/\">\r\n                        \u0110\u1ecdc th\u00eam                        <i class=\"flaticon flaticon-right-up\"><\/i>                    <\/a>\r\n                <\/div>\r\n                            <\/div>\r\n        <\/div>\r\n\r\n        \t\t\t\t<\/div>\n\t\t\t\t<\/div>\n\t\t\t\t<div class=\"elementor-element elementor-element-cc229fd elementor-widget elementor-widget-txwpc-icon-box\" data-id=\"cc229fd\" data-element_type=\"widget\" data-e-type=\"widget\" data-widget_type=\"txwpc-icon-box.default\">\n\t\t\t\t<div class=\"elementor-widget-container\">\n\t\t\t\t\t\r\n        <div class=\"icon__box-item\">\r\n                                                                        <div class=\"icon__box-item-icon\">\r\n                        <i aria-hidden=\"true\" class=\"flaticon flaticon-brand\"><\/i>                                            <\/div>\r\n                                        <div class=\"icon__box-item-content\">\r\n                <div class=\"title\">\r\n                                            <h5 class=\"box-title\">\r\n                                                            <a href=\"\/vi\/service\/metal-fabrication\/\">\r\n                                    Ch\u1ebf t\u1ea1o kim lo\u1ea1i                                <\/a>\r\n                                                    <\/h5>\r\n                                                        <\/div>\r\n                                <div>\r\n                    <a class=\"flexitype-button right\" href=\"\/vi\/service\/metal-fabrication\/\">\r\n                        \u0110\u1ecdc th\u00eam                        <i class=\"flaticon flaticon-right-up\"><\/i>                    <\/a>\r\n                <\/div>\r\n                            <\/div>\r\n        <\/div>\r\n\r\n        \t\t\t\t<\/div>\n\t\t\t\t<\/div>\n\t\t\t\t<div class=\"elementor-element elementor-element-8e20f6d elementor-widget elementor-widget-txwpc-icon-box\" data-id=\"8e20f6d\" data-element_type=\"widget\" data-e-type=\"widget\" data-widget_type=\"txwpc-icon-box.default\">\n\t\t\t\t<div class=\"elementor-widget-container\">\n\t\t\t\t\t\r\n        <div class=\"icon__box-item\">\r\n                                                                        <div class=\"icon__box-item-icon\">\r\n                        <i aria-hidden=\"true\" class=\"flaticon flaticon-searching\"><\/i>                                            <\/div>\r\n                                        <div class=\"icon__box-item-content\">\r\n                <div class=\"title\">\r\n                                            <h5 class=\"box-title\">\r\n                                                            <a href=\"\/vi\/service\/industrial-safety\/\">\r\n                                    An to\u00e0n lao \u0111\u1ed9ng                                 <\/a>\r\n                                                    <\/h5>\r\n                                                        <\/div>\r\n                                <div>\r\n                    <a class=\"flexitype-button right\" href=\"\/vi\/service\/industrial-safety\/\">\r\n                        \u0110\u1ecdc th\u00eam                        <i class=\"flaticon flaticon-right-up\"><\/i>                    <\/a>\r\n                <\/div>\r\n                            <\/div>\r\n        <\/div>\r\n\r\n        \t\t\t\t<\/div>\n\t\t\t\t<\/div>\n\t\t\t\t\t<\/div>\n\t\t\t\t<\/div>\n\t\t\t\t<\/div>","protected":false},"excerpt":{"rendered":"<p>S\u1eeda ch\u1eefa thi\u1ebft b\u1ecb Xem th\u00eam K\u1ef9 thu\u1eadt \u0111i\u1ec7n Xem th\u00eam Cho thu\u00ea thi\u1ebft b\u1ecb Xem th\u00eam T\u00edch h\u1ee3p robot Xem th\u00eam Gia c\u00f4ng kim lo\u1ea1i Xem th\u00eam An to\u00e0n c\u00f4ng nghi\u1ec7p Xem th\u00eam<\/p>","protected":false},"author":1,"featured_media":4136,"parent":0,"menu_order":0,"comment_status":"closed","ping_status":"closed","template":"page-builder.php","meta":{"footnotes":""},"class_list":["post-2190","page","type-page","status-publish","has-post-thumbnail","hentry"],"yoast_head":"<!-- This site is optimized with the Yoast SEO plugin v27.1.1 - https:\/\/yoast.com\/product\/yoast-seo-wordpress\/ -->\n<title>Case Shows - YiTuo<\/title>\n<meta name=\"robots\" content=\"index, follow, max-snippet:-1, max-image-preview:large, max-video-preview:-1\" \/>\n<link rel=\"canonical\" href=\"https:\/\/www.ytrollformingmachine.com\/vi\/solutions\/\" \/>\n<meta property=\"og:locale\" content=\"vi_VN\" \/>\n<meta property=\"og:type\" content=\"article\" \/>\n<meta property=\"og:title\" content=\"Case Shows - YiTuo\" \/>\n<meta property=\"og:description\" content=\"Equipment Repair Read More Power Engineering Read More Equipment Rentals Read More Robotic Integration Read More Metal Fabrication Read More Industrial Safety Read More\" \/>\n<meta property=\"og:url\" content=\"https:\/\/www.ytrollformingmachine.com\/vi\/solutions\/\" \/>\n<meta property=\"og:site_name\" content=\"YiTuo\" \/>\n<meta property=\"article:modified_time\" content=\"2026-03-13T02:47:30+00:00\" \/>\n<meta property=\"og:image\" content=\"https:\/\/www.ytrollformingmachine.com\/wp-content\/uploads\/2026\/03\/\u89e3\u51b3\u65b9\u6848-scaled.webp\" \/>\n\t<meta property=\"og:image:width\" content=\"2560\" \/>\n\t<meta property=\"og:image:height\" content=\"1707\" \/>\n\t<meta property=\"og:image:type\" content=\"image\/webp\" \/>\n<meta name=\"twitter:card\" content=\"summary_large_image\" \/>\n<meta name=\"twitter:label1\" content=\"\u01af\u1edbc t\u00ednh th\u1eddi gian \u0111\u1ecdc\" \/>\n\t<meta name=\"twitter:data1\" content=\"1 ph\u00fat\" \/>\n<script type=\"application\/ld+json\" class=\"yoast-schema-graph\">{\"@context\":\"https:\/\/schema.org\",\"@graph\":[{\"@type\":\"WebPage\",\"@id\":\"https:\/\/www.ytrollformingmachine.com\/solutions\/\",\"url\":\"https:\/\/www.ytrollformingmachine.com\/solutions\/\",\"name\":\"Case Shows - YiTuo\",\"isPartOf\":{\"@id\":\"https:\/\/www.ytrollformingmachine.com\/#website\"},\"primaryImageOfPage\":{\"@id\":\"https:\/\/www.ytrollformingmachine.com\/solutions\/#primaryimage\"},\"image\":{\"@id\":\"https:\/\/www.ytrollformingmachine.com\/solutions\/#primaryimage\"},\"thumbnailUrl\":\"https:\/\/www.ytrollformingmachine.com\/wp-content\/uploads\/2026\/03\/\u89e3\u51b3\u65b9\u6848-scaled.webp\",\"datePublished\":\"2025-04-25T16:55:59+00:00\",\"dateModified\":\"2026-03-13T02:47:30+00:00\",\"breadcrumb\":{\"@id\":\"https:\/\/www.ytrollformingmachine.com\/solutions\/#breadcrumb\"},\"inLanguage\":\"vi\",\"potentialAction\":[{\"@type\":\"ReadAction\",\"target\":[\"https:\/\/www.ytrollformingmachine.com\/solutions\/\"]}]},{\"@type\":\"ImageObject\",\"inLanguage\":\"vi\",\"@id\":\"https:\/\/www.ytrollformingmachine.com\/solutions\/#primaryimage\",\"url\":\"https:\/\/www.ytrollformingmachine.com\/wp-content\/uploads\/2026\/03\/\u89e3\u51b3\u65b9\u6848-scaled.webp\",\"contentUrl\":\"https:\/\/www.ytrollformingmachine.com\/wp-content\/uploads\/2026\/03\/\u89e3\u51b3\u65b9\u6848-scaled.webp\",\"width\":2560,\"height\":1707},{\"@type\":\"BreadcrumbList\",\"@id\":\"https:\/\/www.ytrollformingmachine.com\/solutions\/#breadcrumb\",\"itemListElement\":[{\"@type\":\"ListItem\",\"position\":1,\"name\":\"Home\",\"item\":\"https:\/\/www.ytrollformingmachine.com\/\"},{\"@type\":\"ListItem\",\"position\":2,\"name\":\"Case Shows\"}]},{\"@type\":\"WebSite\",\"@id\":\"https:\/\/www.ytrollformingmachine.com\/#website\",\"url\":\"https:\/\/www.ytrollformingmachine.com\/\",\"name\":\"YiTuo\",\"description\":\"Cold Bending\",\"potentialAction\":[{\"@type\":\"SearchAction\",\"target\":{\"@type\":\"EntryPoint\",\"urlTemplate\":\"https:\/\/www.ytrollformingmachine.com\/?s={search_term_string}\"},\"query-input\":{\"@type\":\"PropertyValueSpecification\",\"valueRequired\":true,\"valueName\":\"search_term_string\"}}],\"inLanguage\":\"vi\"}]}<\/script>\n<!-- \/ Yoast SEO plugin. -->","yoast_head_json":{"title":"Ch\u01b0\u01a1ng tr\u00ecnh gi\u1edbi thi\u1ec7u s\u1ea3n ph\u1ea9m - YiTuo","robots":{"index":"index","follow":"follow","max-snippet":"max-snippet:-1","max-image-preview":"max-image-preview:large","max-video-preview":"max-video-preview:-1"},"canonical":"https:\/\/www.ytrollformingmachine.com\/vi\/solutions\/","og_locale":"vi_VN","og_type":"article","og_title":"Case Shows - YiTuo","og_description":"Equipment Repair Read More Power Engineering Read More Equipment Rentals Read More Robotic Integration Read More Metal Fabrication Read More Industrial Safety Read More","og_url":"https:\/\/www.ytrollformingmachine.com\/vi\/solutions\/","og_site_name":"YiTuo","article_modified_time":"2026-03-13T02:47:30+00:00","og_image":[{"width":2560,"height":1707,"url":"https:\/\/www.ytrollformingmachine.com\/wp-content\/uploads\/2026\/03\/\u89e3\u51b3\u65b9\u6848-scaled.webp","type":"image\/webp"}],"twitter_card":"summary_large_image","twitter_misc":{"\u01af\u1edbc t\u00ednh th\u1eddi gian \u0111\u1ecdc":"1 ph\u00fat"},"schema":{"@context":"https:\/\/schema.org","@graph":[{"@type":"WebPage","@id":"https:\/\/www.ytrollformingmachine.com\/solutions\/","url":"https:\/\/www.ytrollformingmachine.com\/solutions\/","name":"Ch\u01b0\u01a1ng tr\u00ecnh gi\u1edbi thi\u1ec7u s\u1ea3n ph\u1ea9m - YiTuo","isPartOf":{"@id":"https:\/\/www.ytrollformingmachine.com\/#website"},"primaryImageOfPage":{"@id":"https:\/\/www.ytrollformingmachine.com\/solutions\/#primaryimage"},"image":{"@id":"https:\/\/www.ytrollformingmachine.com\/solutions\/#primaryimage"},"thumbnailUrl":"https:\/\/www.ytrollformingmachine.com\/wp-content\/uploads\/2026\/03\/\u89e3\u51b3\u65b9\u6848-scaled.webp","datePublished":"2025-04-25T16:55:59+00:00","dateModified":"2026-03-13T02:47:30+00:00","breadcrumb":{"@id":"https:\/\/www.ytrollformingmachine.com\/solutions\/#breadcrumb"},"inLanguage":"vi","potentialAction":[{"@type":"ReadAction","target":["https:\/\/www.ytrollformingmachine.com\/solutions\/"]}]},{"@type":"ImageObject","inLanguage":"vi","@id":"https:\/\/www.ytrollformingmachine.com\/solutions\/#primaryimage","url":"https:\/\/www.ytrollformingmachine.com\/wp-content\/uploads\/2026\/03\/\u89e3\u51b3\u65b9\u6848-scaled.webp","contentUrl":"https:\/\/www.ytrollformingmachine.com\/wp-content\/uploads\/2026\/03\/\u89e3\u51b3\u65b9\u6848-scaled.webp","width":2560,"height":1707},{"@type":"BreadcrumbList","@id":"https:\/\/www.ytrollformingmachine.com\/solutions\/#breadcrumb","itemListElement":[{"@type":"ListItem","position":1,"name":"Home","item":"https:\/\/www.ytrollformingmachine.com\/"},{"@type":"ListItem","position":2,"name":"Case Shows"}]},{"@type":"WebSite","@id":"https:\/\/www.ytrollformingmachine.com\/#website","url":"https:\/\/www.ytrollformingmachine.com\/","name":"YiTuo","description":"U\u1ed1n ngu\u1ed9i","potentialAction":[{"@type":"SearchAction","target":{"@type":"EntryPoint","urlTemplate":"https:\/\/www.ytrollformingmachine.com\/?s={search_term_string}"},"query-input":{"@type":"PropertyValueSpecification","valueRequired":true,"valueName":"search_term_string"}}],"inLanguage":"vi"}]}},"_hostinger_reach_plugin_has_subscription_block":false,"_hostinger_reach_plugin_is_elementor":false,"_links":{"self":[{"href":"https:\/\/www.ytrollformingmachine.com\/vi\/wp-json\/wp\/v2\/pages\/2190","targetHints":{"allow":["GET"]}}],"collection":[{"href":"https:\/\/www.ytrollformingmachine.com\/vi\/wp-json\/wp\/v2\/pages"}],"about":[{"href":"https:\/\/www.ytrollformingmachine.com\/vi\/wp-json\/wp\/v2\/types\/page"}],"author":[{"embeddable":true,"href":"https:\/\/www.ytrollformingmachine.com\/vi\/wp-json\/wp\/v2\/users\/1"}],"replies":[{"embeddable":true,"href":"https:\/\/www.ytrollformingmachine.com\/vi\/wp-json\/wp\/v2\/comments?post=2190"}],"version-history":[{"count":8,"href":"https:\/\/www.ytrollformingmachine.com\/vi\/wp-json\/wp\/v2\/pages\/2190\/revisions"}],"predecessor-version":[{"id":4639,"href":"https:\/\/www.ytrollformingmachine.com\/vi\/wp-json\/wp\/v2\/pages\/2190\/revisions\/4639"}],"wp:featuredmedia":[{"embeddable":true,"href":"https:\/\/www.ytrollformingmachine.com\/vi\/wp-json\/wp\/v2\/media\/4136"}],"wp:attachment":[{"href":"https:\/\/www.ytrollformingmachine.com\/vi\/wp-json\/wp\/v2\/media?parent=2190"}],"curies":[{"name":"wp","href":"https:\/\/api.w.org\/{rel}","templated":true}]}}