{"id":2163,"date":"2025-04-25T16:30:52","date_gmt":"2025-04-25T16:30:52","guid":{"rendered":"https:\/\/factgo.nextwpcook.com\/?page_id=2163"},"modified":"2026-03-10T14:58:58","modified_gmt":"2026-03-10T14:58:58","slug":"news","status":"publish","type":"page","link":"https:\/\/www.ytrollformingmachine.com\/vi\/news\/","title":{"rendered":"TIN T\u1ee8C"},"content":{"rendered":"<div data-elementor-type=\"wp-page\" data-elementor-id=\"2163\" class=\"elementor elementor-2163\" data-elementor-post-type=\"page\">\n\t\t\t\t<div class=\"elementor-element elementor-element-8fee986 e-flex e-con-boxed e-con e-parent\" data-id=\"8fee986\" data-element_type=\"container\" data-e-type=\"container\">\n\t\t\t\t\t<div class=\"e-con-inner\">\n\t\t\t\t<div class=\"elementor-element elementor-element-99d4d77 elementor-widget elementor-widget-txwpc-blog\" data-id=\"99d4d77\" data-element_type=\"widget\" data-e-type=\"widget\" data-widget_type=\"txwpc-blog.default\">\n\t\t\t\t<div class=\"elementor-widget-container\">\n\t\t\t\t\t                <div class=\"blog_one\">\r\n            <div class=\"blog_one-area show_two md_show_two sm_show_one\">\r\n                    <div class=\"blog_one-item\">\r\n                    <div class=\"blog_one-item-img\">\r\n                <div class=\"blog_one-item-image\">\r\n                                            <a href=\"https:\/\/www.ytrollformingmachine.com\/vi\/core-guide-rail-for-photovoltaic-power-station-tracking-system\/\">\r\n                            <img decoding=\"async\" src=\"https:\/\/www.ytrollformingmachine.com\/wp-content\/uploads\/2026\/03\/case1.png\"\r\n                                alt=\"\">\r\n                        <\/a>\r\n                    \r\n                                    <\/div>\r\n            <\/div>\r\n                <div class=\"blog_one-item-content\">\r\n            <div>\r\n                                    <div class=\"blog_one-item-content-meta\">\r\n                        <ul>\r\n                            \r\n                                                            <li>\r\n                                    <i class=\"fal fa-calendar-alt\"><\/i>\r\n                                    Ng\u00e0y 4 th\u00e1ng 3 n\u0103m 2026                                <\/li>\r\n                            \r\n                                                    <\/ul>\r\n                    <\/div>\r\n                \r\n                <h5 class=\"box-title\">\r\n                    <a href=\"https:\/\/www.ytrollformingmachine.com\/vi\/core-guide-rail-for-photovoltaic-power-station-tracking-system\/\">Ray d\u1eabn h\u01b0\u1edbng ch\u00ednh cho h\u1ec7 th\u1ed1ng theo d\u00f5i c\u1ee7a nh\u00e0 m\u00e1y \u0111i\u1ec7n m\u1eb7t tr\u1eddi<\/a>\r\n                <\/h5>\r\n                                                    <a class=\"flexitype-button right\"\r\n                        href=\"https:\/\/www.ytrollformingmachine.com\/vi\/core-guide-rail-for-photovoltaic-power-station-tracking-system\/\">\r\n                        \u0110\u1ecdc th\u00eam                        <i\r\n                                class=\"flaticon flaticon-right-up\"><\/i>                    <\/a>\r\n                            <\/div>\r\n        <\/div>\r\n    <\/div>\r\n    <div class=\"blog_one-item\">\r\n                    <div class=\"blog_one-item-img\">\r\n                <div class=\"blog_one-item-image\">\r\n                                            <a href=\"https:\/\/www.ytrollformingmachine.com\/vi\/hello-world\/\">\r\n                            <img decoding=\"async\" src=\"https:\/\/www.ytrollformingmachine.com\/wp-content\/uploads\/2026\/02\/\u7ec4-74x2.png\"\r\n                                alt=\"\">\r\n                        <\/a>\r\n                    \r\n                                    <\/div>\r\n            <\/div>\r\n                <div class=\"blog_one-item-content\">\r\n            <div>\r\n                                    <div class=\"blog_one-item-content-meta\">\r\n                        <ul>\r\n                            \r\n                                                            <li>\r\n                                    <i class=\"fal fa-calendar-alt\"><\/i>\r\n                                    Ng\u00e0y 26 th\u00e1ng 2 n\u0103m 2026                                <\/li>\r\n                            \r\n                                                    <\/ul>\r\n                    <\/div>\r\n                \r\n                <h5 class=\"box-title\">\r\n                    <a href=\"https:\/\/www.ytrollformingmachine.com\/vi\/hello-world\/\">Xin ch\u00e0o th\u1ebf gi\u1edbi!<\/a>\r\n                <\/h5>\r\n                                                    <a class=\"flexitype-button right\"\r\n                        href=\"https:\/\/www.ytrollformingmachine.com\/vi\/hello-world\/\">\r\n                        \u0110\u1ecdc th\u00eam                        <i\r\n                                class=\"flaticon flaticon-right-up\"><\/i>                    <\/a>\r\n                            <\/div>\r\n        <\/div>\r\n    <\/div>\r\n    <div class=\"blog_one-item\">\r\n                    <div class=\"blog_one-item-img\">\r\n                <div class=\"blog_one-item-image\">\r\n                                            <a href=\"https:\/\/www.ytrollformingmachine.com\/vi\/future-trends-in-advanced-industrial-engineering-solutions\/\">\r\n                            <img decoding=\"async\" src=\"https:\/\/www.ytrollformingmachine.com\/wp-content\/uploads\/2025\/04\/\u7ec4-74x2.png\"\r\n                                alt=\"\">\r\n                        <\/a>\r\n                    \r\n                                    <\/div>\r\n            <\/div>\r\n                <div class=\"blog_one-item-content\">\r\n            <div>\r\n                                    <div class=\"blog_one-item-content-meta\">\r\n                        <ul>\r\n                            \r\n                                                            <li>\r\n                                    <i class=\"fal fa-calendar-alt\"><\/i>\r\n                                    Ng\u00e0y 26 th\u00e1ng 4 n\u0103m 2025                                <\/li>\r\n                            \r\n                                                    <\/ul>\r\n                    <\/div>\r\n                \r\n                <h5 class=\"box-title\">\r\n                    <a href=\"https:\/\/www.ytrollformingmachine.com\/vi\/future-trends-in-advanced-industrial-engineering-solutions\/\">C\u00e1c xu h\u01b0\u1edbng an to\u00e0n trong t\u01b0\u01a1ng lai c\u1ee7a c\u00e1c gi\u1ea3i ph\u00e1p k\u1ef9 thu\u1eadt c\u00f4ng nghi\u1ec7p ti\u00ean ti\u1ebfn<\/a>\r\n                <\/h5>\r\n                                                    <a class=\"flexitype-button right\"\r\n                        href=\"https:\/\/www.ytrollformingmachine.com\/vi\/future-trends-in-advanced-industrial-engineering-solutions\/\">\r\n                        \u0110\u1ecdc th\u00eam                        <i\r\n                                class=\"flaticon flaticon-right-up\"><\/i>                    <\/a>\r\n                            <\/div>\r\n        <\/div>\r\n    <\/div>\r\n    <div class=\"blog_one-item\">\r\n                    <div class=\"blog_one-item-img\">\r\n                <div class=\"blog_one-item-image\">\r\n                                            <a href=\"https:\/\/www.ytrollformingmachine.com\/vi\/how-digital-twins-are-shaping-industrial-production-lines\/\">\r\n                            <img decoding=\"async\" src=\"https:\/\/www.ytrollformingmachine.com\/wp-content\/uploads\/2025\/04\/\u7ec4-74x2.png\"\r\n                                alt=\"\">\r\n                        <\/a>\r\n                    \r\n                                    <\/div>\r\n            <\/div>\r\n                <div class=\"blog_one-item-content\">\r\n            <div>\r\n                                    <div class=\"blog_one-item-content-meta\">\r\n                        <ul>\r\n                            \r\n                                                            <li>\r\n                                    <i class=\"fal fa-calendar-alt\"><\/i>\r\n                                    Ng\u00e0y 26 th\u00e1ng 4 n\u0103m 2025                                <\/li>\r\n                            \r\n                                                    <\/ul>\r\n                    <\/div>\r\n                \r\n                <h5 class=\"box-title\">\r\n                    <a href=\"https:\/\/www.ytrollformingmachine.com\/vi\/how-digital-twins-are-shaping-industrial-production-lines\/\">C\u00f4ng ngh\u1ec7 \"B\u1ea3n sao k\u1ef9 thu\u1eadt s\u1ed1\" \u0111ang \u0111\u1ecbnh h\u00ecnh c\u00e1c d\u00e2y chuy\u1ec1n s\u1ea3n xu\u1ea5t c\u00f4ng nghi\u1ec7p nh\u01b0 th\u1ebf n\u00e0o<\/a>\r\n                <\/h5>\r\n                                                    <a class=\"flexitype-button right\"\r\n                        href=\"https:\/\/www.ytrollformingmachine.com\/vi\/how-digital-twins-are-shaping-industrial-production-lines\/\">\r\n                        \u0110\u1ecdc th\u00eam                        <i\r\n                                class=\"flaticon flaticon-right-up\"><\/i>                    <\/a>\r\n                            <\/div>\r\n        <\/div>\r\n    <\/div>\r\n    <div class=\"blog_one-item\">\r\n                    <div class=\"blog_one-item-img\">\r\n                <div class=\"blog_one-item-image\">\r\n                    \r\n                                    <\/div>\r\n            <\/div>\r\n                <div class=\"blog_one-item-content\">\r\n            <div>\r\n                                    <div class=\"blog_one-item-content-meta\">\r\n                        <ul>\r\n                            \r\n                                                            <li>\r\n                                    <i class=\"fal fa-calendar-alt\"><\/i>\r\n                                    Ng\u00e0y 31 th\u00e1ng 3 n\u0103m 2025                                <\/li>\r\n                            \r\n                                                    <\/ul>\r\n                    <\/div>\r\n                \r\n                <h5 class=\"box-title\">\r\n                    <a href=\"https:\/\/www.ytrollformingmachine.com\/vi\/steps-to-create-a-greener-industrial-manufacturing-facility\/\">C\u00e1c b\u01b0\u1edbc \u0111\u1ec3 x\u00e2y d\u1ef1ng m\u1ed9t c\u01a1 s\u1edf s\u1ea3n xu\u1ea5t c\u00f4ng nghi\u1ec7p th\u00e2n thi\u1ec7n h\u01a1n v\u1edbi m\u00f4i tr\u01b0\u1eddng<\/a>\r\n                <\/h5>\r\n                                                    <a class=\"flexitype-button right\"\r\n                        href=\"https:\/\/www.ytrollformingmachine.com\/vi\/steps-to-create-a-greener-industrial-manufacturing-facility\/\">\r\n                        \u0110\u1ecdc th\u00eam                        <i\r\n                                class=\"flaticon flaticon-right-up\"><\/i>                    <\/a>\r\n                            <\/div>\r\n        <\/div>\r\n    <\/div>\r\n    <div class=\"blog_one-item\">\r\n                    <div class=\"blog_one-item-img\">\r\n                <div class=\"blog_one-item-image\">\r\n                                            <a href=\"https:\/\/www.ytrollformingmachine.com\/vi\/why-sustainable-manufacturing-matters-for-every-industry-leader\/\">\r\n                            <img decoding=\"async\" src=\"https:\/\/www.ytrollformingmachine.com\/wp-content\/uploads\/2025\/03\/blog-1.jpg\"\r\n                                alt=\"\">\r\n                        <\/a>\r\n                    \r\n                                    <\/div>\r\n            <\/div>\r\n                <div class=\"blog_one-item-content\">\r\n            <div>\r\n                                    <div class=\"blog_one-item-content-meta\">\r\n                        <ul>\r\n                            \r\n                                                            <li>\r\n                                    <i class=\"fal fa-calendar-alt\"><\/i>\r\n                                    Ng\u00e0y 31 th\u00e1ng 3 n\u0103m 2025                                <\/li>\r\n                            \r\n                                                    <\/ul>\r\n                    <\/div>\r\n                \r\n                <h5 class=\"box-title\">\r\n                    <a href=\"https:\/\/www.ytrollformingmachine.com\/vi\/why-sustainable-manufacturing-matters-for-every-industry-leader\/\">T\u1ea1i sao s\u1ea3n xu\u1ea5t b\u1ec1n v\u1eefng l\u1ea1i quan tr\u1ecdng \u0111\u1ed1i v\u1edbi m\u1ecdi nh\u00e0 l\u00e3nh \u0111\u1ea1o ng\u00e0nh<\/a>\r\n                <\/h5>\r\n                                                    <a class=\"flexitype-button right\"\r\n                        href=\"https:\/\/www.ytrollformingmachine.com\/vi\/why-sustainable-manufacturing-matters-for-every-industry-leader\/\">\r\n                        \u0110\u1ecdc th\u00eam                        <i\r\n                                class=\"flaticon flaticon-right-up\"><\/i>                    <\/a>\r\n                            <\/div>\r\n        <\/div>\r\n    <\/div>\r\n            <\/div>\r\n            \t\t<div class=\"theme__pagination\">\r\n\t\t\t<ul>\r\n                                    <li><span aria-current=\"page\" class=\"page-numbers current\">1<\/span><\/li>\r\n                                    <li><a class=\"page-numbers\" href=\"https:\/\/www.ytrollformingmachine.com\/wp-json\/wp\/v2\/pages\/2163\/page\/2\/\">2<\/a><\/li>\r\n                                    <li><a class=\"next page-numbers\" href=\"https:\/\/www.ytrollformingmachine.com\/wp-json\/wp\/v2\/pages\/2163\/page\/2\/\"><i class=\"fa fa-angle-right\" aria-hidden=\"true\"><\/i><\/a><\/li>\r\n                \t\t\t<\/ul>\r\n\t\t<\/div>\r\n\t\t        <\/div>\r\n                        <script>\r\n            (function ($) {\r\n                \"use strict\";\r\n                $(document).ready(function () {\r\n                    var autoplayOption = \"yes\";\r\n                    var enableAutoplay = (autoplayOption === 'yes');\r\n                    var swiper = new Swiper(\".flexitype_slide756\", {\r\n                        loop: true,\r\n                        spaceBetween: null,\r\n                        speed: null,\r\n                        autoplay: enableAutoplay ? {\r\n                            delay: null,\r\n                            reverseDirection: false,\r\n                            disableOnInteraction: false,\r\n                        } : false,\r\n                        navigation: {\r\n                            prevEl: '.swiper-button-prev-',\r\n                            nextEl: '.swiper-button-next-',\r\n                        },\r\n                        pagination: {\r\n                            el: \".flexitype_slide_dots-\",\r\n                            clickable: true,\r\n                        },\r\n                        breakpoints: {\r\n                            0: {\r\n                                slidesPerView: null,\r\n                            },\r\n                            768: {\r\n                                slidesPerView: null,\r\n                            },\r\n                            1025: {\r\n                                slidesPerView: null,\r\n                            },\r\n                            1600: {\r\n                                slidesPerView: null,\r\n                            },\r\n                        },\r\n                    });\r\n\r\n                });\r\n            })(jQuery);\r\n        <\/script>\r\n        \t\t\t\t<\/div>\n\t\t\t\t<\/div>\n\t\t\t\t\t<\/div>\n\t\t\t\t<\/div>\n\t\t\t\t<\/div>","protected":false},"excerpt":{"rendered":"<p>26 2 \u6708, 2026 Hello world! Read More 26 4 \u6708, 2025 Future Safety Trends in Advanced Industrial Engineering Solutions Read More 26 4 \u6708, 2025 How Digital Twins Are Shaping Industrial Production Lines Read More 31 3 \u6708, 2025 Steps to Create a Greener Industrial Manufacturing Facility Read More 31 3 \u6708, 2025 Why [&hellip;]<\/p>\n","protected":false},"author":1,"featured_media":4268,"parent":0,"menu_order":0,"comment_status":"closed","ping_status":"closed","template":"","meta":{"footnotes":""},"class_list":["post-2163","page","type-page","status-publish","has-post-thumbnail","hentry"],"yoast_head":"<!-- This site is optimized with the Yoast SEO plugin v27.1.1 - https:\/\/yoast.com\/product\/yoast-seo-wordpress\/ -->\n<title>NEWS - YiTuo<\/title>\n<meta name=\"robots\" content=\"index, follow, max-snippet:-1, max-image-preview:large, max-video-preview:-1\" \/>\n<link rel=\"canonical\" href=\"https:\/\/www.ytrollformingmachine.com\/vi\/news\/\" \/>\n<meta property=\"og:locale\" content=\"vi_VN\" \/>\n<meta property=\"og:type\" content=\"article\" \/>\n<meta property=\"og:title\" content=\"NEWS - YiTuo\" \/>\n<meta property=\"og:description\" content=\"26 2 \u6708, 2026 Hello world! Read More 26 4 \u6708, 2025 Future Safety Trends in Advanced Industrial Engineering Solutions Read More 26 4 \u6708, 2025 How Digital Twins Are Shaping Industrial Production Lines Read More 31 3 \u6708, 2025 Steps to Create a Greener Industrial Manufacturing Facility Read More 31 3 \u6708, 2025 Why [&hellip;]\" \/>\n<meta property=\"og:url\" content=\"https:\/\/www.ytrollformingmachine.com\/vi\/news\/\" \/>\n<meta property=\"og:site_name\" content=\"YiTuo\" \/>\n<meta property=\"article:modified_time\" content=\"2026-03-10T14:58:58+00:00\" \/>\n<meta property=\"og:image\" content=\"https:\/\/www.ytrollformingmachine.com\/wp-content\/uploads\/2026\/03\/NEWS-scaled.webp\" \/>\n\t<meta property=\"og:image:width\" content=\"2560\" \/>\n\t<meta property=\"og:image:height\" content=\"1707\" \/>\n\t<meta property=\"og:image:type\" content=\"image\/webp\" \/>\n<meta name=\"twitter:card\" content=\"summary_large_image\" \/>\n<script type=\"application\/ld+json\" class=\"yoast-schema-graph\">{\"@context\":\"https:\/\/schema.org\",\"@graph\":[{\"@type\":\"WebPage\",\"@id\":\"https:\/\/www.ytrollformingmachine.com\/news\/\",\"url\":\"https:\/\/www.ytrollformingmachine.com\/news\/\",\"name\":\"NEWS - YiTuo\",\"isPartOf\":{\"@id\":\"https:\/\/www.ytrollformingmachine.com\/#website\"},\"primaryImageOfPage\":{\"@id\":\"https:\/\/www.ytrollformingmachine.com\/news\/#primaryimage\"},\"image\":{\"@id\":\"https:\/\/www.ytrollformingmachine.com\/news\/#primaryimage\"},\"thumbnailUrl\":\"https:\/\/www.ytrollformingmachine.com\/wp-content\/uploads\/2026\/03\/NEWS-scaled.webp\",\"datePublished\":\"2025-04-25T16:30:52+00:00\",\"dateModified\":\"2026-03-10T14:58:58+00:00\",\"breadcrumb\":{\"@id\":\"https:\/\/www.ytrollformingmachine.com\/news\/#breadcrumb\"},\"inLanguage\":\"vi\",\"potentialAction\":[{\"@type\":\"ReadAction\",\"target\":[\"https:\/\/www.ytrollformingmachine.com\/news\/\"]}]},{\"@type\":\"ImageObject\",\"inLanguage\":\"vi\",\"@id\":\"https:\/\/www.ytrollformingmachine.com\/news\/#primaryimage\",\"url\":\"https:\/\/www.ytrollformingmachine.com\/wp-content\/uploads\/2026\/03\/NEWS-scaled.webp\",\"contentUrl\":\"https:\/\/www.ytrollformingmachine.com\/wp-content\/uploads\/2026\/03\/NEWS-scaled.webp\",\"width\":2560,\"height\":1707},{\"@type\":\"BreadcrumbList\",\"@id\":\"https:\/\/www.ytrollformingmachine.com\/news\/#breadcrumb\",\"itemListElement\":[{\"@type\":\"ListItem\",\"position\":1,\"name\":\"Home\",\"item\":\"https:\/\/www.ytrollformingmachine.com\/\"},{\"@type\":\"ListItem\",\"position\":2,\"name\":\"NEWS\"}]},{\"@type\":\"WebSite\",\"@id\":\"https:\/\/www.ytrollformingmachine.com\/#website\",\"url\":\"https:\/\/www.ytrollformingmachine.com\/\",\"name\":\"YiTuo\",\"description\":\"Cold Bending\",\"potentialAction\":[{\"@type\":\"SearchAction\",\"target\":{\"@type\":\"EntryPoint\",\"urlTemplate\":\"https:\/\/www.ytrollformingmachine.com\/?s={search_term_string}\"},\"query-input\":{\"@type\":\"PropertyValueSpecification\",\"valueRequired\":true,\"valueName\":\"search_term_string\"}}],\"inLanguage\":\"vi\"}]}<\/script>\n<!-- \/ Yoast SEO plugin. -->","yoast_head_json":{"title":"TIN T\u1ee8C - YiTuo","robots":{"index":"index","follow":"follow","max-snippet":"max-snippet:-1","max-image-preview":"max-image-preview:large","max-video-preview":"max-video-preview:-1"},"canonical":"https:\/\/www.ytrollformingmachine.com\/vi\/news\/","og_locale":"vi_VN","og_type":"article","og_title":"NEWS - YiTuo","og_description":"26 2 \u6708, 2026 Hello world! Read More 26 4 \u6708, 2025 Future Safety Trends in Advanced Industrial Engineering Solutions Read More 26 4 \u6708, 2025 How Digital Twins Are Shaping Industrial Production Lines Read More 31 3 \u6708, 2025 Steps to Create a Greener Industrial Manufacturing Facility Read More 31 3 \u6708, 2025 Why [&hellip;]","og_url":"https:\/\/www.ytrollformingmachine.com\/vi\/news\/","og_site_name":"YiTuo","article_modified_time":"2026-03-10T14:58:58+00:00","og_image":[{"width":2560,"height":1707,"url":"https:\/\/www.ytrollformingmachine.com\/wp-content\/uploads\/2026\/03\/NEWS-scaled.webp","type":"image\/webp"}],"twitter_card":"summary_large_image","schema":{"@context":"https:\/\/schema.org","@graph":[{"@type":"WebPage","@id":"https:\/\/www.ytrollformingmachine.com\/news\/","url":"https:\/\/www.ytrollformingmachine.com\/news\/","name":"TIN T\u1ee8C - YiTuo","isPartOf":{"@id":"https:\/\/www.ytrollformingmachine.com\/#website"},"primaryImageOfPage":{"@id":"https:\/\/www.ytrollformingmachine.com\/news\/#primaryimage"},"image":{"@id":"https:\/\/www.ytrollformingmachine.com\/news\/#primaryimage"},"thumbnailUrl":"https:\/\/www.ytrollformingmachine.com\/wp-content\/uploads\/2026\/03\/NEWS-scaled.webp","datePublished":"2025-04-25T16:30:52+00:00","dateModified":"2026-03-10T14:58:58+00:00","breadcrumb":{"@id":"https:\/\/www.ytrollformingmachine.com\/news\/#breadcrumb"},"inLanguage":"vi","potentialAction":[{"@type":"ReadAction","target":["https:\/\/www.ytrollformingmachine.com\/news\/"]}]},{"@type":"ImageObject","inLanguage":"vi","@id":"https:\/\/www.ytrollformingmachine.com\/news\/#primaryimage","url":"https:\/\/www.ytrollformingmachine.com\/wp-content\/uploads\/2026\/03\/NEWS-scaled.webp","contentUrl":"https:\/\/www.ytrollformingmachine.com\/wp-content\/uploads\/2026\/03\/NEWS-scaled.webp","width":2560,"height":1707},{"@type":"BreadcrumbList","@id":"https:\/\/www.ytrollformingmachine.com\/news\/#breadcrumb","itemListElement":[{"@type":"ListItem","position":1,"name":"Home","item":"https:\/\/www.ytrollformingmachine.com\/"},{"@type":"ListItem","position":2,"name":"NEWS"}]},{"@type":"WebSite","@id":"https:\/\/www.ytrollformingmachine.com\/#website","url":"https:\/\/www.ytrollformingmachine.com\/","name":"YiTuo","description":"U\u1ed1n ngu\u1ed9i","potentialAction":[{"@type":"SearchAction","target":{"@type":"EntryPoint","urlTemplate":"https:\/\/www.ytrollformingmachine.com\/?s={search_term_string}"},"query-input":{"@type":"PropertyValueSpecification","valueRequired":true,"valueName":"search_term_string"}}],"inLanguage":"vi"}]}},"_hostinger_reach_plugin_has_subscription_block":false,"_hostinger_reach_plugin_is_elementor":false,"_links":{"self":[{"href":"https:\/\/www.ytrollformingmachine.com\/vi\/wp-json\/wp\/v2\/pages\/2163","targetHints":{"allow":["GET"]}}],"collection":[{"href":"https:\/\/www.ytrollformingmachine.com\/vi\/wp-json\/wp\/v2\/pages"}],"about":[{"href":"https:\/\/www.ytrollformingmachine.com\/vi\/wp-json\/wp\/v2\/types\/page"}],"author":[{"embeddable":true,"href":"https:\/\/www.ytrollformingmachine.com\/vi\/wp-json\/wp\/v2\/users\/1"}],"replies":[{"embeddable":true,"href":"https:\/\/www.ytrollformingmachine.com\/vi\/wp-json\/wp\/v2\/comments?post=2163"}],"version-history":[{"count":10,"href":"https:\/\/www.ytrollformingmachine.com\/vi\/wp-json\/wp\/v2\/pages\/2163\/revisions"}],"predecessor-version":[{"id":4548,"href":"https:\/\/www.ytrollformingmachine.com\/vi\/wp-json\/wp\/v2\/pages\/2163\/revisions\/4548"}],"wp:featuredmedia":[{"embeddable":true,"href":"https:\/\/www.ytrollformingmachine.com\/vi\/wp-json\/wp\/v2\/media\/4268"}],"wp:attachment":[{"href":"https:\/\/www.ytrollformingmachine.com\/vi\/wp-json\/wp\/v2\/media?parent=2163"}],"curies":[{"name":"wp","href":"https:\/\/api.w.org\/{rel}","templated":true}]}}