{"id":4116,"date":"2026-03-04T07:19:17","date_gmt":"2026-03-04T07:19:17","guid":{"rendered":"https:\/\/www.ytrollformingmachine.com\/?page_id=4116"},"modified":"2026-03-10T14:32:58","modified_gmt":"2026-03-10T14:32:58","slug":"client-visit","status":"publish","type":"page","link":"https:\/\/www.ytrollformingmachine.com\/pt\/client-visit\/","title":{"rendered":"Visita do cliente"},"content":{"rendered":"<div data-elementor-type=\"wp-page\" data-elementor-id=\"4116\" class=\"elementor elementor-4116\" data-elementor-post-type=\"page\">\n\t\t\t\t<div class=\"elementor-element elementor-element-7421c50 e-flex e-con-boxed e-con e-parent\" data-id=\"7421c50\" data-element_type=\"container\" data-e-type=\"container\">\n\t\t\t\t\t<div class=\"e-con-inner\">\n\t\t\t\t<div class=\"elementor-element elementor-element-d8d93a7 elementor-widget elementor-widget-heading\" data-id=\"d8d93a7\" data-element_type=\"widget\" data-e-type=\"widget\" data-widget_type=\"heading.default\">\n\t\t\t\t\t<h2 class=\"elementor-heading-title elementor-size-default\">Visita do cliente<\/h2>\t\t\t\t<\/div>\n\t\t\t\t<div class=\"elementor-element elementor-element-a9663c3 elementor-widget elementor-widget-text-editor\" data-id=\"a9663c3\" data-element_type=\"widget\" data-e-type=\"widget\" data-widget_type=\"text-editor.default\">\n\t\t\t\t\t\t\t\t\t<p>Bem-vindo \u00e0 Cangzhou Yituo Cold Bending Technology Co., Ltd.<\/p><p>Cada visita \u00e9 um gesto de confian\u00e7a; cada interc\u00e2mbio abre o caminho para o benef\u00edcio m\u00fatuo. Recentemente, clientes de todo o mundo viajaram atrav\u00e9s de montanhas e mares para a Cangzhou Yituo Cold Bending Technology Co., Ltd. para realizar inspec\u00e7\u00f5es no local de todo o processo de I&amp;D e produ\u00e7\u00e3o de equipamento de moldagem por flex\u00e3o a frio de alta qualidade, discutir oportunidades de coopera\u00e7\u00e3o e explorar novas perspectivas para a ind\u00fastria.<\/p><p>Como um fabricante profissional de equipamento de forma\u00e7\u00e3o de dobragem a frio de alta qualidade que integra I&amp;D, produ\u00e7\u00e3o, vendas, exporta\u00e7\u00e3o e servi\u00e7o, a Yituo recebe sempre a inspe\u00e7\u00e3o no local de cada cliente com uma atitude aberta. Durante a visita, a equipa do cliente, acompanhada pelos l\u00edderes da empresa, visitou o centro de I&amp;D, a oficina de produ\u00e7\u00e3o e o showroom de produtos acabados, experimentando em primeira m\u00e3o a for\u00e7a e a habilidade da Yituo.<\/p><p>Na oficina de produ\u00e7\u00e3o, o ambiente de produ\u00e7\u00e3o limpo e padronizado, as linhas de produ\u00e7\u00e3o em funcionamento ordenado e os rigorosos processos de controlo de qualidade permitiram aos clientes testemunhar diretamente o processo meticuloso de cada pe\u00e7a de equipamento, desde o processamento dos componentes at\u00e9 \u00e0 montagem do produto acabado. Desde m\u00e1quinas formadoras de rolos de pain\u00e9is de contentores leves de a\u00e7o de alta resist\u00eancia e m\u00e1quinas integradas CZ, a linhas de produ\u00e7\u00e3o de azulejos de pedra colorida e equipamento de suporte fotovoltaico, e ainda a equipamento de montagem r\u00e1pida e embalagem dobr\u00e1vel, uma gama completa de produtos foi cuidadosamente exibida, cobrindo de forma abrangente as necessidades de aplica\u00e7\u00e3o em v\u00e1rios campos, como habita\u00e7\u00e3o, estradas e pontes, autom\u00f3veis e a\u00e7o, demonstrando plenamente a forte capacidade de produ\u00e7\u00e3o da Yituo para atender \u00e0 demanda de grande volume dos clientes.<\/p><p>A equipa t\u00e9cnica forneceu explica\u00e7\u00f5es completas, abordando as principais preocupa\u00e7\u00f5es dos clientes, como a precis\u00e3o do produto, solu\u00e7\u00f5es personalizadas e efici\u00eancia da produ\u00e7\u00e3o, respondendo a perguntas uma a uma com exemplos de aplica\u00e7\u00e3o pr\u00e1tica e demonstrando o processo de opera\u00e7\u00e3o do equipamento no local, permitindo que os clientes experimentem pessoalmente a estabilidade e praticidade dos produtos Yituo. Depois de uma compreens\u00e3o completa, os clientes reconheceram a for\u00e7a t\u00e9cnica e os padr\u00f5es de produ\u00e7\u00e3o da Yituo, prestando especial aten\u00e7\u00e3o ao conjunto completo de certificados de qualifica\u00e7\u00e3o autorizados da empresa.<\/p>\t\t\t\t\t\t\t\t<\/div>\n\t\t\t\t<div class=\"elementor-element elementor-element-f9d1cd6 elementor-widget elementor-widget-gallery\" data-id=\"f9d1cd6\" data-element_type=\"widget\" data-e-type=\"widget\" data-settings=\"{&quot;columns_tablet&quot;:3,&quot;columns_mobile&quot;:2,&quot;gap_tablet&quot;:{&quot;unit&quot;:&quot;px&quot;,&quot;size&quot;:5,&quot;sizes&quot;:[]},&quot;lazyload&quot;:&quot;yes&quot;,&quot;gallery_layout&quot;:&quot;grid&quot;,&quot;columns&quot;:4,&quot;gap&quot;:{&quot;unit&quot;:&quot;px&quot;,&quot;size&quot;:10,&quot;sizes&quot;:[]},&quot;gap_mobile&quot;:{&quot;unit&quot;:&quot;px&quot;,&quot;size&quot;:10,&quot;sizes&quot;:[]},&quot;link_to&quot;:&quot;file&quot;,&quot;aspect_ratio&quot;:&quot;3:2&quot;,&quot;overlay_background&quot;:&quot;yes&quot;,&quot;content_hover_animation&quot;:&quot;fade-in&quot;}\" data-widget_type=\"gallery.default\">\n\t\t\t\t\t\t\t<div class=\"elementor-gallery__container\">\n\t\t\t\t\t\t\t<a class=\"e-gallery-item elementor-gallery-item elementor-animated-content\" href=\"https:\/\/www.ytrollformingmachine.com\/wp-content\/uploads\/2026\/03\/e79c96a17ab8bc9d705fd22c595a9ef.webp\" data-elementor-open-lightbox=\"yes\" data-elementor-lightbox-slideshow=\"f9d1cd6\" data-elementor-lightbox-title=\"e79c96a17ab8bc9d705fd22c595a9ef\" data-e-action-hash=\"#elementor-action%3Aaction%3Dlightbox%26settings%3DeyJpZCI6NDExOCwidXJsIjoiaHR0cHM6XC9cL3d3dy55dHJvbGxmb3JtaW5nbWFjaGluZS5jb21cL3dwLWNvbnRlbnRcL3VwbG9hZHNcLzIwMjZcLzAzXC9lNzljOTZhMTdhYjhiYzlkNzA1ZmQyMmM1OTVhOWVmLndlYnAiLCJzbGlkZXNob3ciOiJmOWQxY2Q2In0%3D\">\n\t\t\t\t\t<div class=\"e-gallery-image elementor-gallery-item__image\" data-thumbnail=\"https:\/\/www.ytrollformingmachine.com\/wp-content\/uploads\/2026\/03\/e79c96a17ab8bc9d705fd22c595a9ef.webp\" data-width=\"2276\" data-height=\"1280\" aria-label=\"\" role=\"img\" ><\/div>\n\t\t\t\t\t\t\t\t\t\t\t<div class=\"elementor-gallery-item__overlay\"><\/div>\n\t\t\t\t\t\t\t\t\t\t\t\t\t\t<\/a>\n\t\t\t\t\t\t\t<a class=\"e-gallery-item elementor-gallery-item elementor-animated-content\" href=\"https:\/\/www.ytrollformingmachine.com\/wp-content\/uploads\/2026\/03\/\u5fae\u4fe1\u56fe\u7247_20250530135504.webp\" data-elementor-open-lightbox=\"yes\" data-elementor-lightbox-slideshow=\"f9d1cd6\" data-elementor-lightbox-title=\"\u5fae\u4fe1\u56fe\u7247_20250530135504\" data-e-action-hash=\"#elementor-action%3Aaction%3Dlightbox%26settings%3DeyJpZCI6NDExOSwidXJsIjoiaHR0cHM6XC9cL3d3dy55dHJvbGxmb3JtaW5nbWFjaGluZS5jb21cL3dwLWNvbnRlbnRcL3VwbG9hZHNcLzIwMjZcLzAzXC9cdTVmYWVcdTRmZTFcdTU2ZmVcdTcyNDdfMjAyNTA1MzAxMzU1MDQud2VicCIsInNsaWRlc2hvdyI6ImY5ZDFjZDYifQ%3D%3D\">\n\t\t\t\t\t<div class=\"e-gallery-image elementor-gallery-item__image\" data-thumbnail=\"https:\/\/www.ytrollformingmachine.com\/wp-content\/uploads\/2026\/03\/\u5fae\u4fe1\u56fe\u7247_20250530135504.webp\" data-width=\"1238\" data-height=\"864\" aria-label=\"\" role=\"img\" ><\/div>\n\t\t\t\t\t\t\t\t\t\t\t<div class=\"elementor-gallery-item__overlay\"><\/div>\n\t\t\t\t\t\t\t\t\t\t\t\t\t\t<\/a>\n\t\t\t\t\t\t\t<a class=\"e-gallery-item elementor-gallery-item elementor-animated-content\" href=\"https:\/\/www.ytrollformingmachine.com\/wp-content\/uploads\/2026\/03\/\u5fae\u4fe1\u56fe\u7247_20250530135514.webp\" data-elementor-open-lightbox=\"yes\" data-elementor-lightbox-slideshow=\"f9d1cd6\" data-elementor-lightbox-title=\"\u5fae\u4fe1\u56fe\u7247_20250530135514\" data-e-action-hash=\"#elementor-action%3Aaction%3Dlightbox%26settings%3DeyJpZCI6NDEyMCwidXJsIjoiaHR0cHM6XC9cL3d3dy55dHJvbGxmb3JtaW5nbWFjaGluZS5jb21cL3dwLWNvbnRlbnRcL3VwbG9hZHNcLzIwMjZcLzAzXC9cdTVmYWVcdTRmZTFcdTU2ZmVcdTcyNDdfMjAyNTA1MzAxMzU1MTQud2VicCIsInNsaWRlc2hvdyI6ImY5ZDFjZDYifQ%3D%3D\">\n\t\t\t\t\t<div class=\"e-gallery-image elementor-gallery-item__image\" data-thumbnail=\"https:\/\/www.ytrollformingmachine.com\/wp-content\/uploads\/2026\/03\/\u5fae\u4fe1\u56fe\u7247_20250530135514.webp\" data-width=\"1416\" data-height=\"1030\" aria-label=\"\" role=\"img\" ><\/div>\n\t\t\t\t\t\t\t\t\t\t\t<div class=\"elementor-gallery-item__overlay\"><\/div>\n\t\t\t\t\t\t\t\t\t\t\t\t\t\t<\/a>\n\t\t\t\t\t\t\t<a class=\"e-gallery-item elementor-gallery-item elementor-animated-content\" href=\"https:\/\/www.ytrollformingmachine.com\/wp-content\/uploads\/2026\/03\/\u5fae\u4fe1\u56fe\u7247_20250530135525-scaled.webp\" data-elementor-open-lightbox=\"yes\" data-elementor-lightbox-slideshow=\"f9d1cd6\" data-elementor-lightbox-title=\"\u5fae\u4fe1\u56fe\u7247_20250530135525\" data-e-action-hash=\"#elementor-action%3Aaction%3Dlightbox%26settings%3DeyJpZCI6NDEyMSwidXJsIjoiaHR0cHM6XC9cL3d3dy55dHJvbGxmb3JtaW5nbWFjaGluZS5jb21cL3dwLWNvbnRlbnRcL3VwbG9hZHNcLzIwMjZcLzAzXC9cdTVmYWVcdTRmZTFcdTU2ZmVcdTcyNDdfMjAyNTA1MzAxMzU1MjUtc2NhbGVkLndlYnAiLCJzbGlkZXNob3ciOiJmOWQxY2Q2In0%3D\">\n\t\t\t\t\t<div class=\"e-gallery-image elementor-gallery-item__image\" data-thumbnail=\"https:\/\/www.ytrollformingmachine.com\/wp-content\/uploads\/2026\/03\/\u5fae\u4fe1\u56fe\u7247_20250530135525-scaled.webp\" data-width=\"2560\" data-height=\"1920\" aria-label=\"\" role=\"img\" ><\/div>\n\t\t\t\t\t\t\t\t\t\t\t<div class=\"elementor-gallery-item__overlay\"><\/div>\n\t\t\t\t\t\t\t\t\t\t\t\t\t\t<\/a>\n\t\t\t\t\t\t\t<a class=\"e-gallery-item elementor-gallery-item elementor-animated-content\" href=\"https:\/\/www.ytrollformingmachine.com\/wp-content\/uploads\/2026\/03\/\u5fae\u4fe1\u56fe\u7247_20250530135528.webp\" data-elementor-open-lightbox=\"yes\" data-elementor-lightbox-slideshow=\"f9d1cd6\" data-elementor-lightbox-title=\"\u5fae\u4fe1\u56fe\u7247_20250530135528\" data-e-action-hash=\"#elementor-action%3Aaction%3Dlightbox%26settings%3DeyJpZCI6NDEyMiwidXJsIjoiaHR0cHM6XC9cL3d3dy55dHJvbGxmb3JtaW5nbWFjaGluZS5jb21cL3dwLWNvbnRlbnRcL3VwbG9hZHNcLzIwMjZcLzAzXC9cdTVmYWVcdTRmZTFcdTU2ZmVcdTcyNDdfMjAyNTA1MzAxMzU1Mjgud2VicCIsInNsaWRlc2hvdyI6ImY5ZDFjZDYifQ%3D%3D\">\n\t\t\t\t\t<div class=\"e-gallery-image elementor-gallery-item__image\" data-thumbnail=\"https:\/\/www.ytrollformingmachine.com\/wp-content\/uploads\/2026\/03\/\u5fae\u4fe1\u56fe\u7247_20250530135528.webp\" data-width=\"1706\" data-height=\"1280\" aria-label=\"\" role=\"img\" ><\/div>\n\t\t\t\t\t\t\t\t\t\t\t<div class=\"elementor-gallery-item__overlay\"><\/div>\n\t\t\t\t\t\t\t\t\t\t\t\t\t\t<\/a>\n\t\t\t\t\t\t\t<a class=\"e-gallery-item elementor-gallery-item elementor-animated-content\" href=\"https:\/\/www.ytrollformingmachine.com\/wp-content\/uploads\/2026\/03\/\u5fae\u4fe1\u56fe\u7247_20250530135532-scaled.webp\" data-elementor-open-lightbox=\"yes\" data-elementor-lightbox-slideshow=\"f9d1cd6\" data-elementor-lightbox-title=\"\u5fae\u4fe1\u56fe\u7247_20250530135532\" data-e-action-hash=\"#elementor-action%3Aaction%3Dlightbox%26settings%3DeyJpZCI6NDEyMywidXJsIjoiaHR0cHM6XC9cL3d3dy55dHJvbGxmb3JtaW5nbWFjaGluZS5jb21cL3dwLWNvbnRlbnRcL3VwbG9hZHNcLzIwMjZcLzAzXC9cdTVmYWVcdTRmZTFcdTU2ZmVcdTcyNDdfMjAyNTA1MzAxMzU1MzItc2NhbGVkLndlYnAiLCJzbGlkZXNob3ciOiJmOWQxY2Q2In0%3D\">\n\t\t\t\t\t<div class=\"e-gallery-image elementor-gallery-item__image\" data-thumbnail=\"https:\/\/www.ytrollformingmachine.com\/wp-content\/uploads\/2026\/03\/\u5fae\u4fe1\u56fe\u7247_20250530135532-scaled.webp\" data-width=\"2560\" data-height=\"1920\" aria-label=\"\" role=\"img\" ><\/div>\n\t\t\t\t\t\t\t\t\t\t\t<div class=\"elementor-gallery-item__overlay\"><\/div>\n\t\t\t\t\t\t\t\t\t\t\t\t\t\t<\/a>\n\t\t\t\t\t\t\t<a class=\"e-gallery-item elementor-gallery-item elementor-animated-content\" href=\"https:\/\/www.ytrollformingmachine.com\/wp-content\/uploads\/2026\/03\/\u5fae\u4fe1\u56fe\u7247_20250530135849-scaled.webp\" data-elementor-open-lightbox=\"yes\" data-elementor-lightbox-slideshow=\"f9d1cd6\" data-elementor-lightbox-title=\"\u5fae\u4fe1\u56fe\u7247_20250530135849\" data-e-action-hash=\"#elementor-action%3Aaction%3Dlightbox%26settings%3DeyJpZCI6NDEyNCwidXJsIjoiaHR0cHM6XC9cL3d3dy55dHJvbGxmb3JtaW5nbWFjaGluZS5jb21cL3dwLWNvbnRlbnRcL3VwbG9hZHNcLzIwMjZcLzAzXC9cdTVmYWVcdTRmZTFcdTU2ZmVcdTcyNDdfMjAyNTA1MzAxMzU4NDktc2NhbGVkLndlYnAiLCJzbGlkZXNob3ciOiJmOWQxY2Q2In0%3D\">\n\t\t\t\t\t<div class=\"e-gallery-image elementor-gallery-item__image\" data-thumbnail=\"https:\/\/www.ytrollformingmachine.com\/wp-content\/uploads\/2026\/03\/\u5fae\u4fe1\u56fe\u7247_20250530135849-scaled.webp\" data-width=\"2560\" data-height=\"1920\" aria-label=\"\" role=\"img\" ><\/div>\n\t\t\t\t\t\t\t\t\t\t\t<div class=\"elementor-gallery-item__overlay\"><\/div>\n\t\t\t\t\t\t\t\t\t\t\t\t\t\t<\/a>\n\t\t\t\t\t\t\t<a class=\"e-gallery-item elementor-gallery-item elementor-animated-content\" href=\"https:\/\/www.ytrollformingmachine.com\/wp-content\/uploads\/2026\/03\/\u5fae\u4fe1\u56fe\u7247_20250530140142.webp\" data-elementor-open-lightbox=\"yes\" data-elementor-lightbox-slideshow=\"f9d1cd6\" data-elementor-lightbox-title=\"\u5fae\u4fe1\u56fe\u7247_20250530140142\" data-e-action-hash=\"#elementor-action%3Aaction%3Dlightbox%26settings%3DeyJpZCI6NDEyNSwidXJsIjoiaHR0cHM6XC9cL3d3dy55dHJvbGxmb3JtaW5nbWFjaGluZS5jb21cL3dwLWNvbnRlbnRcL3VwbG9hZHNcLzIwMjZcLzAzXC9cdTVmYWVcdTRmZTFcdTU2ZmVcdTcyNDdfMjAyNTA1MzAxNDAxNDIud2VicCIsInNsaWRlc2hvdyI6ImY5ZDFjZDYifQ%3D%3D\">\n\t\t\t\t\t<div class=\"e-gallery-image elementor-gallery-item__image\" data-thumbnail=\"https:\/\/www.ytrollformingmachine.com\/wp-content\/uploads\/2026\/03\/\u5fae\u4fe1\u56fe\u7247_20250530140142.webp\" data-width=\"2394\" data-height=\"2350\" aria-label=\"\" role=\"img\" ><\/div>\n\t\t\t\t\t\t\t\t\t\t\t<div class=\"elementor-gallery-item__overlay\"><\/div>\n\t\t\t\t\t\t\t\t\t\t\t\t\t\t<\/a>\n\t\t\t\t\t\t\t<a class=\"e-gallery-item elementor-gallery-item elementor-animated-content\" href=\"https:\/\/www.ytrollformingmachine.com\/wp-content\/uploads\/2026\/03\/\u5fae\u4fe1\u56fe\u7247_20250530140317.webp\" data-elementor-open-lightbox=\"yes\" data-elementor-lightbox-slideshow=\"f9d1cd6\" data-elementor-lightbox-title=\"\u5fae\u4fe1\u56fe\u7247_20250530140317\" data-e-action-hash=\"#elementor-action%3Aaction%3Dlightbox%26settings%3DeyJpZCI6NDEyNiwidXJsIjoiaHR0cHM6XC9cL3d3dy55dHJvbGxmb3JtaW5nbWFjaGluZS5jb21cL3dwLWNvbnRlbnRcL3VwbG9hZHNcLzIwMjZcLzAzXC9cdTVmYWVcdTRmZTFcdTU2ZmVcdTcyNDdfMjAyNTA1MzAxNDAzMTcud2VicCIsInNsaWRlc2hvdyI6ImY5ZDFjZDYifQ%3D%3D\">\n\t\t\t\t\t<div class=\"e-gallery-image elementor-gallery-item__image\" data-thumbnail=\"https:\/\/www.ytrollformingmachine.com\/wp-content\/uploads\/2026\/03\/\u5fae\u4fe1\u56fe\u7247_20250530140317.webp\" data-width=\"1332\" data-height=\"890\" aria-label=\"\" role=\"img\" ><\/div>\n\t\t\t\t\t\t\t\t\t\t\t<div class=\"elementor-gallery-item__overlay\"><\/div>\n\t\t\t\t\t\t\t\t\t\t\t\t\t\t<\/a>\n\t\t\t\t\t\t\t<a class=\"e-gallery-item elementor-gallery-item elementor-animated-content\" href=\"https:\/\/www.ytrollformingmachine.com\/wp-content\/uploads\/2026\/03\/\u5fae\u4fe1\u56fe\u7247_20250530140648.webp\" data-elementor-open-lightbox=\"yes\" data-elementor-lightbox-slideshow=\"f9d1cd6\" data-elementor-lightbox-title=\"\u5fae\u4fe1\u56fe\u7247_20250530140648\" data-e-action-hash=\"#elementor-action%3Aaction%3Dlightbox%26settings%3DeyJpZCI6NDEyNywidXJsIjoiaHR0cHM6XC9cL3d3dy55dHJvbGxmb3JtaW5nbWFjaGluZS5jb21cL3dwLWNvbnRlbnRcL3VwbG9hZHNcLzIwMjZcLzAzXC9cdTVmYWVcdTRmZTFcdTU2ZmVcdTcyNDdfMjAyNTA1MzAxNDA2NDgud2VicCIsInNsaWRlc2hvdyI6ImY5ZDFjZDYifQ%3D%3D\">\n\t\t\t\t\t<div class=\"e-gallery-image elementor-gallery-item__image\" data-thumbnail=\"https:\/\/www.ytrollformingmachine.com\/wp-content\/uploads\/2026\/03\/\u5fae\u4fe1\u56fe\u7247_20250530140648.webp\" data-width=\"1706\" data-height=\"1279\" aria-label=\"\" role=\"img\" ><\/div>\n\t\t\t\t\t\t\t\t\t\t\t<div class=\"elementor-gallery-item__overlay\"><\/div>\n\t\t\t\t\t\t\t\t\t\t\t\t\t\t<\/a>\n\t\t\t\t\t\t\t<a class=\"e-gallery-item elementor-gallery-item elementor-animated-content\" href=\"https:\/\/www.ytrollformingmachine.com\/wp-content\/uploads\/2026\/03\/\u5fae\u4fe1\u56fe\u7247_20250530140652.webp\" data-elementor-open-lightbox=\"yes\" data-elementor-lightbox-slideshow=\"f9d1cd6\" data-elementor-lightbox-title=\"\u5fae\u4fe1\u56fe\u7247_20250530140652\" data-e-action-hash=\"#elementor-action%3Aaction%3Dlightbox%26settings%3DeyJpZCI6NDEyOCwidXJsIjoiaHR0cHM6XC9cL3d3dy55dHJvbGxmb3JtaW5nbWFjaGluZS5jb21cL3dwLWNvbnRlbnRcL3VwbG9hZHNcLzIwMjZcLzAzXC9cdTVmYWVcdTRmZTFcdTU2ZmVcdTcyNDdfMjAyNTA1MzAxNDA2NTIud2VicCIsInNsaWRlc2hvdyI6ImY5ZDFjZDYifQ%3D%3D\">\n\t\t\t\t\t<div class=\"e-gallery-image elementor-gallery-item__image\" data-thumbnail=\"https:\/\/www.ytrollformingmachine.com\/wp-content\/uploads\/2026\/03\/\u5fae\u4fe1\u56fe\u7247_20250530140652.webp\" data-width=\"1706\" data-height=\"1279\" aria-label=\"\" role=\"img\" ><\/div>\n\t\t\t\t\t\t\t\t\t\t\t<div class=\"elementor-gallery-item__overlay\"><\/div>\n\t\t\t\t\t\t\t\t\t\t\t\t\t\t<\/a>\n\t\t\t\t\t\t\t<a class=\"e-gallery-item elementor-gallery-item elementor-animated-content\" href=\"https:\/\/www.ytrollformingmachine.com\/wp-content\/uploads\/2026\/03\/\u5fae\u4fe1\u56fe\u7247_20260113154304_67_1393.webp\" data-elementor-open-lightbox=\"yes\" data-elementor-lightbox-slideshow=\"f9d1cd6\" data-elementor-lightbox-title=\"\u5fae\u4fe1\u56fe\u7247_20260113154304_67_1393\" data-e-action-hash=\"#elementor-action%3Aaction%3Dlightbox%26settings%3DeyJpZCI6NDEyOSwidXJsIjoiaHR0cHM6XC9cL3d3dy55dHJvbGxmb3JtaW5nbWFjaGluZS5jb21cL3dwLWNvbnRlbnRcL3VwbG9hZHNcLzIwMjZcLzAzXC9cdTVmYWVcdTRmZTFcdTU2ZmVcdTcyNDdfMjAyNjAxMTMxNTQzMDRfNjdfMTM5My53ZWJwIiwic2xpZGVzaG93IjoiZjlkMWNkNiJ9\">\n\t\t\t\t\t<div class=\"e-gallery-image elementor-gallery-item__image\" data-thumbnail=\"https:\/\/www.ytrollformingmachine.com\/wp-content\/uploads\/2026\/03\/\u5fae\u4fe1\u56fe\u7247_20260113154304_67_1393.webp\" data-width=\"1671\" data-height=\"1279\" aria-label=\"\" role=\"img\" ><\/div>\n\t\t\t\t\t\t\t\t\t\t\t<div class=\"elementor-gallery-item__overlay\"><\/div>\n\t\t\t\t\t\t\t\t\t\t\t\t\t\t<\/a>\n\t\t\t\t\t<\/div>\n\t\t\t\t\t<\/div>\n\t\t\t\t\t<\/div>\n\t\t\t\t<\/div>\n\t\t\t\t<\/div>","protected":false},"excerpt":{"rendered":"<p>Client Visit Welcome to Cangzhou Yituo Cold Bending Technology Co., Ltd. Every visit is a gesture of trust; every exchange paves the way for mutual benefit. Recently, clients from all over the world traveled across mountains and seas to Cangzhou Yituo Cold Bending Technology Co., Ltd. to conduct on-site inspections of the entire R&amp;D and [&hellip;]<\/p>\n","protected":false},"author":1,"featured_media":0,"parent":0,"menu_order":0,"comment_status":"closed","ping_status":"closed","template":"","meta":{"footnotes":""},"class_list":["post-4116","page","type-page","status-publish","hentry"],"yoast_head":"<!-- This site is optimized with the Yoast SEO plugin v27.1.1 - https:\/\/yoast.com\/product\/yoast-seo-wordpress\/ -->\n<title>Client visit - YiTuo<\/title>\n<meta name=\"robots\" content=\"index, follow, max-snippet:-1, max-image-preview:large, max-video-preview:-1\" \/>\n<link rel=\"canonical\" href=\"https:\/\/www.ytrollformingmachine.com\/pt\/client-visit\/\" \/>\n<meta property=\"og:locale\" content=\"pt_PT\" \/>\n<meta property=\"og:type\" content=\"article\" \/>\n<meta property=\"og:title\" content=\"Client visit - YiTuo\" \/>\n<meta property=\"og:description\" content=\"Client Visit Welcome to Cangzhou Yituo Cold Bending Technology Co., Ltd. Every visit is a gesture of trust; every exchange paves the way for mutual benefit. Recently, clients from all over the world traveled across mountains and seas to Cangzhou Yituo Cold Bending Technology Co., Ltd. to conduct on-site inspections of the entire R&amp;D and [&hellip;]\" \/>\n<meta property=\"og:url\" content=\"https:\/\/www.ytrollformingmachine.com\/pt\/client-visit\/\" \/>\n<meta property=\"og:site_name\" content=\"YiTuo\" \/>\n<meta property=\"article:modified_time\" content=\"2026-03-10T14:32:58+00:00\" \/>\n<meta name=\"twitter:card\" content=\"summary_large_image\" \/>\n<meta name=\"twitter:label1\" content=\"Tempo estimado de leitura\" \/>\n\t<meta name=\"twitter:data1\" content=\"2 minutos\" \/>\n<script type=\"application\/ld+json\" class=\"yoast-schema-graph\">{\"@context\":\"https:\/\/schema.org\",\"@graph\":[{\"@type\":\"WebPage\",\"@id\":\"https:\/\/www.ytrollformingmachine.com\/client-visit\/\",\"url\":\"https:\/\/www.ytrollformingmachine.com\/client-visit\/\",\"name\":\"Client visit - YiTuo\",\"isPartOf\":{\"@id\":\"https:\/\/www.ytrollformingmachine.com\/#website\"},\"datePublished\":\"2026-03-04T07:19:17+00:00\",\"dateModified\":\"2026-03-10T14:32:58+00:00\",\"breadcrumb\":{\"@id\":\"https:\/\/www.ytrollformingmachine.com\/client-visit\/#breadcrumb\"},\"inLanguage\":\"pt-PT\",\"potentialAction\":[{\"@type\":\"ReadAction\",\"target\":[\"https:\/\/www.ytrollformingmachine.com\/client-visit\/\"]}]},{\"@type\":\"BreadcrumbList\",\"@id\":\"https:\/\/www.ytrollformingmachine.com\/client-visit\/#breadcrumb\",\"itemListElement\":[{\"@type\":\"ListItem\",\"position\":1,\"name\":\"Home\",\"item\":\"https:\/\/www.ytrollformingmachine.com\/\"},{\"@type\":\"ListItem\",\"position\":2,\"name\":\"Client visit\"}]},{\"@type\":\"WebSite\",\"@id\":\"https:\/\/www.ytrollformingmachine.com\/#website\",\"url\":\"https:\/\/www.ytrollformingmachine.com\/\",\"name\":\"YiTuo\",\"description\":\"Cold Bending\",\"potentialAction\":[{\"@type\":\"SearchAction\",\"target\":{\"@type\":\"EntryPoint\",\"urlTemplate\":\"https:\/\/www.ytrollformingmachine.com\/?s={search_term_string}\"},\"query-input\":{\"@type\":\"PropertyValueSpecification\",\"valueRequired\":true,\"valueName\":\"search_term_string\"}}],\"inLanguage\":\"pt-PT\"}]}<\/script>\n<!-- \/ Yoast SEO plugin. -->","yoast_head_json":{"title":"Visita do cliente - YiTuo","robots":{"index":"index","follow":"follow","max-snippet":"max-snippet:-1","max-image-preview":"max-image-preview:large","max-video-preview":"max-video-preview:-1"},"canonical":"https:\/\/www.ytrollformingmachine.com\/pt\/client-visit\/","og_locale":"pt_PT","og_type":"article","og_title":"Client visit - YiTuo","og_description":"Client Visit Welcome to Cangzhou Yituo Cold Bending Technology Co., Ltd. Every visit is a gesture of trust; every exchange paves the way for mutual benefit. Recently, clients from all over the world traveled across mountains and seas to Cangzhou Yituo Cold Bending Technology Co., Ltd. to conduct on-site inspections of the entire R&amp;D and [&hellip;]","og_url":"https:\/\/www.ytrollformingmachine.com\/pt\/client-visit\/","og_site_name":"YiTuo","article_modified_time":"2026-03-10T14:32:58+00:00","twitter_card":"summary_large_image","twitter_misc":{"Tempo estimado de leitura":"2 minutos"},"schema":{"@context":"https:\/\/schema.org","@graph":[{"@type":"WebPage","@id":"https:\/\/www.ytrollformingmachine.com\/client-visit\/","url":"https:\/\/www.ytrollformingmachine.com\/client-visit\/","name":"Visita do cliente - YiTuo","isPartOf":{"@id":"https:\/\/www.ytrollformingmachine.com\/#website"},"datePublished":"2026-03-04T07:19:17+00:00","dateModified":"2026-03-10T14:32:58+00:00","breadcrumb":{"@id":"https:\/\/www.ytrollformingmachine.com\/client-visit\/#breadcrumb"},"inLanguage":"pt-PT","potentialAction":[{"@type":"ReadAction","target":["https:\/\/www.ytrollformingmachine.com\/client-visit\/"]}]},{"@type":"BreadcrumbList","@id":"https:\/\/www.ytrollformingmachine.com\/client-visit\/#breadcrumb","itemListElement":[{"@type":"ListItem","position":1,"name":"Home","item":"https:\/\/www.ytrollformingmachine.com\/"},{"@type":"ListItem","position":2,"name":"Client visit"}]},{"@type":"WebSite","@id":"https:\/\/www.ytrollformingmachine.com\/#website","url":"https:\/\/www.ytrollformingmachine.com\/","name":"YiTuo","description":"Dobragem a frio","potentialAction":[{"@type":"SearchAction","target":{"@type":"EntryPoint","urlTemplate":"https:\/\/www.ytrollformingmachine.com\/?s={search_term_string}"},"query-input":{"@type":"PropertyValueSpecification","valueRequired":true,"valueName":"search_term_string"}}],"inLanguage":"pt-PT"}]}},"_hostinger_reach_plugin_has_subscription_block":false,"_hostinger_reach_plugin_is_elementor":false,"_links":{"self":[{"href":"https:\/\/www.ytrollformingmachine.com\/pt\/wp-json\/wp\/v2\/pages\/4116","targetHints":{"allow":["GET"]}}],"collection":[{"href":"https:\/\/www.ytrollformingmachine.com\/pt\/wp-json\/wp\/v2\/pages"}],"about":[{"href":"https:\/\/www.ytrollformingmachine.com\/pt\/wp-json\/wp\/v2\/types\/page"}],"author":[{"embeddable":true,"href":"https:\/\/www.ytrollformingmachine.com\/pt\/wp-json\/wp\/v2\/users\/1"}],"replies":[{"embeddable":true,"href":"https:\/\/www.ytrollformingmachine.com\/pt\/wp-json\/wp\/v2\/comments?post=4116"}],"version-history":[{"count":7,"href":"https:\/\/www.ytrollformingmachine.com\/pt\/wp-json\/wp\/v2\/pages\/4116\/revisions"}],"predecessor-version":[{"id":4523,"href":"https:\/\/www.ytrollformingmachine.com\/pt\/wp-json\/wp\/v2\/pages\/4116\/revisions\/4523"}],"wp:attachment":[{"href":"https:\/\/www.ytrollformingmachine.com\/pt\/wp-json\/wp\/v2\/media?parent=4116"}],"curies":[{"name":"wp","href":"https:\/\/api.w.org\/{rel}","templated":true}]}}