{"id":4101,"date":"2026-03-04T07:12:30","date_gmt":"2026-03-04T07:12:30","guid":{"rendered":"https:\/\/www.ytrollformingmachine.com\/?page_id=4101"},"modified":"2026-03-10T14:33:46","modified_gmt":"2026-03-10T14:33:46","slug":"certificates","status":"publish","type":"page","link":"https:\/\/www.ytrollformingmachine.com\/pt\/certificates\/","title":{"rendered":"Certificados"},"content":{"rendered":"<div data-elementor-type=\"wp-page\" data-elementor-id=\"4101\" class=\"elementor elementor-4101\" data-elementor-post-type=\"page\">\n\t\t\t\t<div class=\"elementor-element elementor-element-6139aa3 e-flex e-con-boxed e-con e-parent\" data-id=\"6139aa3\" data-element_type=\"container\" data-e-type=\"container\">\n\t\t\t\t\t<div class=\"e-con-inner\">\n\t\t\t\t<div class=\"elementor-element elementor-element-25eb0f6 elementor-widget elementor-widget-heading\" data-id=\"25eb0f6\" data-element_type=\"widget\" data-e-type=\"widget\" data-widget_type=\"heading.default\">\n\t\t\t\t\t<h2 class=\"elementor-heading-title elementor-size-default\">Certificados<\/h2>\t\t\t\t<\/div>\n\t\t\t\t<div class=\"elementor-element elementor-element-a3610b9 elementor-widget elementor-widget-text-editor\" data-id=\"a3610b9\" data-element_type=\"widget\" data-e-type=\"widget\" data-widget_type=\"text-editor.default\">\n\t\t\t\t\t\t\t\t\t<p>Tendo cultivado a ind\u00fastria de a\u00e7o conformado a frio por muitos anos, Yituo sempre priorizou a conformidade e a qualidade. Alavancando suas fortes capacidades t\u00e9cnicas e sistema de gest\u00e3o padronizado, ganhou in\u00fameras certifica\u00e7\u00f5es e honras autorizadas, incluindo certificados de qualidade de n\u00facleo, certificados de satisfa\u00e7\u00e3o do consumidor, certifica\u00e7\u00e3o de empresa de integridade de servi\u00e7o de qualidade e certifica\u00e7\u00e3o BAC. Cada certificado serve como um endosso autorizado por terceiros da nossa for\u00e7a de P&amp;D, padr\u00f5es de produ\u00e7\u00e3o, qualidade do produto e n\u00edvel de servi\u00e7o, e \u00e9 um \u201cpassaporte de qualidade\u201d para abrirmos o mercado global e ganharmos a confian\u00e7a dos clientes internacionais.<\/p><p>Estas certifica\u00e7\u00f5es n\u00e3o s\u00f3 demonstram vividamente a filosofia da Yituo de que \u201ca qualidade \u00e9 a for\u00e7a vital da empresa\u201d, mas tamb\u00e9m sustentam a nossa confian\u00e7a no cumprimento do nosso princ\u00edpio de servi\u00e7o de \u201cqualidade em primeiro lugar, integridade em primeiro lugar\u201d. Os certificados de qualidade demonstram a nossa busca incessante pela qualidade do produto, os certificados de satisfa\u00e7\u00e3o do consumidor e a certifica\u00e7\u00e3o empresarial de integridade do servi\u00e7o de qualidade atestam o nosso compromisso de servi\u00e7o e a certifica\u00e7\u00e3o BAC salvaguarda a expans\u00e3o global dos nossos produtos. Desde a sele\u00e7\u00e3o de mat\u00e9rias-primas e produ\u00e7\u00e3o at\u00e9 \u00e0 entrega do produto acabado, cada passo segue rigorosamente as normas de certifica\u00e7\u00e3o para garantir que cada pe\u00e7a de equipamento cumpre as normas da ind\u00fastria e os requisitos de aplica\u00e7\u00e3o em todo o mundo. Isto permite que os produtos exportados para o Sudeste Asi\u00e1tico, o M\u00e9dio Oriente, a Am\u00e9rica do Sul, a Am\u00e9rica do Norte e outras regi\u00f5es obtenham o reconhecimento dos clientes pela sua qualidade fi\u00e1vel. Tamb\u00e9m permite que cada cliente visitante experimente diretamente o profissionalismo e a fiabilidade da Yituo, estabelecendo uma base s\u00f3lida de confian\u00e7a para aprofundar a coopera\u00e7\u00e3o entre as duas partes no futuro.<\/p>\t\t\t\t\t\t\t\t<\/div>\n\t\t\t\t<div class=\"elementor-element elementor-element-258a422 elementor-widget elementor-widget-gallery\" data-id=\"258a422\" data-element_type=\"widget\" data-e-type=\"widget\" data-settings=\"{&quot;gallery_layout&quot;:&quot;masonry&quot;,&quot;columns_tablet&quot;:3,&quot;columns_mobile&quot;:2,&quot;lazyload&quot;:&quot;yes&quot;,&quot;columns&quot;:4,&quot;gap&quot;:{&quot;unit&quot;:&quot;px&quot;,&quot;size&quot;:10,&quot;sizes&quot;:[]},&quot;gap_tablet&quot;:{&quot;unit&quot;:&quot;px&quot;,&quot;size&quot;:10,&quot;sizes&quot;:[]},&quot;gap_mobile&quot;:{&quot;unit&quot;:&quot;px&quot;,&quot;size&quot;:10,&quot;sizes&quot;:[]},&quot;link_to&quot;:&quot;file&quot;,&quot;overlay_background&quot;:&quot;yes&quot;,&quot;content_hover_animation&quot;:&quot;fade-in&quot;}\" data-widget_type=\"gallery.default\">\n\t\t\t\t\t\t\t<div class=\"elementor-gallery__container\">\n\t\t\t\t\t\t\t<a class=\"e-gallery-item elementor-gallery-item elementor-animated-content\" href=\"https:\/\/www.ytrollformingmachine.com\/wp-content\/uploads\/2026\/03\/\u5fae\u4fe1\u56fe\u7247_20260113154306_69_1393.webp\" data-elementor-open-lightbox=\"yes\" data-elementor-lightbox-slideshow=\"258a422\" data-elementor-lightbox-title=\"\u5fae\u4fe1\u56fe\u7247_20260113154306_69_1393\" data-e-action-hash=\"#elementor-action%3Aaction%3Dlightbox%26settings%3DeyJpZCI6NDEwMywidXJsIjoiaHR0cHM6XC9cL3d3dy55dHJvbGxmb3JtaW5nbWFjaGluZS5jb21cL3dwLWNvbnRlbnRcL3VwbG9hZHNcLzIwMjZcLzAzXC9cdTVmYWVcdTRmZTFcdTU2ZmVcdTcyNDdfMjAyNjAxMTMxNTQzMDZfNjlfMTM5My53ZWJwIiwic2xpZGVzaG93IjoiMjU4YTQyMiJ9\">\n\t\t\t\t\t<div class=\"e-gallery-image elementor-gallery-item__image\" data-thumbnail=\"https:\/\/www.ytrollformingmachine.com\/wp-content\/uploads\/2026\/03\/\u5fae\u4fe1\u56fe\u7247_20260113154306_69_1393.webp\" data-width=\"768\" data-height=\"1061\" aria-label=\"\" role=\"img\" ><\/div>\n\t\t\t\t\t\t\t\t\t\t\t<div class=\"elementor-gallery-item__overlay\"><\/div>\n\t\t\t\t\t\t\t\t\t\t\t\t\t\t<\/a>\n\t\t\t\t\t\t\t<a class=\"e-gallery-item elementor-gallery-item elementor-animated-content\" href=\"https:\/\/www.ytrollformingmachine.com\/wp-content\/uploads\/2026\/03\/\u5fae\u4fe1\u56fe\u7247_20260113154309_71_1393.webp\" data-elementor-open-lightbox=\"yes\" data-elementor-lightbox-slideshow=\"258a422\" data-elementor-lightbox-title=\"\u5fae\u4fe1\u56fe\u7247_20260113154309_71_1393\" data-e-action-hash=\"#elementor-action%3Aaction%3Dlightbox%26settings%3DeyJpZCI6NDEwNCwidXJsIjoiaHR0cHM6XC9cL3d3dy55dHJvbGxmb3JtaW5nbWFjaGluZS5jb21cL3dwLWNvbnRlbnRcL3VwbG9hZHNcLzIwMjZcLzAzXC9cdTVmYWVcdTRmZTFcdTU2ZmVcdTcyNDdfMjAyNjAxMTMxNTQzMDlfNzFfMTM5My53ZWJwIiwic2xpZGVzaG93IjoiMjU4YTQyMiJ9\">\n\t\t\t\t\t<div class=\"e-gallery-image elementor-gallery-item__image\" data-thumbnail=\"https:\/\/www.ytrollformingmachine.com\/wp-content\/uploads\/2026\/03\/\u5fae\u4fe1\u56fe\u7247_20260113154309_71_1393.webp\" data-width=\"768\" data-height=\"1056\" aria-label=\"\" role=\"img\" ><\/div>\n\t\t\t\t\t\t\t\t\t\t\t<div class=\"elementor-gallery-item__overlay\"><\/div>\n\t\t\t\t\t\t\t\t\t\t\t\t\t\t<\/a>\n\t\t\t\t\t\t\t<a class=\"e-gallery-item elementor-gallery-item elementor-animated-content\" href=\"https:\/\/www.ytrollformingmachine.com\/wp-content\/uploads\/2026\/03\/\u5fae\u4fe1\u56fe\u7247_20260113154310_72_1393.webp\" data-elementor-open-lightbox=\"yes\" data-elementor-lightbox-slideshow=\"258a422\" data-elementor-lightbox-title=\"\u5fae\u4fe1\u56fe\u7247_20260113154310_72_1393\" data-e-action-hash=\"#elementor-action%3Aaction%3Dlightbox%26settings%3DeyJpZCI6NDEwNSwidXJsIjoiaHR0cHM6XC9cL3d3dy55dHJvbGxmb3JtaW5nbWFjaGluZS5jb21cL3dwLWNvbnRlbnRcL3VwbG9hZHNcLzIwMjZcLzAzXC9cdTVmYWVcdTRmZTFcdTU2ZmVcdTcyNDdfMjAyNjAxMTMxNTQzMTBfNzJfMTM5My53ZWJwIiwic2xpZGVzaG93IjoiMjU4YTQyMiJ9\">\n\t\t\t\t\t<div class=\"e-gallery-image elementor-gallery-item__image\" data-thumbnail=\"https:\/\/www.ytrollformingmachine.com\/wp-content\/uploads\/2026\/03\/\u5fae\u4fe1\u56fe\u7247_20260113154310_72_1393.webp\" data-width=\"2508\" data-height=\"1672\" aria-label=\"\" role=\"img\" ><\/div>\n\t\t\t\t\t\t\t\t\t\t\t<div class=\"elementor-gallery-item__overlay\"><\/div>\n\t\t\t\t\t\t\t\t\t\t\t\t\t\t<\/a>\n\t\t\t\t\t\t\t<a class=\"e-gallery-item elementor-gallery-item elementor-animated-content\" href=\"https:\/\/www.ytrollformingmachine.com\/wp-content\/uploads\/2026\/03\/\u5fae\u4fe1\u56fe\u7247_20260113155432_125_97.webp\" data-elementor-open-lightbox=\"yes\" data-elementor-lightbox-slideshow=\"258a422\" data-elementor-lightbox-title=\"\u5fae\u4fe1\u56fe\u7247_20260113155432_125_97\" data-e-action-hash=\"#elementor-action%3Aaction%3Dlightbox%26settings%3DeyJpZCI6NDEwNiwidXJsIjoiaHR0cHM6XC9cL3d3dy55dHJvbGxmb3JtaW5nbWFjaGluZS5jb21cL3dwLWNvbnRlbnRcL3VwbG9hZHNcLzIwMjZcLzAzXC9cdTVmYWVcdTRmZTFcdTU2ZmVcdTcyNDdfMjAyNjAxMTMxNTU0MzJfMTI1Xzk3LndlYnAiLCJzbGlkZXNob3ciOiIyNThhNDIyIn0%3D\">\n\t\t\t\t\t<div class=\"e-gallery-image elementor-gallery-item__image\" data-thumbnail=\"https:\/\/www.ytrollformingmachine.com\/wp-content\/uploads\/2026\/03\/\u5fae\u4fe1\u56fe\u7247_20260113155432_125_97.webp\" data-width=\"1280\" data-height=\"1810\" aria-label=\"\" role=\"img\" ><\/div>\n\t\t\t\t\t\t\t\t\t\t\t<div class=\"elementor-gallery-item__overlay\"><\/div>\n\t\t\t\t\t\t\t\t\t\t\t\t\t\t<\/a>\n\t\t\t\t\t\t\t<a class=\"e-gallery-item elementor-gallery-item elementor-animated-content\" href=\"https:\/\/www.ytrollformingmachine.com\/wp-content\/uploads\/2026\/03\/\u5fae\u4fe1\u56fe\u7247_20260113155852_126_97.webp\" data-elementor-open-lightbox=\"yes\" data-elementor-lightbox-slideshow=\"258a422\" data-elementor-lightbox-title=\"\u5fae\u4fe1\u56fe\u7247_20260113155852_126_97\" data-e-action-hash=\"#elementor-action%3Aaction%3Dlightbox%26settings%3DeyJpZCI6NDEwNywidXJsIjoiaHR0cHM6XC9cL3d3dy55dHJvbGxmb3JtaW5nbWFjaGluZS5jb21cL3dwLWNvbnRlbnRcL3VwbG9hZHNcLzIwMjZcLzAzXC9cdTVmYWVcdTRmZTFcdTU2ZmVcdTcyNDdfMjAyNjAxMTMxNTU4NTJfMTI2Xzk3LndlYnAiLCJzbGlkZXNob3ciOiIyNThhNDIyIn0%3D\">\n\t\t\t\t\t<div class=\"e-gallery-image elementor-gallery-item__image\" data-thumbnail=\"https:\/\/www.ytrollformingmachine.com\/wp-content\/uploads\/2026\/03\/\u5fae\u4fe1\u56fe\u7247_20260113155852_126_97.webp\" data-width=\"1280\" data-height=\"1810\" aria-label=\"\" role=\"img\" ><\/div>\n\t\t\t\t\t\t\t\t\t\t\t<div class=\"elementor-gallery-item__overlay\"><\/div>\n\t\t\t\t\t\t\t\t\t\t\t\t\t\t<\/a>\n\t\t\t\t\t\t\t<a class=\"e-gallery-item elementor-gallery-item elementor-animated-content\" href=\"https:\/\/www.ytrollformingmachine.com\/wp-content\/uploads\/2026\/03\/\u5fae\u4fe1\u56fe\u7247_20260113155912_127_97.webp\" data-elementor-open-lightbox=\"yes\" data-elementor-lightbox-slideshow=\"258a422\" data-elementor-lightbox-title=\"\u5fae\u4fe1\u56fe\u7247_20260113155912_127_97\" data-e-action-hash=\"#elementor-action%3Aaction%3Dlightbox%26settings%3DeyJpZCI6NDEwOCwidXJsIjoiaHR0cHM6XC9cL3d3dy55dHJvbGxmb3JtaW5nbWFjaGluZS5jb21cL3dwLWNvbnRlbnRcL3VwbG9hZHNcLzIwMjZcLzAzXC9cdTVmYWVcdTRmZTFcdTU2ZmVcdTcyNDdfMjAyNjAxMTMxNTU5MTJfMTI3Xzk3LndlYnAiLCJzbGlkZXNob3ciOiIyNThhNDIyIn0%3D\">\n\t\t\t\t\t<div class=\"e-gallery-image elementor-gallery-item__image\" data-thumbnail=\"https:\/\/www.ytrollformingmachine.com\/wp-content\/uploads\/2026\/03\/\u5fae\u4fe1\u56fe\u7247_20260113155912_127_97.webp\" data-width=\"1280\" data-height=\"1810\" aria-label=\"\" role=\"img\" ><\/div>\n\t\t\t\t\t\t\t\t\t\t\t<div class=\"elementor-gallery-item__overlay\"><\/div>\n\t\t\t\t\t\t\t\t\t\t\t\t\t\t<\/a>\n\t\t\t\t\t\t\t<a class=\"e-gallery-item elementor-gallery-item elementor-animated-content\" href=\"https:\/\/www.ytrollformingmachine.com\/wp-content\/uploads\/2026\/03\/\u5fae\u4fe1\u56fe\u7247_20260113160543_128_97.webp\" data-elementor-open-lightbox=\"yes\" data-elementor-lightbox-slideshow=\"258a422\" data-elementor-lightbox-title=\"\u5fae\u4fe1\u56fe\u7247_20260113160543_128_97\" data-e-action-hash=\"#elementor-action%3Aaction%3Dlightbox%26settings%3DeyJpZCI6NDEwOSwidXJsIjoiaHR0cHM6XC9cL3d3dy55dHJvbGxmb3JtaW5nbWFjaGluZS5jb21cL3dwLWNvbnRlbnRcL3VwbG9hZHNcLzIwMjZcLzAzXC9cdTVmYWVcdTRmZTFcdTU2ZmVcdTcyNDdfMjAyNjAxMTMxNjA1NDNfMTI4Xzk3LndlYnAiLCJzbGlkZXNob3ciOiIyNThhNDIyIn0%3D\">\n\t\t\t\t\t<div class=\"e-gallery-image elementor-gallery-item__image\" data-thumbnail=\"https:\/\/www.ytrollformingmachine.com\/wp-content\/uploads\/2026\/03\/\u5fae\u4fe1\u56fe\u7247_20260113160543_128_97.webp\" data-width=\"1672\" data-height=\"2508\" aria-label=\"\" role=\"img\" ><\/div>\n\t\t\t\t\t\t\t\t\t\t\t<div class=\"elementor-gallery-item__overlay\"><\/div>\n\t\t\t\t\t\t\t\t\t\t\t\t\t\t<\/a>\n\t\t\t\t\t\t\t<a class=\"e-gallery-item elementor-gallery-item elementor-animated-content\" href=\"https:\/\/www.ytrollformingmachine.com\/wp-content\/uploads\/2026\/03\/\u5fae\u4fe1\u56fe\u7247_20260113160550_129_97.webp\" data-elementor-open-lightbox=\"yes\" data-elementor-lightbox-slideshow=\"258a422\" data-elementor-lightbox-title=\"\u5fae\u4fe1\u56fe\u7247_20260113160550_129_97\" data-e-action-hash=\"#elementor-action%3Aaction%3Dlightbox%26settings%3DeyJpZCI6NDExMCwidXJsIjoiaHR0cHM6XC9cL3d3dy55dHJvbGxmb3JtaW5nbWFjaGluZS5jb21cL3dwLWNvbnRlbnRcL3VwbG9hZHNcLzIwMjZcLzAzXC9cdTVmYWVcdTRmZTFcdTU2ZmVcdTcyNDdfMjAyNjAxMTMxNjA1NTBfMTI5Xzk3LndlYnAiLCJzbGlkZXNob3ciOiIyNThhNDIyIn0%3D\">\n\t\t\t\t\t<div class=\"e-gallery-image elementor-gallery-item__image\" data-thumbnail=\"https:\/\/www.ytrollformingmachine.com\/wp-content\/uploads\/2026\/03\/\u5fae\u4fe1\u56fe\u7247_20260113160550_129_97.webp\" data-width=\"1672\" data-height=\"2508\" aria-label=\"\" role=\"img\" ><\/div>\n\t\t\t\t\t\t\t\t\t\t\t<div class=\"elementor-gallery-item__overlay\"><\/div>\n\t\t\t\t\t\t\t\t\t\t\t\t\t\t<\/a>\n\t\t\t\t\t\t\t<a class=\"e-gallery-item elementor-gallery-item elementor-animated-content\" href=\"https:\/\/www.ytrollformingmachine.com\/wp-content\/uploads\/2026\/03\/\u5fae\u4fe1\u56fe\u7247_20260113160553_130_97.webp\" data-elementor-open-lightbox=\"yes\" data-elementor-lightbox-slideshow=\"258a422\" data-elementor-lightbox-title=\"\u5fae\u4fe1\u56fe\u7247_20260113160553_130_97\" data-e-action-hash=\"#elementor-action%3Aaction%3Dlightbox%26settings%3DeyJpZCI6NDExMSwidXJsIjoiaHR0cHM6XC9cL3d3dy55dHJvbGxmb3JtaW5nbWFjaGluZS5jb21cL3dwLWNvbnRlbnRcL3VwbG9hZHNcLzIwMjZcLzAzXC9cdTVmYWVcdTRmZTFcdTU2ZmVcdTcyNDdfMjAyNjAxMTMxNjA1NTNfMTMwXzk3LndlYnAiLCJzbGlkZXNob3ciOiIyNThhNDIyIn0%3D\">\n\t\t\t\t\t<div class=\"e-gallery-image elementor-gallery-item__image\" data-thumbnail=\"https:\/\/www.ytrollformingmachine.com\/wp-content\/uploads\/2026\/03\/\u5fae\u4fe1\u56fe\u7247_20260113160553_130_97.webp\" data-width=\"1672\" data-height=\"2508\" aria-label=\"\" role=\"img\" ><\/div>\n\t\t\t\t\t\t\t\t\t\t\t<div class=\"elementor-gallery-item__overlay\"><\/div>\n\t\t\t\t\t\t\t\t\t\t\t\t\t\t<\/a>\n\t\t\t\t\t<\/div>\n\t\t\t\t\t<\/div>\n\t\t\t\t\t<\/div>\n\t\t\t\t<\/div>\n\t\t\t\t<\/div>","protected":false},"excerpt":{"rendered":"<p>Certificates Having cultivated the cold-formed steel industry for many years, Yituo has always prioritized compliance and quality. Leveraging its strong technical capabilities and standardized management system, it has earned numerous authoritative certifications and honors, including core quality certificates, consumer satisfaction certificates, quality service integrity enterprise certification, and BAC certification. Each certificate serves as a third-party [&hellip;]<\/p>\n","protected":false},"author":1,"featured_media":0,"parent":0,"menu_order":0,"comment_status":"closed","ping_status":"closed","template":"","meta":{"footnotes":""},"class_list":["post-4101","page","type-page","status-publish","hentry"],"yoast_head":"<!-- This site is optimized with the Yoast SEO plugin v27.1.1 - https:\/\/yoast.com\/product\/yoast-seo-wordpress\/ -->\n<title>Certificates - YiTuo<\/title>\n<meta name=\"robots\" content=\"index, follow, max-snippet:-1, max-image-preview:large, max-video-preview:-1\" \/>\n<link rel=\"canonical\" href=\"https:\/\/www.ytrollformingmachine.com\/pt\/certificates\/\" \/>\n<meta property=\"og:locale\" content=\"pt_PT\" \/>\n<meta property=\"og:type\" content=\"article\" \/>\n<meta property=\"og:title\" content=\"Certificates - YiTuo\" \/>\n<meta property=\"og:description\" content=\"Certificates Having cultivated the cold-formed steel industry for many years, Yituo has always prioritized compliance and quality. Leveraging its strong technical capabilities and standardized management system, it has earned numerous authoritative certifications and honors, including core quality certificates, consumer satisfaction certificates, quality service integrity enterprise certification, and BAC certification. Each certificate serves as a third-party [&hellip;]\" \/>\n<meta property=\"og:url\" content=\"https:\/\/www.ytrollformingmachine.com\/pt\/certificates\/\" \/>\n<meta property=\"og:site_name\" content=\"YiTuo\" \/>\n<meta property=\"article:modified_time\" content=\"2026-03-10T14:33:46+00:00\" \/>\n<meta name=\"twitter:card\" content=\"summary_large_image\" \/>\n<meta name=\"twitter:label1\" content=\"Tempo estimado de leitura\" \/>\n\t<meta name=\"twitter:data1\" content=\"1 minuto\" \/>\n<script type=\"application\/ld+json\" class=\"yoast-schema-graph\">{\"@context\":\"https:\/\/schema.org\",\"@graph\":[{\"@type\":\"WebPage\",\"@id\":\"https:\/\/www.ytrollformingmachine.com\/certificates\/\",\"url\":\"https:\/\/www.ytrollformingmachine.com\/certificates\/\",\"name\":\"Certificates - YiTuo\",\"isPartOf\":{\"@id\":\"https:\/\/www.ytrollformingmachine.com\/#website\"},\"datePublished\":\"2026-03-04T07:12:30+00:00\",\"dateModified\":\"2026-03-10T14:33:46+00:00\",\"breadcrumb\":{\"@id\":\"https:\/\/www.ytrollformingmachine.com\/certificates\/#breadcrumb\"},\"inLanguage\":\"pt-PT\",\"potentialAction\":[{\"@type\":\"ReadAction\",\"target\":[\"https:\/\/www.ytrollformingmachine.com\/certificates\/\"]}]},{\"@type\":\"BreadcrumbList\",\"@id\":\"https:\/\/www.ytrollformingmachine.com\/certificates\/#breadcrumb\",\"itemListElement\":[{\"@type\":\"ListItem\",\"position\":1,\"name\":\"Home\",\"item\":\"https:\/\/www.ytrollformingmachine.com\/\"},{\"@type\":\"ListItem\",\"position\":2,\"name\":\"Certificates\"}]},{\"@type\":\"WebSite\",\"@id\":\"https:\/\/www.ytrollformingmachine.com\/#website\",\"url\":\"https:\/\/www.ytrollformingmachine.com\/\",\"name\":\"YiTuo\",\"description\":\"Cold Bending\",\"potentialAction\":[{\"@type\":\"SearchAction\",\"target\":{\"@type\":\"EntryPoint\",\"urlTemplate\":\"https:\/\/www.ytrollformingmachine.com\/?s={search_term_string}\"},\"query-input\":{\"@type\":\"PropertyValueSpecification\",\"valueRequired\":true,\"valueName\":\"search_term_string\"}}],\"inLanguage\":\"pt-PT\"}]}<\/script>\n<!-- \/ Yoast SEO plugin. -->","yoast_head_json":{"title":"Certificados - YiTuo","robots":{"index":"index","follow":"follow","max-snippet":"max-snippet:-1","max-image-preview":"max-image-preview:large","max-video-preview":"max-video-preview:-1"},"canonical":"https:\/\/www.ytrollformingmachine.com\/pt\/certificates\/","og_locale":"pt_PT","og_type":"article","og_title":"Certificates - YiTuo","og_description":"Certificates Having cultivated the cold-formed steel industry for many years, Yituo has always prioritized compliance and quality. Leveraging its strong technical capabilities and standardized management system, it has earned numerous authoritative certifications and honors, including core quality certificates, consumer satisfaction certificates, quality service integrity enterprise certification, and BAC certification. Each certificate serves as a third-party [&hellip;]","og_url":"https:\/\/www.ytrollformingmachine.com\/pt\/certificates\/","og_site_name":"YiTuo","article_modified_time":"2026-03-10T14:33:46+00:00","twitter_card":"summary_large_image","twitter_misc":{"Tempo estimado de leitura":"1 minuto"},"schema":{"@context":"https:\/\/schema.org","@graph":[{"@type":"WebPage","@id":"https:\/\/www.ytrollformingmachine.com\/certificates\/","url":"https:\/\/www.ytrollformingmachine.com\/certificates\/","name":"Certificados - YiTuo","isPartOf":{"@id":"https:\/\/www.ytrollformingmachine.com\/#website"},"datePublished":"2026-03-04T07:12:30+00:00","dateModified":"2026-03-10T14:33:46+00:00","breadcrumb":{"@id":"https:\/\/www.ytrollformingmachine.com\/certificates\/#breadcrumb"},"inLanguage":"pt-PT","potentialAction":[{"@type":"ReadAction","target":["https:\/\/www.ytrollformingmachine.com\/certificates\/"]}]},{"@type":"BreadcrumbList","@id":"https:\/\/www.ytrollformingmachine.com\/certificates\/#breadcrumb","itemListElement":[{"@type":"ListItem","position":1,"name":"Home","item":"https:\/\/www.ytrollformingmachine.com\/"},{"@type":"ListItem","position":2,"name":"Certificates"}]},{"@type":"WebSite","@id":"https:\/\/www.ytrollformingmachine.com\/#website","url":"https:\/\/www.ytrollformingmachine.com\/","name":"YiTuo","description":"Dobragem a frio","potentialAction":[{"@type":"SearchAction","target":{"@type":"EntryPoint","urlTemplate":"https:\/\/www.ytrollformingmachine.com\/?s={search_term_string}"},"query-input":{"@type":"PropertyValueSpecification","valueRequired":true,"valueName":"search_term_string"}}],"inLanguage":"pt-PT"}]}},"_hostinger_reach_plugin_has_subscription_block":false,"_hostinger_reach_plugin_is_elementor":false,"_links":{"self":[{"href":"https:\/\/www.ytrollformingmachine.com\/pt\/wp-json\/wp\/v2\/pages\/4101","targetHints":{"allow":["GET"]}}],"collection":[{"href":"https:\/\/www.ytrollformingmachine.com\/pt\/wp-json\/wp\/v2\/pages"}],"about":[{"href":"https:\/\/www.ytrollformingmachine.com\/pt\/wp-json\/wp\/v2\/types\/page"}],"author":[{"embeddable":true,"href":"https:\/\/www.ytrollformingmachine.com\/pt\/wp-json\/wp\/v2\/users\/1"}],"replies":[{"embeddable":true,"href":"https:\/\/www.ytrollformingmachine.com\/pt\/wp-json\/wp\/v2\/comments?post=4101"}],"version-history":[{"count":7,"href":"https:\/\/www.ytrollformingmachine.com\/pt\/wp-json\/wp\/v2\/pages\/4101\/revisions"}],"predecessor-version":[{"id":4526,"href":"https:\/\/www.ytrollformingmachine.com\/pt\/wp-json\/wp\/v2\/pages\/4101\/revisions\/4526"}],"wp:attachment":[{"href":"https:\/\/www.ytrollformingmachine.com\/pt\/wp-json\/wp\/v2\/media?parent=4101"}],"curies":[{"name":"wp","href":"https:\/\/api.w.org\/{rel}","templated":true}]}}