{"id":4148,"date":"2026-03-04T07:54:48","date_gmt":"2026-03-04T07:54:48","guid":{"rendered":"https:\/\/www.ytrollformingmachine.com\/?page_id=4148"},"modified":"2026-03-10T14:56:17","modified_gmt":"2026-03-10T14:56:17","slug":"customized-service","status":"publish","type":"page","link":"https:\/\/www.ytrollformingmachine.com\/fr\/customized-service\/","title":{"rendered":"Service personnalis\u00e9"},"content":{"rendered":"<div data-elementor-type=\"wp-page\" data-elementor-id=\"4148\" class=\"elementor elementor-4148\" data-elementor-post-type=\"page\">\n\t\t\t\t<div class=\"elementor-element elementor-element-5ea0b3a e-flex e-con-boxed e-con e-parent\" data-id=\"5ea0b3a\" data-element_type=\"container\" data-e-type=\"container\">\n\t\t\t\t\t<div class=\"e-con-inner\">\n\t\t\t\t<div class=\"elementor-element elementor-element-6e4b52d elementor-widget elementor-widget-heading\" data-id=\"6e4b52d\" data-element_type=\"widget\" data-e-type=\"widget\" data-widget_type=\"heading.default\">\n\t\t\t\t\t<h2 class=\"elementor-heading-title elementor-size-default\">Service personnalis\u00e9\n<\/h2>\t\t\t\t<\/div>\n\t\t\t\t<div class=\"elementor-element elementor-element-81013de elementor-widget elementor-widget-text-editor\" data-id=\"81013de\" data-element_type=\"widget\" data-e-type=\"widget\" data-widget_type=\"text-editor.default\">\n\t\t\t\t\t\t\t\t\t<p>Nous sommes sp\u00e9cialis\u00e9s dans la fourniture de solutions compl\u00e8tes et sur mesure pour les profil\u00e9s m\u00e9talliques form\u00e9s \u00e0 froid.<\/p><p><strong>Avantages de la personnalisation de base<\/strong>:<\/p><p>1. R\u00e9ponse flexible : D\u00e9veloppement rapide de l'outillage \u00e0 partir de vos dessins ou \u00e9chantillons pour produire des sections non standard \u00e0 g\u00e9om\u00e9trie complexe.<br \/>2. Collaboration efficace : Notre \u00e9quipe fournit une assistance technique de bout en bout, depuis la s\u00e9lection des mat\u00e9riaux et l'optimisation des sections jusqu'aux processus de production, afin de garantir des r\u00e9sultats optimaux pour les produits.<br \/>3. Co\u00fbt et efficacit\u00e9 : Les processus de profilage en continu r\u00e9duisent consid\u00e9rablement les co\u00fbts unitaires et les pertes de mat\u00e9riaux, ce qui convient particuli\u00e8rement \u00e0 la production personnalis\u00e9e \u00e0 moyenne et grande \u00e9chelle.<\/p><p><strong>Applications vari\u00e9es :<\/strong><br \/>Quel que soit votre secteur d'activit\u00e9, nous prenons en charge toute application impliquant des composants structurels m\u00e9talliques. Les utilisations typiques sont les suivantes<\/p><p>- \u00c9nergie verte : Syst\u00e8mes de montage photovolta\u00efques sur mesure et composants de suivi solaire.<br \/>- Finition architecturale : ossature de mur-rideau, profil\u00e9s de rev\u00eatement de toit et de mur sur mesure, structures l\u00e9g\u00e8res en acier.<br \/>- Automobile et logistique : Squelettes de carrosserie, rayonnages d'entrep\u00f4ts, rails de guidage de syst\u00e8mes de convoyage.<br \/>- Infrastructure : Garde-corps, supports de pont, conduits de ventilation, etc.<\/p><p>Soumettez-nous vos concepts ou \u00e9chantillons et nous transformerons votre vision en produits fiables et pr\u00e9cis.<\/p>\t\t\t\t\t\t\t\t<\/div>\n\t\t\t\t\t<\/div>\n\t\t\t\t<\/div>\n\t\t\t\t<\/div>","protected":false},"excerpt":{"rendered":"<p>Customized Service We specialise in providing comprehensive, bespoke solutions for cold-formed metal profiles. Core Customisation Advantages: 1. Flexible Response: Rapid tooling development based on your drawings or samples to produce non-standard sections with complex geometries.2. Efficient Collaboration: Our team provides end-to-end technical support\u2014from material selection and section optimisation to production processes\u2014ensuring optimal product outcomes.3. Cost [&hellip;]<\/p>\n","protected":false},"author":1,"featured_media":4136,"parent":0,"menu_order":0,"comment_status":"closed","ping_status":"closed","template":"","meta":{"footnotes":""},"class_list":["post-4148","page","type-page","status-publish","has-post-thumbnail","hentry"],"yoast_head":"<!-- This site is optimized with the Yoast SEO plugin v27.1.1 - https:\/\/yoast.com\/product\/yoast-seo-wordpress\/ -->\n<title>Customized service - YiTuo<\/title>\n<meta name=\"robots\" content=\"index, follow, max-snippet:-1, max-image-preview:large, max-video-preview:-1\" \/>\n<link rel=\"canonical\" href=\"https:\/\/www.ytrollformingmachine.com\/fr\/customized-service\/\" \/>\n<meta property=\"og:locale\" content=\"fr_FR\" \/>\n<meta property=\"og:type\" content=\"article\" \/>\n<meta property=\"og:title\" content=\"Customized service - YiTuo\" \/>\n<meta property=\"og:description\" content=\"Customized Service We specialise in providing comprehensive, bespoke solutions for cold-formed metal profiles. Core Customisation Advantages: 1. Flexible Response: Rapid tooling development based on your drawings or samples to produce non-standard sections with complex geometries.2. Efficient Collaboration: Our team provides end-to-end technical support\u2014from material selection and section optimisation to production processes\u2014ensuring optimal product outcomes.3. Cost [&hellip;]\" \/>\n<meta property=\"og:url\" content=\"https:\/\/www.ytrollformingmachine.com\/fr\/customized-service\/\" \/>\n<meta property=\"og:site_name\" content=\"YiTuo\" \/>\n<meta property=\"article:modified_time\" content=\"2026-03-10T14:56:17+00:00\" \/>\n<meta property=\"og:image\" content=\"https:\/\/www.ytrollformingmachine.com\/wp-content\/uploads\/2026\/03\/\u89e3\u51b3\u65b9\u6848-scaled.webp\" \/>\n\t<meta property=\"og:image:width\" content=\"2560\" \/>\n\t<meta property=\"og:image:height\" content=\"1707\" \/>\n\t<meta property=\"og:image:type\" content=\"image\/webp\" \/>\n<meta name=\"twitter:card\" content=\"summary_large_image\" \/>\n<meta name=\"twitter:label1\" content=\"Dur\u00e9e de lecture estim\u00e9e\" \/>\n\t<meta name=\"twitter:data1\" content=\"1 minute\" \/>\n<script type=\"application\/ld+json\" class=\"yoast-schema-graph\">{\"@context\":\"https:\/\/schema.org\",\"@graph\":[{\"@type\":\"WebPage\",\"@id\":\"https:\/\/www.ytrollformingmachine.com\/customized-service\/\",\"url\":\"https:\/\/www.ytrollformingmachine.com\/customized-service\/\",\"name\":\"Customized service - YiTuo\",\"isPartOf\":{\"@id\":\"https:\/\/www.ytrollformingmachine.com\/#website\"},\"primaryImageOfPage\":{\"@id\":\"https:\/\/www.ytrollformingmachine.com\/customized-service\/#primaryimage\"},\"image\":{\"@id\":\"https:\/\/www.ytrollformingmachine.com\/customized-service\/#primaryimage\"},\"thumbnailUrl\":\"https:\/\/www.ytrollformingmachine.com\/wp-content\/uploads\/2026\/03\/\u89e3\u51b3\u65b9\u6848-scaled.webp\",\"datePublished\":\"2026-03-04T07:54:48+00:00\",\"dateModified\":\"2026-03-10T14:56:17+00:00\",\"breadcrumb\":{\"@id\":\"https:\/\/www.ytrollformingmachine.com\/customized-service\/#breadcrumb\"},\"inLanguage\":\"fr-FR\",\"potentialAction\":[{\"@type\":\"ReadAction\",\"target\":[\"https:\/\/www.ytrollformingmachine.com\/customized-service\/\"]}]},{\"@type\":\"ImageObject\",\"inLanguage\":\"fr-FR\",\"@id\":\"https:\/\/www.ytrollformingmachine.com\/customized-service\/#primaryimage\",\"url\":\"https:\/\/www.ytrollformingmachine.com\/wp-content\/uploads\/2026\/03\/\u89e3\u51b3\u65b9\u6848-scaled.webp\",\"contentUrl\":\"https:\/\/www.ytrollformingmachine.com\/wp-content\/uploads\/2026\/03\/\u89e3\u51b3\u65b9\u6848-scaled.webp\",\"width\":2560,\"height\":1707},{\"@type\":\"BreadcrumbList\",\"@id\":\"https:\/\/www.ytrollformingmachine.com\/customized-service\/#breadcrumb\",\"itemListElement\":[{\"@type\":\"ListItem\",\"position\":1,\"name\":\"Home\",\"item\":\"https:\/\/www.ytrollformingmachine.com\/\"},{\"@type\":\"ListItem\",\"position\":2,\"name\":\"Customized service\"}]},{\"@type\":\"WebSite\",\"@id\":\"https:\/\/www.ytrollformingmachine.com\/#website\",\"url\":\"https:\/\/www.ytrollformingmachine.com\/\",\"name\":\"YiTuo\",\"description\":\"Cold Bending\",\"potentialAction\":[{\"@type\":\"SearchAction\",\"target\":{\"@type\":\"EntryPoint\",\"urlTemplate\":\"https:\/\/www.ytrollformingmachine.com\/?s={search_term_string}\"},\"query-input\":{\"@type\":\"PropertyValueSpecification\",\"valueRequired\":true,\"valueName\":\"search_term_string\"}}],\"inLanguage\":\"fr-FR\"}]}<\/script>\n<!-- \/ Yoast SEO plugin. -->","yoast_head_json":{"title":"Service personnalis\u00e9 - YiTuo","robots":{"index":"index","follow":"follow","max-snippet":"max-snippet:-1","max-image-preview":"max-image-preview:large","max-video-preview":"max-video-preview:-1"},"canonical":"https:\/\/www.ytrollformingmachine.com\/fr\/customized-service\/","og_locale":"fr_FR","og_type":"article","og_title":"Customized service - YiTuo","og_description":"Customized Service We specialise in providing comprehensive, bespoke solutions for cold-formed metal profiles. Core Customisation Advantages: 1. Flexible Response: Rapid tooling development based on your drawings or samples to produce non-standard sections with complex geometries.2. Efficient Collaboration: Our team provides end-to-end technical support\u2014from material selection and section optimisation to production processes\u2014ensuring optimal product outcomes.3. Cost [&hellip;]","og_url":"https:\/\/www.ytrollformingmachine.com\/fr\/customized-service\/","og_site_name":"YiTuo","article_modified_time":"2026-03-10T14:56:17+00:00","og_image":[{"width":2560,"height":1707,"url":"https:\/\/www.ytrollformingmachine.com\/wp-content\/uploads\/2026\/03\/\u89e3\u51b3\u65b9\u6848-scaled.webp","type":"image\/webp"}],"twitter_card":"summary_large_image","twitter_misc":{"Dur\u00e9e de lecture estim\u00e9e":"1 minute"},"schema":{"@context":"https:\/\/schema.org","@graph":[{"@type":"WebPage","@id":"https:\/\/www.ytrollformingmachine.com\/customized-service\/","url":"https:\/\/www.ytrollformingmachine.com\/customized-service\/","name":"Service personnalis\u00e9 - YiTuo","isPartOf":{"@id":"https:\/\/www.ytrollformingmachine.com\/#website"},"primaryImageOfPage":{"@id":"https:\/\/www.ytrollformingmachine.com\/customized-service\/#primaryimage"},"image":{"@id":"https:\/\/www.ytrollformingmachine.com\/customized-service\/#primaryimage"},"thumbnailUrl":"https:\/\/www.ytrollformingmachine.com\/wp-content\/uploads\/2026\/03\/\u89e3\u51b3\u65b9\u6848-scaled.webp","datePublished":"2026-03-04T07:54:48+00:00","dateModified":"2026-03-10T14:56:17+00:00","breadcrumb":{"@id":"https:\/\/www.ytrollformingmachine.com\/customized-service\/#breadcrumb"},"inLanguage":"fr-FR","potentialAction":[{"@type":"ReadAction","target":["https:\/\/www.ytrollformingmachine.com\/customized-service\/"]}]},{"@type":"ImageObject","inLanguage":"fr-FR","@id":"https:\/\/www.ytrollformingmachine.com\/customized-service\/#primaryimage","url":"https:\/\/www.ytrollformingmachine.com\/wp-content\/uploads\/2026\/03\/\u89e3\u51b3\u65b9\u6848-scaled.webp","contentUrl":"https:\/\/www.ytrollformingmachine.com\/wp-content\/uploads\/2026\/03\/\u89e3\u51b3\u65b9\u6848-scaled.webp","width":2560,"height":1707},{"@type":"BreadcrumbList","@id":"https:\/\/www.ytrollformingmachine.com\/customized-service\/#breadcrumb","itemListElement":[{"@type":"ListItem","position":1,"name":"Home","item":"https:\/\/www.ytrollformingmachine.com\/"},{"@type":"ListItem","position":2,"name":"Customized service"}]},{"@type":"WebSite","@id":"https:\/\/www.ytrollformingmachine.com\/#website","url":"https:\/\/www.ytrollformingmachine.com\/","name":"YiTuo","description":"Cintrage \u00e0 froid","potentialAction":[{"@type":"SearchAction","target":{"@type":"EntryPoint","urlTemplate":"https:\/\/www.ytrollformingmachine.com\/?s={search_term_string}"},"query-input":{"@type":"PropertyValueSpecification","valueRequired":true,"valueName":"search_term_string"}}],"inLanguage":"fr-FR"}]}},"_hostinger_reach_plugin_has_subscription_block":false,"_hostinger_reach_plugin_is_elementor":false,"_links":{"self":[{"href":"https:\/\/www.ytrollformingmachine.com\/fr\/wp-json\/wp\/v2\/pages\/4148","targetHints":{"allow":["GET"]}}],"collection":[{"href":"https:\/\/www.ytrollformingmachine.com\/fr\/wp-json\/wp\/v2\/pages"}],"about":[{"href":"https:\/\/www.ytrollformingmachine.com\/fr\/wp-json\/wp\/v2\/types\/page"}],"author":[{"embeddable":true,"href":"https:\/\/www.ytrollformingmachine.com\/fr\/wp-json\/wp\/v2\/users\/1"}],"replies":[{"embeddable":true,"href":"https:\/\/www.ytrollformingmachine.com\/fr\/wp-json\/wp\/v2\/comments?post=4148"}],"version-history":[{"count":7,"href":"https:\/\/www.ytrollformingmachine.com\/fr\/wp-json\/wp\/v2\/pages\/4148\/revisions"}],"predecessor-version":[{"id":4539,"href":"https:\/\/www.ytrollformingmachine.com\/fr\/wp-json\/wp\/v2\/pages\/4148\/revisions\/4539"}],"wp:featuredmedia":[{"embeddable":true,"href":"https:\/\/www.ytrollformingmachine.com\/fr\/wp-json\/wp\/v2\/media\/4136"}],"wp:attachment":[{"href":"https:\/\/www.ytrollformingmachine.com\/fr\/wp-json\/wp\/v2\/media?parent=4148"}],"curies":[{"name":"wp","href":"https:\/\/api.w.org\/{rel}","templated":true}]}}