{"id":4116,"date":"2026-03-04T07:19:17","date_gmt":"2026-03-04T07:19:17","guid":{"rendered":"https:\/\/www.ytrollformingmachine.com\/?page_id=4116"},"modified":"2026-03-10T14:32:58","modified_gmt":"2026-03-10T14:32:58","slug":"client-visit","status":"publish","type":"page","link":"https:\/\/www.ytrollformingmachine.com\/fr\/client-visit\/","title":{"rendered":"Visite du client"},"content":{"rendered":"<div data-elementor-type=\"wp-page\" data-elementor-id=\"4116\" class=\"elementor elementor-4116\" data-elementor-post-type=\"page\">\n\t\t\t\t<div class=\"elementor-element elementor-element-7421c50 e-flex e-con-boxed e-con e-parent\" data-id=\"7421c50\" data-element_type=\"container\" data-e-type=\"container\">\n\t\t\t\t\t<div class=\"e-con-inner\">\n\t\t\t\t<div class=\"elementor-element elementor-element-d8d93a7 elementor-widget elementor-widget-heading\" data-id=\"d8d93a7\" data-element_type=\"widget\" data-e-type=\"widget\" data-widget_type=\"heading.default\">\n\t\t\t\t\t<h2 class=\"elementor-heading-title elementor-size-default\">Visite du client<\/h2>\t\t\t\t<\/div>\n\t\t\t\t<div class=\"elementor-element elementor-element-a9663c3 elementor-widget elementor-widget-text-editor\" data-id=\"a9663c3\" data-element_type=\"widget\" data-e-type=\"widget\" data-widget_type=\"text-editor.default\">\n\t\t\t\t\t\t\t\t\t<p>Bienvenue sur le site de Cangzhou Yituo Cold Bending Technology Co.<\/p><p>Chaque visite est un geste de confiance ; chaque \u00e9change ouvre la voie \u00e0 des avantages mutuels. R\u00e9cemment, des clients du monde entier ont travers\u00e9 les montagnes et les mers pour se rendre \u00e0 Cangzhou Yituo Cold Bending Technology Co. Ltd. afin d'inspecter sur place l'ensemble du processus de R&amp;D et de production d'\u00e9quipements de formage par pliage \u00e0 froid haut de gamme, de discuter des possibilit\u00e9s de coop\u00e9ration et d'explorer de nouvelles perspectives pour l'industrie.<\/p><p>En tant que fabricant professionnel d'\u00e9quipements de formage par pliage \u00e0 froid haut de gamme int\u00e9grant la recherche et le d\u00e9veloppement, la production, la vente, l'exportation et le service, Yituo accueille toujours avec une attitude ouverte l'inspection sur place de chaque client. Au cours de la visite, l'\u00e9quipe du client, accompagn\u00e9e des dirigeants de l'entreprise, a visit\u00e9 le centre de R&amp;D, l'atelier de production et la salle d'exposition des produits finis, d\u00e9couvrant ainsi de premi\u00e8re main la force et le savoir-faire de Yituo.<\/p><p>Dans l'atelier de production, l'environnement de production propre et normalis\u00e9, les lignes de production fonctionnant de mani\u00e8re ordonn\u00e9e et les processus stricts de contr\u00f4le de la qualit\u00e9 ont permis aux clients d'assister directement au processus m\u00e9ticuleux de chaque pi\u00e8ce d'\u00e9quipement, de la transformation des composants \u00e0 l'assemblage des produits finis. Des profileuses pour panneaux de conteneurs l\u00e9gers en acier \u00e0 haute r\u00e9sistance et des machines int\u00e9gr\u00e9es CZ, aux lignes de production de carreaux de pierre color\u00e9s et \u00e0 l'\u00e9quipement de support photovolta\u00efque, en passant par l'\u00e9quipement d'assemblage rapide et d'emballage pliant, une gamme compl\u00e8te de produits a \u00e9t\u00e9 soigneusement expos\u00e9e, couvrant enti\u00e8rement les besoins d'application dans de multiples domaines tels que le logement, les routes et les ponts, l'automobile et l'acier, d\u00e9montrant pleinement la forte capacit\u00e9 de production de Yituo \u00e0 r\u00e9pondre \u00e0 la demande de gros volumes de ses clients.<\/p><p>L'\u00e9quipe technique a fourni des explications compl\u00e8tes, r\u00e9pondant aux principales pr\u00e9occupations des clients telles que la pr\u00e9cision des produits, les solutions personnalis\u00e9es et l'efficacit\u00e9 de la production, r\u00e9pondant aux questions une par une avec des exemples d'application pratique et d\u00e9montrant le processus de fonctionnement de l'\u00e9quipement sur place, permettant aux clients d'exp\u00e9rimenter personnellement la stabilit\u00e9 et la praticit\u00e9 des produits Yituo. Apr\u00e8s une compr\u00e9hension approfondie, les clients ont reconnu la force technique et les normes de production de Yituo, en accordant une attention particuli\u00e8re \u00e0 l'ensemble des certificats de qualification de l'entreprise qui font autorit\u00e9.<\/p>\t\t\t\t\t\t\t\t<\/div>\n\t\t\t\t<div class=\"elementor-element elementor-element-f9d1cd6 elementor-widget elementor-widget-gallery\" data-id=\"f9d1cd6\" data-element_type=\"widget\" data-e-type=\"widget\" data-settings=\"{&quot;columns_tablet&quot;:3,&quot;columns_mobile&quot;:2,&quot;gap_tablet&quot;:{&quot;unit&quot;:&quot;px&quot;,&quot;size&quot;:5,&quot;sizes&quot;:[]},&quot;lazyload&quot;:&quot;yes&quot;,&quot;gallery_layout&quot;:&quot;grid&quot;,&quot;columns&quot;:4,&quot;gap&quot;:{&quot;unit&quot;:&quot;px&quot;,&quot;size&quot;:10,&quot;sizes&quot;:[]},&quot;gap_mobile&quot;:{&quot;unit&quot;:&quot;px&quot;,&quot;size&quot;:10,&quot;sizes&quot;:[]},&quot;link_to&quot;:&quot;file&quot;,&quot;aspect_ratio&quot;:&quot;3:2&quot;,&quot;overlay_background&quot;:&quot;yes&quot;,&quot;content_hover_animation&quot;:&quot;fade-in&quot;}\" data-widget_type=\"gallery.default\">\n\t\t\t\t\t\t\t<div class=\"elementor-gallery__container\">\n\t\t\t\t\t\t\t<a class=\"e-gallery-item elementor-gallery-item elementor-animated-content\" href=\"https:\/\/www.ytrollformingmachine.com\/wp-content\/uploads\/2026\/03\/e79c96a17ab8bc9d705fd22c595a9ef.webp\" data-elementor-open-lightbox=\"yes\" data-elementor-lightbox-slideshow=\"f9d1cd6\" data-elementor-lightbox-title=\"e79c96a17ab8bc9d705fd22c595a9ef\" data-e-action-hash=\"#elementor-action%3Aaction%3Dlightbox%26settings%3DeyJpZCI6NDExOCwidXJsIjoiaHR0cHM6XC9cL3d3dy55dHJvbGxmb3JtaW5nbWFjaGluZS5jb21cL3dwLWNvbnRlbnRcL3VwbG9hZHNcLzIwMjZcLzAzXC9lNzljOTZhMTdhYjhiYzlkNzA1ZmQyMmM1OTVhOWVmLndlYnAiLCJzbGlkZXNob3ciOiJmOWQxY2Q2In0%3D\">\n\t\t\t\t\t<div class=\"e-gallery-image elementor-gallery-item__image\" data-thumbnail=\"https:\/\/www.ytrollformingmachine.com\/wp-content\/uploads\/2026\/03\/e79c96a17ab8bc9d705fd22c595a9ef.webp\" data-width=\"2276\" data-height=\"1280\" aria-label=\"\" role=\"img\" ><\/div>\n\t\t\t\t\t\t\t\t\t\t\t<div class=\"elementor-gallery-item__overlay\"><\/div>\n\t\t\t\t\t\t\t\t\t\t\t\t\t\t<\/a>\n\t\t\t\t\t\t\t<a class=\"e-gallery-item elementor-gallery-item elementor-animated-content\" href=\"https:\/\/www.ytrollformingmachine.com\/wp-content\/uploads\/2026\/03\/\u5fae\u4fe1\u56fe\u7247_20250530135504.webp\" data-elementor-open-lightbox=\"yes\" data-elementor-lightbox-slideshow=\"f9d1cd6\" data-elementor-lightbox-title=\"\u5fae\u4fe1\u56fe\u7247_20250530135504\" data-e-action-hash=\"#elementor-action%3Aaction%3Dlightbox%26settings%3DeyJpZCI6NDExOSwidXJsIjoiaHR0cHM6XC9cL3d3dy55dHJvbGxmb3JtaW5nbWFjaGluZS5jb21cL3dwLWNvbnRlbnRcL3VwbG9hZHNcLzIwMjZcLzAzXC9cdTVmYWVcdTRmZTFcdTU2ZmVcdTcyNDdfMjAyNTA1MzAxMzU1MDQud2VicCIsInNsaWRlc2hvdyI6ImY5ZDFjZDYifQ%3D%3D\">\n\t\t\t\t\t<div class=\"e-gallery-image elementor-gallery-item__image\" data-thumbnail=\"https:\/\/www.ytrollformingmachine.com\/wp-content\/uploads\/2026\/03\/\u5fae\u4fe1\u56fe\u7247_20250530135504.webp\" data-width=\"1238\" data-height=\"864\" aria-label=\"\" role=\"img\" ><\/div>\n\t\t\t\t\t\t\t\t\t\t\t<div class=\"elementor-gallery-item__overlay\"><\/div>\n\t\t\t\t\t\t\t\t\t\t\t\t\t\t<\/a>\n\t\t\t\t\t\t\t<a class=\"e-gallery-item elementor-gallery-item elementor-animated-content\" href=\"https:\/\/www.ytrollformingmachine.com\/wp-content\/uploads\/2026\/03\/\u5fae\u4fe1\u56fe\u7247_20250530135514.webp\" data-elementor-open-lightbox=\"yes\" data-elementor-lightbox-slideshow=\"f9d1cd6\" data-elementor-lightbox-title=\"\u5fae\u4fe1\u56fe\u7247_20250530135514\" data-e-action-hash=\"#elementor-action%3Aaction%3Dlightbox%26settings%3DeyJpZCI6NDEyMCwidXJsIjoiaHR0cHM6XC9cL3d3dy55dHJvbGxmb3JtaW5nbWFjaGluZS5jb21cL3dwLWNvbnRlbnRcL3VwbG9hZHNcLzIwMjZcLzAzXC9cdTVmYWVcdTRmZTFcdTU2ZmVcdTcyNDdfMjAyNTA1MzAxMzU1MTQud2VicCIsInNsaWRlc2hvdyI6ImY5ZDFjZDYifQ%3D%3D\">\n\t\t\t\t\t<div class=\"e-gallery-image elementor-gallery-item__image\" data-thumbnail=\"https:\/\/www.ytrollformingmachine.com\/wp-content\/uploads\/2026\/03\/\u5fae\u4fe1\u56fe\u7247_20250530135514.webp\" data-width=\"1416\" data-height=\"1030\" aria-label=\"\" role=\"img\" ><\/div>\n\t\t\t\t\t\t\t\t\t\t\t<div class=\"elementor-gallery-item__overlay\"><\/div>\n\t\t\t\t\t\t\t\t\t\t\t\t\t\t<\/a>\n\t\t\t\t\t\t\t<a class=\"e-gallery-item elementor-gallery-item elementor-animated-content\" href=\"https:\/\/www.ytrollformingmachine.com\/wp-content\/uploads\/2026\/03\/\u5fae\u4fe1\u56fe\u7247_20250530135525-scaled.webp\" data-elementor-open-lightbox=\"yes\" data-elementor-lightbox-slideshow=\"f9d1cd6\" data-elementor-lightbox-title=\"\u5fae\u4fe1\u56fe\u7247_20250530135525\" data-e-action-hash=\"#elementor-action%3Aaction%3Dlightbox%26settings%3DeyJpZCI6NDEyMSwidXJsIjoiaHR0cHM6XC9cL3d3dy55dHJvbGxmb3JtaW5nbWFjaGluZS5jb21cL3dwLWNvbnRlbnRcL3VwbG9hZHNcLzIwMjZcLzAzXC9cdTVmYWVcdTRmZTFcdTU2ZmVcdTcyNDdfMjAyNTA1MzAxMzU1MjUtc2NhbGVkLndlYnAiLCJzbGlkZXNob3ciOiJmOWQxY2Q2In0%3D\">\n\t\t\t\t\t<div class=\"e-gallery-image elementor-gallery-item__image\" data-thumbnail=\"https:\/\/www.ytrollformingmachine.com\/wp-content\/uploads\/2026\/03\/\u5fae\u4fe1\u56fe\u7247_20250530135525-scaled.webp\" data-width=\"2560\" data-height=\"1920\" aria-label=\"\" role=\"img\" ><\/div>\n\t\t\t\t\t\t\t\t\t\t\t<div class=\"elementor-gallery-item__overlay\"><\/div>\n\t\t\t\t\t\t\t\t\t\t\t\t\t\t<\/a>\n\t\t\t\t\t\t\t<a class=\"e-gallery-item elementor-gallery-item elementor-animated-content\" href=\"https:\/\/www.ytrollformingmachine.com\/wp-content\/uploads\/2026\/03\/\u5fae\u4fe1\u56fe\u7247_20250530135528.webp\" data-elementor-open-lightbox=\"yes\" data-elementor-lightbox-slideshow=\"f9d1cd6\" data-elementor-lightbox-title=\"\u5fae\u4fe1\u56fe\u7247_20250530135528\" data-e-action-hash=\"#elementor-action%3Aaction%3Dlightbox%26settings%3DeyJpZCI6NDEyMiwidXJsIjoiaHR0cHM6XC9cL3d3dy55dHJvbGxmb3JtaW5nbWFjaGluZS5jb21cL3dwLWNvbnRlbnRcL3VwbG9hZHNcLzIwMjZcLzAzXC9cdTVmYWVcdTRmZTFcdTU2ZmVcdTcyNDdfMjAyNTA1MzAxMzU1Mjgud2VicCIsInNsaWRlc2hvdyI6ImY5ZDFjZDYifQ%3D%3D\">\n\t\t\t\t\t<div class=\"e-gallery-image elementor-gallery-item__image\" data-thumbnail=\"https:\/\/www.ytrollformingmachine.com\/wp-content\/uploads\/2026\/03\/\u5fae\u4fe1\u56fe\u7247_20250530135528.webp\" data-width=\"1706\" data-height=\"1280\" aria-label=\"\" role=\"img\" ><\/div>\n\t\t\t\t\t\t\t\t\t\t\t<div class=\"elementor-gallery-item__overlay\"><\/div>\n\t\t\t\t\t\t\t\t\t\t\t\t\t\t<\/a>\n\t\t\t\t\t\t\t<a class=\"e-gallery-item elementor-gallery-item elementor-animated-content\" href=\"https:\/\/www.ytrollformingmachine.com\/wp-content\/uploads\/2026\/03\/\u5fae\u4fe1\u56fe\u7247_20250530135532-scaled.webp\" data-elementor-open-lightbox=\"yes\" data-elementor-lightbox-slideshow=\"f9d1cd6\" data-elementor-lightbox-title=\"\u5fae\u4fe1\u56fe\u7247_20250530135532\" data-e-action-hash=\"#elementor-action%3Aaction%3Dlightbox%26settings%3DeyJpZCI6NDEyMywidXJsIjoiaHR0cHM6XC9cL3d3dy55dHJvbGxmb3JtaW5nbWFjaGluZS5jb21cL3dwLWNvbnRlbnRcL3VwbG9hZHNcLzIwMjZcLzAzXC9cdTVmYWVcdTRmZTFcdTU2ZmVcdTcyNDdfMjAyNTA1MzAxMzU1MzItc2NhbGVkLndlYnAiLCJzbGlkZXNob3ciOiJmOWQxY2Q2In0%3D\">\n\t\t\t\t\t<div class=\"e-gallery-image elementor-gallery-item__image\" data-thumbnail=\"https:\/\/www.ytrollformingmachine.com\/wp-content\/uploads\/2026\/03\/\u5fae\u4fe1\u56fe\u7247_20250530135532-scaled.webp\" data-width=\"2560\" data-height=\"1920\" aria-label=\"\" role=\"img\" ><\/div>\n\t\t\t\t\t\t\t\t\t\t\t<div class=\"elementor-gallery-item__overlay\"><\/div>\n\t\t\t\t\t\t\t\t\t\t\t\t\t\t<\/a>\n\t\t\t\t\t\t\t<a class=\"e-gallery-item elementor-gallery-item elementor-animated-content\" href=\"https:\/\/www.ytrollformingmachine.com\/wp-content\/uploads\/2026\/03\/\u5fae\u4fe1\u56fe\u7247_20250530135849-scaled.webp\" data-elementor-open-lightbox=\"yes\" data-elementor-lightbox-slideshow=\"f9d1cd6\" data-elementor-lightbox-title=\"\u5fae\u4fe1\u56fe\u7247_20250530135849\" data-e-action-hash=\"#elementor-action%3Aaction%3Dlightbox%26settings%3DeyJpZCI6NDEyNCwidXJsIjoiaHR0cHM6XC9cL3d3dy55dHJvbGxmb3JtaW5nbWFjaGluZS5jb21cL3dwLWNvbnRlbnRcL3VwbG9hZHNcLzIwMjZcLzAzXC9cdTVmYWVcdTRmZTFcdTU2ZmVcdTcyNDdfMjAyNTA1MzAxMzU4NDktc2NhbGVkLndlYnAiLCJzbGlkZXNob3ciOiJmOWQxY2Q2In0%3D\">\n\t\t\t\t\t<div class=\"e-gallery-image elementor-gallery-item__image\" data-thumbnail=\"https:\/\/www.ytrollformingmachine.com\/wp-content\/uploads\/2026\/03\/\u5fae\u4fe1\u56fe\u7247_20250530135849-scaled.webp\" data-width=\"2560\" data-height=\"1920\" aria-label=\"\" role=\"img\" ><\/div>\n\t\t\t\t\t\t\t\t\t\t\t<div class=\"elementor-gallery-item__overlay\"><\/div>\n\t\t\t\t\t\t\t\t\t\t\t\t\t\t<\/a>\n\t\t\t\t\t\t\t<a class=\"e-gallery-item elementor-gallery-item elementor-animated-content\" href=\"https:\/\/www.ytrollformingmachine.com\/wp-content\/uploads\/2026\/03\/\u5fae\u4fe1\u56fe\u7247_20250530140142.webp\" data-elementor-open-lightbox=\"yes\" data-elementor-lightbox-slideshow=\"f9d1cd6\" data-elementor-lightbox-title=\"\u5fae\u4fe1\u56fe\u7247_20250530140142\" data-e-action-hash=\"#elementor-action%3Aaction%3Dlightbox%26settings%3DeyJpZCI6NDEyNSwidXJsIjoiaHR0cHM6XC9cL3d3dy55dHJvbGxmb3JtaW5nbWFjaGluZS5jb21cL3dwLWNvbnRlbnRcL3VwbG9hZHNcLzIwMjZcLzAzXC9cdTVmYWVcdTRmZTFcdTU2ZmVcdTcyNDdfMjAyNTA1MzAxNDAxNDIud2VicCIsInNsaWRlc2hvdyI6ImY5ZDFjZDYifQ%3D%3D\">\n\t\t\t\t\t<div class=\"e-gallery-image elementor-gallery-item__image\" data-thumbnail=\"https:\/\/www.ytrollformingmachine.com\/wp-content\/uploads\/2026\/03\/\u5fae\u4fe1\u56fe\u7247_20250530140142.webp\" data-width=\"2394\" data-height=\"2350\" aria-label=\"\" role=\"img\" ><\/div>\n\t\t\t\t\t\t\t\t\t\t\t<div class=\"elementor-gallery-item__overlay\"><\/div>\n\t\t\t\t\t\t\t\t\t\t\t\t\t\t<\/a>\n\t\t\t\t\t\t\t<a class=\"e-gallery-item elementor-gallery-item elementor-animated-content\" href=\"https:\/\/www.ytrollformingmachine.com\/wp-content\/uploads\/2026\/03\/\u5fae\u4fe1\u56fe\u7247_20250530140317.webp\" data-elementor-open-lightbox=\"yes\" data-elementor-lightbox-slideshow=\"f9d1cd6\" data-elementor-lightbox-title=\"\u5fae\u4fe1\u56fe\u7247_20250530140317\" data-e-action-hash=\"#elementor-action%3Aaction%3Dlightbox%26settings%3DeyJpZCI6NDEyNiwidXJsIjoiaHR0cHM6XC9cL3d3dy55dHJvbGxmb3JtaW5nbWFjaGluZS5jb21cL3dwLWNvbnRlbnRcL3VwbG9hZHNcLzIwMjZcLzAzXC9cdTVmYWVcdTRmZTFcdTU2ZmVcdTcyNDdfMjAyNTA1MzAxNDAzMTcud2VicCIsInNsaWRlc2hvdyI6ImY5ZDFjZDYifQ%3D%3D\">\n\t\t\t\t\t<div class=\"e-gallery-image elementor-gallery-item__image\" data-thumbnail=\"https:\/\/www.ytrollformingmachine.com\/wp-content\/uploads\/2026\/03\/\u5fae\u4fe1\u56fe\u7247_20250530140317.webp\" data-width=\"1332\" data-height=\"890\" aria-label=\"\" role=\"img\" ><\/div>\n\t\t\t\t\t\t\t\t\t\t\t<div class=\"elementor-gallery-item__overlay\"><\/div>\n\t\t\t\t\t\t\t\t\t\t\t\t\t\t<\/a>\n\t\t\t\t\t\t\t<a class=\"e-gallery-item elementor-gallery-item elementor-animated-content\" href=\"https:\/\/www.ytrollformingmachine.com\/wp-content\/uploads\/2026\/03\/\u5fae\u4fe1\u56fe\u7247_20250530140648.webp\" data-elementor-open-lightbox=\"yes\" data-elementor-lightbox-slideshow=\"f9d1cd6\" data-elementor-lightbox-title=\"\u5fae\u4fe1\u56fe\u7247_20250530140648\" data-e-action-hash=\"#elementor-action%3Aaction%3Dlightbox%26settings%3DeyJpZCI6NDEyNywidXJsIjoiaHR0cHM6XC9cL3d3dy55dHJvbGxmb3JtaW5nbWFjaGluZS5jb21cL3dwLWNvbnRlbnRcL3VwbG9hZHNcLzIwMjZcLzAzXC9cdTVmYWVcdTRmZTFcdTU2ZmVcdTcyNDdfMjAyNTA1MzAxNDA2NDgud2VicCIsInNsaWRlc2hvdyI6ImY5ZDFjZDYifQ%3D%3D\">\n\t\t\t\t\t<div class=\"e-gallery-image elementor-gallery-item__image\" data-thumbnail=\"https:\/\/www.ytrollformingmachine.com\/wp-content\/uploads\/2026\/03\/\u5fae\u4fe1\u56fe\u7247_20250530140648.webp\" data-width=\"1706\" data-height=\"1279\" aria-label=\"\" role=\"img\" ><\/div>\n\t\t\t\t\t\t\t\t\t\t\t<div class=\"elementor-gallery-item__overlay\"><\/div>\n\t\t\t\t\t\t\t\t\t\t\t\t\t\t<\/a>\n\t\t\t\t\t\t\t<a class=\"e-gallery-item elementor-gallery-item elementor-animated-content\" href=\"https:\/\/www.ytrollformingmachine.com\/wp-content\/uploads\/2026\/03\/\u5fae\u4fe1\u56fe\u7247_20250530140652.webp\" data-elementor-open-lightbox=\"yes\" data-elementor-lightbox-slideshow=\"f9d1cd6\" data-elementor-lightbox-title=\"\u5fae\u4fe1\u56fe\u7247_20250530140652\" data-e-action-hash=\"#elementor-action%3Aaction%3Dlightbox%26settings%3DeyJpZCI6NDEyOCwidXJsIjoiaHR0cHM6XC9cL3d3dy55dHJvbGxmb3JtaW5nbWFjaGluZS5jb21cL3dwLWNvbnRlbnRcL3VwbG9hZHNcLzIwMjZcLzAzXC9cdTVmYWVcdTRmZTFcdTU2ZmVcdTcyNDdfMjAyNTA1MzAxNDA2NTIud2VicCIsInNsaWRlc2hvdyI6ImY5ZDFjZDYifQ%3D%3D\">\n\t\t\t\t\t<div class=\"e-gallery-image elementor-gallery-item__image\" data-thumbnail=\"https:\/\/www.ytrollformingmachine.com\/wp-content\/uploads\/2026\/03\/\u5fae\u4fe1\u56fe\u7247_20250530140652.webp\" data-width=\"1706\" data-height=\"1279\" aria-label=\"\" role=\"img\" ><\/div>\n\t\t\t\t\t\t\t\t\t\t\t<div class=\"elementor-gallery-item__overlay\"><\/div>\n\t\t\t\t\t\t\t\t\t\t\t\t\t\t<\/a>\n\t\t\t\t\t\t\t<a class=\"e-gallery-item elementor-gallery-item elementor-animated-content\" href=\"https:\/\/www.ytrollformingmachine.com\/wp-content\/uploads\/2026\/03\/\u5fae\u4fe1\u56fe\u7247_20260113154304_67_1393.webp\" data-elementor-open-lightbox=\"yes\" data-elementor-lightbox-slideshow=\"f9d1cd6\" data-elementor-lightbox-title=\"\u5fae\u4fe1\u56fe\u7247_20260113154304_67_1393\" data-e-action-hash=\"#elementor-action%3Aaction%3Dlightbox%26settings%3DeyJpZCI6NDEyOSwidXJsIjoiaHR0cHM6XC9cL3d3dy55dHJvbGxmb3JtaW5nbWFjaGluZS5jb21cL3dwLWNvbnRlbnRcL3VwbG9hZHNcLzIwMjZcLzAzXC9cdTVmYWVcdTRmZTFcdTU2ZmVcdTcyNDdfMjAyNjAxMTMxNTQzMDRfNjdfMTM5My53ZWJwIiwic2xpZGVzaG93IjoiZjlkMWNkNiJ9\">\n\t\t\t\t\t<div class=\"e-gallery-image elementor-gallery-item__image\" data-thumbnail=\"https:\/\/www.ytrollformingmachine.com\/wp-content\/uploads\/2026\/03\/\u5fae\u4fe1\u56fe\u7247_20260113154304_67_1393.webp\" data-width=\"1671\" data-height=\"1279\" aria-label=\"\" role=\"img\" ><\/div>\n\t\t\t\t\t\t\t\t\t\t\t<div class=\"elementor-gallery-item__overlay\"><\/div>\n\t\t\t\t\t\t\t\t\t\t\t\t\t\t<\/a>\n\t\t\t\t\t<\/div>\n\t\t\t\t\t<\/div>\n\t\t\t\t\t<\/div>\n\t\t\t\t<\/div>\n\t\t\t\t<\/div>","protected":false},"excerpt":{"rendered":"<p>Client Visit Welcome to Cangzhou Yituo Cold Bending Technology Co., Ltd. Every visit is a gesture of trust; every exchange paves the way for mutual benefit. Recently, clients from all over the world traveled across mountains and seas to Cangzhou Yituo Cold Bending Technology Co., Ltd. to conduct on-site inspections of the entire R&amp;D and [&hellip;]<\/p>\n","protected":false},"author":1,"featured_media":0,"parent":0,"menu_order":0,"comment_status":"closed","ping_status":"closed","template":"","meta":{"footnotes":""},"class_list":["post-4116","page","type-page","status-publish","hentry"],"yoast_head":"<!-- This site is optimized with the Yoast SEO plugin v27.1.1 - https:\/\/yoast.com\/product\/yoast-seo-wordpress\/ -->\n<title>Client visit - YiTuo<\/title>\n<meta name=\"robots\" content=\"index, follow, max-snippet:-1, max-image-preview:large, max-video-preview:-1\" \/>\n<link rel=\"canonical\" href=\"https:\/\/www.ytrollformingmachine.com\/fr\/client-visit\/\" \/>\n<meta property=\"og:locale\" content=\"fr_FR\" \/>\n<meta property=\"og:type\" content=\"article\" \/>\n<meta property=\"og:title\" content=\"Client visit - YiTuo\" \/>\n<meta property=\"og:description\" content=\"Client Visit Welcome to Cangzhou Yituo Cold Bending Technology Co., Ltd. Every visit is a gesture of trust; every exchange paves the way for mutual benefit. Recently, clients from all over the world traveled across mountains and seas to Cangzhou Yituo Cold Bending Technology Co., Ltd. to conduct on-site inspections of the entire R&amp;D and [&hellip;]\" \/>\n<meta property=\"og:url\" content=\"https:\/\/www.ytrollformingmachine.com\/fr\/client-visit\/\" \/>\n<meta property=\"og:site_name\" content=\"YiTuo\" \/>\n<meta property=\"article:modified_time\" content=\"2026-03-10T14:32:58+00:00\" \/>\n<meta name=\"twitter:card\" content=\"summary_large_image\" \/>\n<meta name=\"twitter:label1\" content=\"Dur\u00e9e de lecture estim\u00e9e\" \/>\n\t<meta name=\"twitter:data1\" content=\"2 minutes\" \/>\n<script type=\"application\/ld+json\" class=\"yoast-schema-graph\">{\"@context\":\"https:\/\/schema.org\",\"@graph\":[{\"@type\":\"WebPage\",\"@id\":\"https:\/\/www.ytrollformingmachine.com\/client-visit\/\",\"url\":\"https:\/\/www.ytrollformingmachine.com\/client-visit\/\",\"name\":\"Client visit - YiTuo\",\"isPartOf\":{\"@id\":\"https:\/\/www.ytrollformingmachine.com\/#website\"},\"datePublished\":\"2026-03-04T07:19:17+00:00\",\"dateModified\":\"2026-03-10T14:32:58+00:00\",\"breadcrumb\":{\"@id\":\"https:\/\/www.ytrollformingmachine.com\/client-visit\/#breadcrumb\"},\"inLanguage\":\"fr-FR\",\"potentialAction\":[{\"@type\":\"ReadAction\",\"target\":[\"https:\/\/www.ytrollformingmachine.com\/client-visit\/\"]}]},{\"@type\":\"BreadcrumbList\",\"@id\":\"https:\/\/www.ytrollformingmachine.com\/client-visit\/#breadcrumb\",\"itemListElement\":[{\"@type\":\"ListItem\",\"position\":1,\"name\":\"Home\",\"item\":\"https:\/\/www.ytrollformingmachine.com\/\"},{\"@type\":\"ListItem\",\"position\":2,\"name\":\"Client visit\"}]},{\"@type\":\"WebSite\",\"@id\":\"https:\/\/www.ytrollformingmachine.com\/#website\",\"url\":\"https:\/\/www.ytrollformingmachine.com\/\",\"name\":\"YiTuo\",\"description\":\"Cold Bending\",\"potentialAction\":[{\"@type\":\"SearchAction\",\"target\":{\"@type\":\"EntryPoint\",\"urlTemplate\":\"https:\/\/www.ytrollformingmachine.com\/?s={search_term_string}\"},\"query-input\":{\"@type\":\"PropertyValueSpecification\",\"valueRequired\":true,\"valueName\":\"search_term_string\"}}],\"inLanguage\":\"fr-FR\"}]}<\/script>\n<!-- \/ Yoast SEO plugin. -->","yoast_head_json":{"title":"Visite d'un client - YiTuo","robots":{"index":"index","follow":"follow","max-snippet":"max-snippet:-1","max-image-preview":"max-image-preview:large","max-video-preview":"max-video-preview:-1"},"canonical":"https:\/\/www.ytrollformingmachine.com\/fr\/client-visit\/","og_locale":"fr_FR","og_type":"article","og_title":"Client visit - YiTuo","og_description":"Client Visit Welcome to Cangzhou Yituo Cold Bending Technology Co., Ltd. Every visit is a gesture of trust; every exchange paves the way for mutual benefit. Recently, clients from all over the world traveled across mountains and seas to Cangzhou Yituo Cold Bending Technology Co., Ltd. to conduct on-site inspections of the entire R&amp;D and [&hellip;]","og_url":"https:\/\/www.ytrollformingmachine.com\/fr\/client-visit\/","og_site_name":"YiTuo","article_modified_time":"2026-03-10T14:32:58+00:00","twitter_card":"summary_large_image","twitter_misc":{"Dur\u00e9e de lecture estim\u00e9e":"2 minutes"},"schema":{"@context":"https:\/\/schema.org","@graph":[{"@type":"WebPage","@id":"https:\/\/www.ytrollformingmachine.com\/client-visit\/","url":"https:\/\/www.ytrollformingmachine.com\/client-visit\/","name":"Visite d'un client - YiTuo","isPartOf":{"@id":"https:\/\/www.ytrollformingmachine.com\/#website"},"datePublished":"2026-03-04T07:19:17+00:00","dateModified":"2026-03-10T14:32:58+00:00","breadcrumb":{"@id":"https:\/\/www.ytrollformingmachine.com\/client-visit\/#breadcrumb"},"inLanguage":"fr-FR","potentialAction":[{"@type":"ReadAction","target":["https:\/\/www.ytrollformingmachine.com\/client-visit\/"]}]},{"@type":"BreadcrumbList","@id":"https:\/\/www.ytrollformingmachine.com\/client-visit\/#breadcrumb","itemListElement":[{"@type":"ListItem","position":1,"name":"Home","item":"https:\/\/www.ytrollformingmachine.com\/"},{"@type":"ListItem","position":2,"name":"Client visit"}]},{"@type":"WebSite","@id":"https:\/\/www.ytrollformingmachine.com\/#website","url":"https:\/\/www.ytrollformingmachine.com\/","name":"YiTuo","description":"Cintrage \u00e0 froid","potentialAction":[{"@type":"SearchAction","target":{"@type":"EntryPoint","urlTemplate":"https:\/\/www.ytrollformingmachine.com\/?s={search_term_string}"},"query-input":{"@type":"PropertyValueSpecification","valueRequired":true,"valueName":"search_term_string"}}],"inLanguage":"fr-FR"}]}},"_hostinger_reach_plugin_has_subscription_block":false,"_hostinger_reach_plugin_is_elementor":false,"_links":{"self":[{"href":"https:\/\/www.ytrollformingmachine.com\/fr\/wp-json\/wp\/v2\/pages\/4116","targetHints":{"allow":["GET"]}}],"collection":[{"href":"https:\/\/www.ytrollformingmachine.com\/fr\/wp-json\/wp\/v2\/pages"}],"about":[{"href":"https:\/\/www.ytrollformingmachine.com\/fr\/wp-json\/wp\/v2\/types\/page"}],"author":[{"embeddable":true,"href":"https:\/\/www.ytrollformingmachine.com\/fr\/wp-json\/wp\/v2\/users\/1"}],"replies":[{"embeddable":true,"href":"https:\/\/www.ytrollformingmachine.com\/fr\/wp-json\/wp\/v2\/comments?post=4116"}],"version-history":[{"count":7,"href":"https:\/\/www.ytrollformingmachine.com\/fr\/wp-json\/wp\/v2\/pages\/4116\/revisions"}],"predecessor-version":[{"id":4523,"href":"https:\/\/www.ytrollformingmachine.com\/fr\/wp-json\/wp\/v2\/pages\/4116\/revisions\/4523"}],"wp:attachment":[{"href":"https:\/\/www.ytrollformingmachine.com\/fr\/wp-json\/wp\/v2\/media?parent=4116"}],"curies":[{"name":"wp","href":"https:\/\/api.w.org\/{rel}","templated":true}]}}