{"id":4148,"date":"2026-03-04T07:54:48","date_gmt":"2026-03-04T07:54:48","guid":{"rendered":"https:\/\/www.ytrollformingmachine.com\/?page_id=4148"},"modified":"2026-03-10T14:56:17","modified_gmt":"2026-03-10T14:56:17","slug":"customized-service","status":"publish","type":"page","link":"https:\/\/www.ytrollformingmachine.com\/es\/customized-service\/","title":{"rendered":"Servicio personalizado"},"content":{"rendered":"<div data-elementor-type=\"wp-page\" data-elementor-id=\"4148\" class=\"elementor elementor-4148\" data-elementor-post-type=\"page\">\n\t\t\t\t<div class=\"elementor-element elementor-element-5ea0b3a e-flex e-con-boxed e-con e-parent\" data-id=\"5ea0b3a\" data-element_type=\"container\" data-e-type=\"container\">\n\t\t\t\t\t<div class=\"e-con-inner\">\n\t\t\t\t<div class=\"elementor-element elementor-element-6e4b52d elementor-widget elementor-widget-heading\" data-id=\"6e4b52d\" data-element_type=\"widget\" data-e-type=\"widget\" data-widget_type=\"heading.default\">\n\t\t\t\t\t<h2 class=\"elementor-heading-title elementor-size-default\">Servicio personalizado\n<\/h2>\t\t\t\t<\/div>\n\t\t\t\t<div class=\"elementor-element elementor-element-81013de elementor-widget elementor-widget-text-editor\" data-id=\"81013de\" data-element_type=\"widget\" data-e-type=\"widget\" data-widget_type=\"text-editor.default\">\n\t\t\t\t\t\t\t\t\t<p>Estamos especializados en ofrecer soluciones integrales y a medida para perfiles met\u00e1licos conformados en fr\u00edo.<\/p><p><strong>Principales ventajas de la personalizaci\u00f3n<\/strong>:<\/p><p>1. Respuesta flexible: Desarrollo r\u00e1pido de utillajes a partir de sus planos o muestras para producir secciones no est\u00e1ndar con geometr\u00edas complejas.<br \/>2. Colaboraci\u00f3n eficaz: Nuestro equipo ofrece asistencia t\u00e9cnica integral, desde la selecci\u00f3n de materiales y la optimizaci\u00f3n de secciones hasta los procesos de producci\u00f3n, para garantizar unos resultados \u00f3ptimos de los productos.<br \/>3. Coste y eficiencia: Los procesos continuos de perfilado reducen significativamente los costes unitarios y el desperdicio de material, especialmente adecuados para la producci\u00f3n a medida a mediana y gran escala.<\/p><p><strong>Amplias aplicaciones:<\/strong><br \/>Independientemente de su sector, respaldamos cualquier aplicaci\u00f3n que implique componentes estructurales met\u00e1licos. Los usos t\u00edpicos incluyen:<\/p><p>- Energ\u00eda verde: Sistemas de montaje fotovoltaico a medida y componentes de seguimiento solar.<br \/>- Acabado arquitect\u00f3nico: entramado de muros cortina, perfiles de revestimiento de techos y paredes a medida, estructuras ligeras de acero.<br \/>- Automoci\u00f3n y log\u00edstica: Esqueletos de carrocer\u00eda de veh\u00edculos, estanter\u00edas de almac\u00e9n, carriles gu\u00eda de sistemas transportadores.<br \/>- Infraestructuras: Barandillas, soportes de puentes, conductos de ventilaci\u00f3n, etc.<\/p><p>Env\u00edenos sus conceptos de dise\u00f1o o muestras, y transformaremos su visi\u00f3n en productos fiables con precisi\u00f3n.<\/p>\t\t\t\t\t\t\t\t<\/div>\n\t\t\t\t\t<\/div>\n\t\t\t\t<\/div>\n\t\t\t\t<\/div>","protected":false},"excerpt":{"rendered":"<p>Customized Service We specialise in providing comprehensive, bespoke solutions for cold-formed metal profiles. Core Customisation Advantages: 1. Flexible Response: Rapid tooling development based on your drawings or samples to produce non-standard sections with complex geometries.2. Efficient Collaboration: Our team provides end-to-end technical support\u2014from material selection and section optimisation to production processes\u2014ensuring optimal product outcomes.3. Cost [&hellip;]<\/p>\n","protected":false},"author":1,"featured_media":4136,"parent":0,"menu_order":0,"comment_status":"closed","ping_status":"closed","template":"","meta":{"footnotes":""},"class_list":["post-4148","page","type-page","status-publish","has-post-thumbnail","hentry"],"yoast_head":"<!-- This site is optimized with the Yoast SEO plugin v27.1.1 - https:\/\/yoast.com\/product\/yoast-seo-wordpress\/ -->\n<title>Customized service - YiTuo<\/title>\n<meta name=\"robots\" content=\"index, follow, max-snippet:-1, max-image-preview:large, max-video-preview:-1\" \/>\n<link rel=\"canonical\" href=\"https:\/\/www.ytrollformingmachine.com\/es\/customized-service\/\" \/>\n<meta property=\"og:locale\" content=\"es_ES\" \/>\n<meta property=\"og:type\" content=\"article\" \/>\n<meta property=\"og:title\" content=\"Customized service - YiTuo\" \/>\n<meta property=\"og:description\" content=\"Customized Service We specialise in providing comprehensive, bespoke solutions for cold-formed metal profiles. Core Customisation Advantages: 1. Flexible Response: Rapid tooling development based on your drawings or samples to produce non-standard sections with complex geometries.2. Efficient Collaboration: Our team provides end-to-end technical support\u2014from material selection and section optimisation to production processes\u2014ensuring optimal product outcomes.3. Cost [&hellip;]\" \/>\n<meta property=\"og:url\" content=\"https:\/\/www.ytrollformingmachine.com\/es\/customized-service\/\" \/>\n<meta property=\"og:site_name\" content=\"YiTuo\" \/>\n<meta property=\"article:modified_time\" content=\"2026-03-10T14:56:17+00:00\" \/>\n<meta property=\"og:image\" content=\"https:\/\/www.ytrollformingmachine.com\/wp-content\/uploads\/2026\/03\/\u89e3\u51b3\u65b9\u6848-scaled.webp\" \/>\n\t<meta property=\"og:image:width\" content=\"2560\" \/>\n\t<meta property=\"og:image:height\" content=\"1707\" \/>\n\t<meta property=\"og:image:type\" content=\"image\/webp\" \/>\n<meta name=\"twitter:card\" content=\"summary_large_image\" \/>\n<meta name=\"twitter:label1\" content=\"Tiempo de lectura\" \/>\n\t<meta name=\"twitter:data1\" content=\"1 minuto\" \/>\n<script type=\"application\/ld+json\" class=\"yoast-schema-graph\">{\"@context\":\"https:\/\/schema.org\",\"@graph\":[{\"@type\":\"WebPage\",\"@id\":\"https:\/\/www.ytrollformingmachine.com\/customized-service\/\",\"url\":\"https:\/\/www.ytrollformingmachine.com\/customized-service\/\",\"name\":\"Customized service - YiTuo\",\"isPartOf\":{\"@id\":\"https:\/\/www.ytrollformingmachine.com\/#website\"},\"primaryImageOfPage\":{\"@id\":\"https:\/\/www.ytrollformingmachine.com\/customized-service\/#primaryimage\"},\"image\":{\"@id\":\"https:\/\/www.ytrollformingmachine.com\/customized-service\/#primaryimage\"},\"thumbnailUrl\":\"https:\/\/www.ytrollformingmachine.com\/wp-content\/uploads\/2026\/03\/\u89e3\u51b3\u65b9\u6848-scaled.webp\",\"datePublished\":\"2026-03-04T07:54:48+00:00\",\"dateModified\":\"2026-03-10T14:56:17+00:00\",\"breadcrumb\":{\"@id\":\"https:\/\/www.ytrollformingmachine.com\/customized-service\/#breadcrumb\"},\"inLanguage\":\"es\",\"potentialAction\":[{\"@type\":\"ReadAction\",\"target\":[\"https:\/\/www.ytrollformingmachine.com\/customized-service\/\"]}]},{\"@type\":\"ImageObject\",\"inLanguage\":\"es\",\"@id\":\"https:\/\/www.ytrollformingmachine.com\/customized-service\/#primaryimage\",\"url\":\"https:\/\/www.ytrollformingmachine.com\/wp-content\/uploads\/2026\/03\/\u89e3\u51b3\u65b9\u6848-scaled.webp\",\"contentUrl\":\"https:\/\/www.ytrollformingmachine.com\/wp-content\/uploads\/2026\/03\/\u89e3\u51b3\u65b9\u6848-scaled.webp\",\"width\":2560,\"height\":1707},{\"@type\":\"BreadcrumbList\",\"@id\":\"https:\/\/www.ytrollformingmachine.com\/customized-service\/#breadcrumb\",\"itemListElement\":[{\"@type\":\"ListItem\",\"position\":1,\"name\":\"Home\",\"item\":\"https:\/\/www.ytrollformingmachine.com\/\"},{\"@type\":\"ListItem\",\"position\":2,\"name\":\"Customized service\"}]},{\"@type\":\"WebSite\",\"@id\":\"https:\/\/www.ytrollformingmachine.com\/#website\",\"url\":\"https:\/\/www.ytrollformingmachine.com\/\",\"name\":\"YiTuo\",\"description\":\"Cold Bending\",\"potentialAction\":[{\"@type\":\"SearchAction\",\"target\":{\"@type\":\"EntryPoint\",\"urlTemplate\":\"https:\/\/www.ytrollformingmachine.com\/?s={search_term_string}\"},\"query-input\":{\"@type\":\"PropertyValueSpecification\",\"valueRequired\":true,\"valueName\":\"search_term_string\"}}],\"inLanguage\":\"es\"}]}<\/script>\n<!-- \/ Yoast SEO plugin. -->","yoast_head_json":{"title":"Servicio personalizado - YiTuo","robots":{"index":"index","follow":"follow","max-snippet":"max-snippet:-1","max-image-preview":"max-image-preview:large","max-video-preview":"max-video-preview:-1"},"canonical":"https:\/\/www.ytrollformingmachine.com\/es\/customized-service\/","og_locale":"es_ES","og_type":"article","og_title":"Customized service - YiTuo","og_description":"Customized Service We specialise in providing comprehensive, bespoke solutions for cold-formed metal profiles. Core Customisation Advantages: 1. Flexible Response: Rapid tooling development based on your drawings or samples to produce non-standard sections with complex geometries.2. Efficient Collaboration: Our team provides end-to-end technical support\u2014from material selection and section optimisation to production processes\u2014ensuring optimal product outcomes.3. Cost [&hellip;]","og_url":"https:\/\/www.ytrollformingmachine.com\/es\/customized-service\/","og_site_name":"YiTuo","article_modified_time":"2026-03-10T14:56:17+00:00","og_image":[{"width":2560,"height":1707,"url":"https:\/\/www.ytrollformingmachine.com\/wp-content\/uploads\/2026\/03\/\u89e3\u51b3\u65b9\u6848-scaled.webp","type":"image\/webp"}],"twitter_card":"summary_large_image","twitter_misc":{"Tiempo de lectura":"1 minuto"},"schema":{"@context":"https:\/\/schema.org","@graph":[{"@type":"WebPage","@id":"https:\/\/www.ytrollformingmachine.com\/customized-service\/","url":"https:\/\/www.ytrollformingmachine.com\/customized-service\/","name":"Servicio personalizado - YiTuo","isPartOf":{"@id":"https:\/\/www.ytrollformingmachine.com\/#website"},"primaryImageOfPage":{"@id":"https:\/\/www.ytrollformingmachine.com\/customized-service\/#primaryimage"},"image":{"@id":"https:\/\/www.ytrollformingmachine.com\/customized-service\/#primaryimage"},"thumbnailUrl":"https:\/\/www.ytrollformingmachine.com\/wp-content\/uploads\/2026\/03\/\u89e3\u51b3\u65b9\u6848-scaled.webp","datePublished":"2026-03-04T07:54:48+00:00","dateModified":"2026-03-10T14:56:17+00:00","breadcrumb":{"@id":"https:\/\/www.ytrollformingmachine.com\/customized-service\/#breadcrumb"},"inLanguage":"es","potentialAction":[{"@type":"ReadAction","target":["https:\/\/www.ytrollformingmachine.com\/customized-service\/"]}]},{"@type":"ImageObject","inLanguage":"es","@id":"https:\/\/www.ytrollformingmachine.com\/customized-service\/#primaryimage","url":"https:\/\/www.ytrollformingmachine.com\/wp-content\/uploads\/2026\/03\/\u89e3\u51b3\u65b9\u6848-scaled.webp","contentUrl":"https:\/\/www.ytrollformingmachine.com\/wp-content\/uploads\/2026\/03\/\u89e3\u51b3\u65b9\u6848-scaled.webp","width":2560,"height":1707},{"@type":"BreadcrumbList","@id":"https:\/\/www.ytrollformingmachine.com\/customized-service\/#breadcrumb","itemListElement":[{"@type":"ListItem","position":1,"name":"Home","item":"https:\/\/www.ytrollformingmachine.com\/"},{"@type":"ListItem","position":2,"name":"Customized service"}]},{"@type":"WebSite","@id":"https:\/\/www.ytrollformingmachine.com\/#website","url":"https:\/\/www.ytrollformingmachine.com\/","name":"YiTuo","description":"Doblado en fr\u00edo","potentialAction":[{"@type":"SearchAction","target":{"@type":"EntryPoint","urlTemplate":"https:\/\/www.ytrollformingmachine.com\/?s={search_term_string}"},"query-input":{"@type":"PropertyValueSpecification","valueRequired":true,"valueName":"search_term_string"}}],"inLanguage":"es"}]}},"_hostinger_reach_plugin_has_subscription_block":false,"_hostinger_reach_plugin_is_elementor":false,"_links":{"self":[{"href":"https:\/\/www.ytrollformingmachine.com\/es\/wp-json\/wp\/v2\/pages\/4148","targetHints":{"allow":["GET"]}}],"collection":[{"href":"https:\/\/www.ytrollformingmachine.com\/es\/wp-json\/wp\/v2\/pages"}],"about":[{"href":"https:\/\/www.ytrollformingmachine.com\/es\/wp-json\/wp\/v2\/types\/page"}],"author":[{"embeddable":true,"href":"https:\/\/www.ytrollformingmachine.com\/es\/wp-json\/wp\/v2\/users\/1"}],"replies":[{"embeddable":true,"href":"https:\/\/www.ytrollformingmachine.com\/es\/wp-json\/wp\/v2\/comments?post=4148"}],"version-history":[{"count":7,"href":"https:\/\/www.ytrollformingmachine.com\/es\/wp-json\/wp\/v2\/pages\/4148\/revisions"}],"predecessor-version":[{"id":4539,"href":"https:\/\/www.ytrollformingmachine.com\/es\/wp-json\/wp\/v2\/pages\/4148\/revisions\/4539"}],"wp:featuredmedia":[{"embeddable":true,"href":"https:\/\/www.ytrollformingmachine.com\/es\/wp-json\/wp\/v2\/media\/4136"}],"wp:attachment":[{"href":"https:\/\/www.ytrollformingmachine.com\/es\/wp-json\/wp\/v2\/media?parent=4148"}],"curies":[{"name":"wp","href":"https:\/\/api.w.org\/{rel}","templated":true}]}}